{"id":10315,"date":"2024-05-20T10:48:56","date_gmt":"2024-05-20T10:48:56","guid":{"rendered":"https:\/\/internacional.ulpgc.es\/?page_id=10315"},"modified":"2024-05-21T08:25:13","modified_gmt":"2024-05-21T08:25:13","slug":"programa-sesiones-paralelas","status":"publish","type":"page","link":"https:\/\/internacional.ulpgc.es\/en\/international-campus\/continental-structure\/africa\/espanol-bridge-to-africa\/programa-sesiones-paralelas\/","title":{"rendered":"PROGRAMA &#8211; Parallel sessions"},"content":{"rendered":"<div class=\"wpb-content-wrapper\"><p>[vc_row][vc_column][vc_raw_html css=&#8221;&#8221;]JTNDZGl2JTIwY2xhc3MlM0QlMjJydC12Yy10ZXh0LXRpdGxlJTIwJTIwc3R5bGUxJTIwY2VudGVyJTIyJTNFJTBBJTA5JTNDaDElMjBjbGFzcyUzRCUyMnJ0aW4tdGl0bGUlMjIlM0VCUklER0UlMjB0byUyMEFGUklDQSUyMC0lMjAwNSUyMFBhcmFsbGVsJTIwc2Vzc2lvbnMuJTIwQ2FzYSUyMCVDMyU4MWZyaWNhJTIwJTI2JTIwVUxQR0MlM0MlMkZoMSUzRSUwQSUzQ2gyJTNFJTIwMjAtMjUlMjBNQVkuJTIwMjAyNCUzQyUyRmgyJTNFJTBBJTNDJTJGZGl2JTNFJTBBJTNDJTJGZGl2JTNF[\/vc_raw_html][\/vc_column][\/vc_row][vc_row][vc_column][vc_tta_accordion][vc_tta_section title=&#8221;Monday 20th &#8211; Welcome&#8221; tab_id=&#8221;1703073972503-574e0630-3d17&#8243;][vc_column_text css=&#8221;&#8221;]<strong>Location:<\/strong> <a href=\"https:\/\/maps.app.goo.gl\/DiLkDqFD3o7KDsjS7\" target=\"_blank\" rel=\"noopener\">Central Building of the University Library, Jameos del Agua Hall. Tafira Campus.<\/a><\/p>\n<p><strong>11:30\u00a0 <\/strong>Parallel Session \/ Exhibition: Africarescente &#8211; <strong>Marcos Bola\u00f1os and Nereida Castro.<\/strong>[\/vc_column_text][\/vc_tta_section][vc_tta_section title=&#8221;Tuesday 21st &#8211; Environmental Axis.&#8221; tab_id=&#8221;1703073972517-de387dfe-f633&#8243;][vc_column_text css=&#8221;&#8221;]<strong>11:30\u00a0\u00a0 Sesi\u00f3n paralela\/ Mesa Redonda. Sala 26 de abril, Sede institucional, ULPGC.<\/strong><\/p>\n<p><strong>\u00a0\u00a0\u00a0\u00a0\u00a0\u00a0\u00a0\u00a0\u00a0\u00a0\u00a0 El papel del Sistema Universitario Espa\u00f1ol en \u00c1frica.<\/strong> <strong>\u00a0<\/strong><\/p>\n<ul>\n<li><strong>Teresa Langle, <\/strong>Directora ejecutiva. Fundaci\u00f3n Mujeres por \u00c1frica.<\/li>\n<li><strong>Junkal Guti\u00e9rrez, <\/strong>Vicerrectora de Euskera, Cultura e Internacionalizaci\u00f3n de la Universidad del Pa\u00eds Vasco.<\/li>\n<li><strong>Inmaculada Gonz\u00e1lez, <\/strong>Vicerrectora de Internacionalizaci\u00f3n de la Universidad de La Laguna.<\/li>\n<li><strong>Rosa M\u00ba Mart\u00ednez,<\/strong> Vicerrectora de Internacionalizaci\u00f3n y Cooperaci\u00f3n al Desarrollo de la Universidad de Alicante.<\/li>\n<li><strong>F\u00e1tima Terol, <\/strong>Consejera T\u00e9cnica de la Unidad Internacional del SEPIE.<\/li>\n<li><strong>Domingo Barrera, <\/strong>Asesor Regional para \u00c1frica de la Universidad de Granada.<\/li>\n<\/ul>\n<p>[\/vc_column_text][\/vc_tta_section][vc_tta_section title=&#8221;Wednesday 22nd &#8211; Health Axis&#8221; tab_id=&#8221;1703074216662-1e8ba869-ff41&#8243;][\/vc_tta_section][vc_tta_section title=&#8221;Thursday 23rd &#8211; Social Axis&#8221; tab_id=&#8221;1703074217581-b3a68e29-2023&#8243;][vc_column_text css=&#8221;&#8221;]<strong>09:30 Sesi\u00f3n Paralela\/Taller. Sede de la ULPGC. Espacio de entrada.<\/strong><\/p>\n<p><strong>\u00a0\u00a0\u00a0\u00a0\u00a0\u00a0\u00a0\u00a0\u00a0\u00a0\u00a0 <\/strong>Arte Educativo. Educaci\u00f3n para la ciudadan\u00eda global, una experiencia educativa inclusiva. Alumnos y profesores de ESO del IES La Isleta y j\u00f3venes inmigrantes alojados en Canarias 50 de origen africano con Agentes Sociales de Cruz Roja. (20-25 participantes)[\/vc_column_text][\/vc_tta_section][vc_tta_section title=&#8221;Friday the 24th &#8211; Economic Axis.&#8221; tab_id=&#8221;1703074312054-3c479a8a-5ad5&#8243;][\/vc_tta_section][vc_tta_section title=&#8221;Saturday 25th &#8211; Africa Day&#8221; tab_id=&#8221;1703075734919-f01eacec-cab1&#8243;][\/vc_tta_section][\/vc_tta_accordion][\/vc_column][\/vc_row]<\/p>\n<\/div>","protected":false},"excerpt":{"rendered":"<p>[vc_row][vc_column][vc_raw_html css=&#8221;&#8221;]JTNDZGl2JTIwY2xhc3MlM0QlMjJydC12Yy10ZXh0LXRpdGxlJTIwJTIwc3R5bGUxJTIwY2VudGVyJTIyJTNFJTBBJTA5JTNDaDElMjBjbGFzcyUzRCUyMnJ0aW4tdGl0bGUlMjIlM0VCUklER0UlMjB0byUyMEFGUklDQSUyMC0lMjAwNSUyMFBhcmFsbGVsJTIwc2Vzc2lvbnMuJTIwQ2FzYSUyMCVDMyU4MWZyaWNhJTIwJTI2JTIwVUxQR0MlM0MlMkZoMSUzRSUwQSUzQ2gyJTNFJTIwMjAtMjUlMjBNQVkuJTIwMjAyNCUzQyUyRmgyJTNFJTBBJTNDJTJGZGl2JTNFJTBBJTNDJTJGZGl2JTNF[\/vc_raw_html][\/vc_column][\/vc_row][vc_row][vc_column][vc_tta_accordion][vc_tta_section title=&#8221;Monday 20th &#8211; Welcome&#8221; tab_id=&#8221;1703073972503-574e0630-3d17&#8243;][vc_column_text css=&#8221;&#8221;]Location: Central Building of the University Library, Jameos del Agua Hall. Tafira Campus. 11:30\u00a0 Parallel Session \/ Exhibition: [&hellip;]<\/p>\n","protected":false},"author":5,"featured_media":0,"parent":9352,"menu_order":0,"comment_status":"closed","ping_status":"closed","template":"","meta":{"_acf_changed":false,"footnotes":""},"categories":[277],"tags":[],"class_list":["post-10315","page","type-page","status-publish","hentry","category-bridge-to-africa"],"acf":[],"_links":{"self":[{"href":"https:\/\/internacional.ulpgc.es\/en\/wp-json\/wp\/v2\/pages\/10315","targetHints":{"allow":["GET"]}}],"collection":[{"href":"https:\/\/internacional.ulpgc.es\/en\/wp-json\/wp\/v2\/pages"}],"about":[{"href":"https:\/\/internacional.ulpgc.es\/en\/wp-json\/wp\/v2\/types\/page"}],"author":[{"embeddable":true,"href":"https:\/\/internacional.ulpgc.es\/en\/wp-json\/wp\/v2\/users\/5"}],"replies":[{"embeddable":true,"href":"https:\/\/internacional.ulpgc.es\/en\/wp-json\/wp\/v2\/comments?post=10315"}],"version-history":[{"count":4,"href":"https:\/\/internacional.ulpgc.es\/en\/wp-json\/wp\/v2\/pages\/10315\/revisions"}],"predecessor-version":[{"id":10331,"href":"https:\/\/internacional.ulpgc.es\/en\/wp-json\/wp\/v2\/pages\/10315\/revisions\/10331"}],"up":[{"embeddable":true,"href":"https:\/\/internacional.ulpgc.es\/en\/wp-json\/wp\/v2\/pages\/9352"}],"wp:attachment":[{"href":"https:\/\/internacional.ulpgc.es\/en\/wp-json\/wp\/v2\/media?parent=10315"}],"wp:term":[{"taxonomy":"category","embeddable":true,"href":"https:\/\/internacional.ulpgc.es\/en\/wp-json\/wp\/v2\/categories?post=10315"},{"taxonomy":"post_tag","embeddable":true,"href":"https:\/\/internacional.ulpgc.es\/en\/wp-json\/wp\/v2\/tags?post=10315"}],"curies":[{"name":"wp","href":"https:\/\/api.w.org\/{rel}","templated":true}]}}