{"id":13246,"date":"2026-01-22T14:12:36","date_gmt":"2026-01-22T14:12:36","guid":{"rendered":"https:\/\/internacional.ulpgc.es\/?page_id=13246"},"modified":"2026-04-13T11:21:23","modified_gmt":"2026-04-13T11:21:23","slug":"xxiv-jornadas-de-internacionalizacion-y-cooperacion-inicio","status":"publish","type":"page","link":"https:\/\/internacional.ulpgc.es\/en\/espanol-xxiv-jornadas-de-internacionalizacion-y-cooperacion\/","title":{"rendered":"(Espa\u00f1ol) XXIV Jornadas DE INTERNACIONALIZACI\u00d3N Y COOPERACI\u00d3N &#8211; CRUE &#8211; ULPGC"},"content":{"rendered":"<p class=\"qtranxs-available-languages-message qtranxs-available-languages-message-en\">Sorry, this entry is only available in <a href=\"https:\/\/internacional.ulpgc.es\/es\/wp-json\/wp\/v2\/pages\/13246\" class=\"qtranxs-available-language-link qtranxs-available-language-link-es\" title=\"Espa\u00f1ol\">Espa\u00f1ol<\/a>.<\/p>","protected":false},"excerpt":{"rendered":"<p>Sorry, this entry is only available in Espa\u00f1ol.<\/p>\n","protected":false},"author":5,"featured_media":0,"parent":0,"menu_order":0,"comment_status":"closed","ping_status":"closed","template":"","meta":{"_acf_changed":false,"footnotes":""},"categories":[325],"tags":[],"class_list":["post-13246","page","type-page","status-publish","hentry","category-jornadas-crue"],"acf":[],"_links":{"self":[{"href":"https:\/\/internacional.ulpgc.es\/en\/wp-json\/wp\/v2\/pages\/13246","targetHints":{"allow":["GET"]}}],"collection":[{"href":"https:\/\/internacional.ulpgc.es\/en\/wp-json\/wp\/v2\/pages"}],"about":[{"href":"https:\/\/internacional.ulpgc.es\/en\/wp-json\/wp\/v2\/types\/page"}],"author":[{"embeddable":true,"href":"https:\/\/internacional.ulpgc.es\/en\/wp-json\/wp\/v2\/users\/5"}],"replies":[{"embeddable":true,"href":"https:\/\/internacional.ulpgc.es\/en\/wp-json\/wp\/v2\/comments?post=13246"}],"version-history":[{"count":10,"href":"https:\/\/internacional.ulpgc.es\/en\/wp-json\/wp\/v2\/pages\/13246\/revisions"}],"predecessor-version":[{"id":14317,"href":"https:\/\/internacional.ulpgc.es\/en\/wp-json\/wp\/v2\/pages\/13246\/revisions\/14317"}],"wp:attachment":[{"href":"https:\/\/internacional.ulpgc.es\/en\/wp-json\/wp\/v2\/media?parent=13246"}],"wp:term":[{"taxonomy":"category","embeddable":true,"href":"https:\/\/internacional.ulpgc.es\/en\/wp-json\/wp\/v2\/categories?post=13246"},{"taxonomy":"post_tag","embeddable":true,"href":"https:\/\/internacional.ulpgc.es\/en\/wp-json\/wp\/v2\/tags?post=13246"}],"curies":[{"name":"wp","href":"https:\/\/api.w.org\/{rel}","templated":true}]}}