{"id":2084,"date":"2018-04-19T18:13:45","date_gmt":"2018-04-19T18:13:45","guid":{"rendered":"https:\/\/internacional.ulpgc.es\/?page_id=2084"},"modified":"2024-11-18T08:59:48","modified_gmt":"2024-11-18T08:59:48","slug":"idiomas-winter","status":"publish","type":"page","link":"https:\/\/internacional.ulpgc.es\/en\/idiomas-winter\/","title":{"rendered":"IDIOMAS &#8211; WINTER"},"content":{"rendered":"<div class=\"wpb-content-wrapper\"><p>Winter School - Tentative Program<\/a><\/h3>\n                <div class=\"text-muted text-small\"><i class=\"fas fa-copy\"><\/i> 1 file(s) <i class=\"fas fa-hdd ml-3\"><\/i> 141.88 KB<\/div>\n            <\/div>\n            <div class=\"ml-3\">\n                <a class='wpdm-download-link download-on-click btn btn-primary ' rel='nofollow' href='#' data-downloadurl=\"https:\/\/internacional.ulpgc.es\/en\/download\/winter-school-tentative-program\/?wpdmdl=8686&refresh=69e8cc5a125c81776864346\">Download<\/a>\n            <\/div>\n        <\/div>\n    <\/div>\n<\/div>\n\n<\/div>\n<div class='w3eden'><!-- WPDM Link Template: Default Template -->\n\n<div class=\"link-template-default card mb-2\">\n    <div class=\"card-body\">\n        <div class=\"media\">\n            <div class=\"mr-3 img-48\"><img decoding=\"async\" class=\"wpdm_icon\" alt=\"Icon\" src=\"https:\/\/internacional.ulpgc.es\/wp-content\/plugins\/download-manager\/assets\/file-type-icons\/pdf.svg\" \/><\/div>\n            <div class=\"media-body\">\n                <h3 class=\"package-title\"><a href='https:\/\/internacional.ulpgc.es\/en\/download\/learning-and-tourism-activities\/'>Learning and Tourism Activities - Winter School<\/a><\/h3>\n                <div class=\"text-muted text-small\"><i class=\"fas fa-copy\"><\/i> 1 file(s) <i class=\"fas fa-hdd ml-3\"><\/i> 477.55 KB<\/div>\n            <\/div>\n            <div class=\"ml-3\">\n                <a class='wpdm-download-link download-on-click btn btn-primary ' rel='nofollow' href='#' data-downloadurl=\"https:\/\/internacional.ulpgc.es\/en\/download\/learning-and-tourism-activities\/?wpdmdl=8692&refresh=69e8cc5a1c7981776864346\">Download<\/a>\n            <\/div>\n        <\/div>\n    <\/div>\n<\/div>\n\n<\/div>\n<div class='w3eden'><!-- WPDM Link Template: Default Template -->\n\n<div class=\"link-template-default card mb-2\">\n    <div class=\"card-body\">\n        <div class=\"media\">\n            <div class=\"mr-3 img-48\"><img decoding=\"async\" class=\"wpdm_icon\" alt=\"Icon\" src=\"https:\/\/internacional.ulpgc.es\/wp-content\/plugins\/download-manager\/assets\/file-type-icons\/pdf.svg\" \/><\/div>\n            <div class=\"media-body\">\n                <h3 class=\"package-title\"><a href='https:\/\/internacional.ulpgc.es\/en\/download\/winter-school-ulpgc-academic-program\/'>Winter School ULPGC - Academic Program<\/a><\/h3>\n                <div class=\"text-muted text-small\"><i class=\"fas fa-copy\"><\/i> 1 file(s) <i class=\"fas fa-hdd ml-3\"><\/i> 746.79 KB<\/div>\n            <\/div>\n            <div class=\"ml-3\">\n                <a class='wpdm-download-link download-on-click btn btn-primary ' rel='nofollow' href='#' data-downloadurl=\"https:\/\/internacional.ulpgc.es\/en\/download\/winter-school-ulpgc-academic-program\/?wpdmdl=8697&refresh=69e8cc5a24e5a1776864346\">Download<\/a>\n            <\/div>\n        <\/div>\n    <\/div>\n<\/div>\n\n<\/div>[\/vc_column_text][vc_separator][vc_btn title=&#8221;VER FOLLETO&#8221; shape=&#8221;square&#8221; size=&#8221;lg&#8221; align=&#8221;center&#8221; css=&#8221;&#8221; button_block=&#8221;true&#8221; link=&#8221;url:https%3A%2F%2Finternacional.ulpgc.es%2Fwp-content%2Fuploads%2F2024%2F11%2FCronograma.-ES.-WINTER-SCHOOL-ULPGC-2025.-Actividades-de-Aprendizaje-y-Turismo-Experiencial.pdf|target:_blank&#8221;][vc_separator][\/vc_column][\/vc_row][vc_row][vc_column width=&#8221;1\/2&#8243;][vc_column_text]<\/p>\n<h3><strong>La isla de Gran Canaria<\/strong><\/h3>\n<p>La Universidad de Las Palmas de Gran Canaria est\u00e1 ubicada en la ciudad de Las Palmas de Gran Canaria, la capital de la isla. Los estudiantes pueden llegar f\u00e1cilmente al campus en autob\u00fas o caminado desde su alojamiento. La ciudad no solo es conocida por tener uno de los mejores climas del mundo y hermosas playas, tambi\u00e9n encontrar\u00e1n una rica oferta cultural como museos que analizan el papel de las Islas Canarias en el descubrimiento del Nuevo Mundo o la historia de los guanches (abor\u00edgenes). A menudo, la isla suene calificarse de mini-continente debido a la sorprendente variedad de sus paisajes con monta\u00f1as verdes en el lado norte que contrastan con las dunas de arena y barrancos \u00e1ridos del sur.[\/vc_column_text][\/vc_column][vc_column width=&#8221;1\/2&#8243;][vc_single_image image=&#8221;4066&#8243; img_size=&#8221;large&#8221;][\/vc_column][\/vc_row][vc_row][vc_column][\/vc_column][\/vc_row][vc_row][vc_column][vc_separator][vc_btn title=&#8221;INSCR\u00cdBETE AQU\u00cd &#8211; WINTER 2025&#8243; shape=&#8221;square&#8221; size=&#8221;lg&#8221; align=&#8221;center&#8221; css=&#8221;&#8221; button_block=&#8221;true&#8221; link=&#8221;url:https%3A%2F%2Finternacional.ulpgc.es%2Fulpgc-winter-school%2F&#8221;][\/vc_column][\/vc_row][vc_row content_placement=&#8221;middle&#8221;][vc_column width=&#8221;11\/12&#8243;][vc_images_carousel images=&#8221;4912,4911,4910,4909,4908,4907,4906,4899,4900,4901,4902,4903,4904,4905,4898,4897,4895,4896,4894,4893,4892,4889,4888&#8243; img_size=&#8221;large&#8221; onclick=&#8221;link_no&#8221; speed=&#8221;3000&#8243; autoplay=&#8221;yes&#8221; hide_pagination_control=&#8221;yes&#8221;][\/vc_column][\/vc_row][vc_row el_class=&#8221;page_con_slide&#8221;][vc_column el_class=&#8221;hidden-xs hidden-sm&#8221;]\n\t\t\t\t<p class=\"rs-p-wp-fix\"><\/p>\n\t\t\t\t<sr7-module data-alias=\"winter-en\" data-id=\"11\" id=\"SR7_11_2\" class=\"rs-ov-hidden\" data-version=\"6.7.53\">\n\t\t\t\t\t<sr7-adjuster><\/sr7-adjuster>\n\t\t\t\t\t<sr7-content>\n\t\t\t\t\t\t<sr7-slide id=\"SR7_11_2-29\" data-key=\"29\">\n\t\t\t\t\t\t\t<sr7-bg id=\"SR7_11_2-29-1\" class=\"sr7-layer\"><noscript><img decoding=\"async\" src=\"https:\/\/internacional.ulpgc.es\/wp-content\/uploads\/2018\/06\/banner-winter.jpg\" alt=\"Winter School\" title=\"Banner Winter School\"><\/noscript><\/sr7-bg>\n\t\t\t\t\t\t<\/sr7-slide>\n\t\t\t\t\t\t<sr7-slide id=\"SR7_11_2-31\" data-key=\"31\">\n\t\t\t\t\t\t\t<sr7-bg id=\"SR7_11_2-31-48\" class=\"sr7-layer\"><noscript><img decoding=\"async\" src=\"https:\/\/internacional.ulpgc.es\/wp-content\/uploads\/2018\/06\/slide16.jpg\" alt=\"Learn Spanish\" title=\"slide16\"><\/noscript><\/sr7-bg>\n\t\t\t\t\t\t\t<sr7-txt id=\"SR7_11_2-31-45\" class=\"sr7-layer\">in an astounding destination!\n<\/sr7-txt>\n\t\t\t\t\t\t\t<sr7-txt id=\"SR7_11_2-31-47\" class=\"sr7-layer\">Learn Spanish<\/sr7-txt>\n\t\t\t\t\t\t<\/sr7-slide>\n\t\t\t\t\t<\/sr7-content>\n\t\t\t\t\t<image_lists style=\"display:none\">\n\t\t\t\t\t\t<img data-src=\"\/\/internacional.ulpgc.es\/wp-content\/uploads\/2018\/06\/ULPGC-IDIOMAS.png\" data-libid=\"2429\" alt=\"ULPGC-IDIOMAS\" title=\"ULPGC-IDIOMAS\" width=\"0\" height=\"0\" data-dbsrc=\"Ly9pbnRlcm5hY2lvbmFsLnVscGdjLmVzL3dwLWNvbnRlbnQvdXBsb2Fkcy8yMDE4LzA2L1VMUEdDLUlESU9NQVMucG5n\"\/>\n\t\t\t\t\t\t<img alt=\"IDIOMAS &#8211; WINTER\" data-src=\"\/\/internacional.ulpgc.es\/wp-content\/uploads\/2018\/06\/fondo-idiomas-intro.jpg\" width=\"0\" height=\"0\" data-dbsrc=\"Ly9pbnRlcm5hY2lvbmFsLnVscGdjLmVzL3dwLWNvbnRlbnQvdXBsb2Fkcy8yMDE4LzA2L2ZvbmRvLWlkaW9tYXMtaW50cm8uanBn\"\/>\n\t\t\t\t\t\t<img alt=\"IDIOMAS &#8211; WINTER\" data-src=\"\/\/internacional.ulpgc.es\/wp-content\/uploads\/2018\/06\/banner-winter.jpg\" width=\"0\" height=\"0\" data-dbsrc=\"Ly9pbnRlcm5hY2lvbmFsLnVscGdjLmVzL3dwLWNvbnRlbnQvdXBsb2Fkcy8yMDE4LzA2L2Jhbm5lci13aW50ZXIuanBn\"\/>\n\t\t\t\t\t\t<img data-src=\"\/\/internacional.ulpgc.es\/wp-content\/uploads\/2018\/06\/logo-slide.png\" data-libid=\"2425\" alt=\"logo-slide\" title=\"logo-slide\" width=\"0\" height=\"0\" data-dbsrc=\"Ly9pbnRlcm5hY2lvbmFsLnVscGdjLmVzL3dwLWNvbnRlbnQvdXBsb2Fkcy8yMDE4LzA2L2xvZ28tc2xpZGUucG5n\"\/>\n\t\t\t\t\t\t<img data-src=\"\/\/internacional.ulpgc.es\/wp-content\/uploads\/2018\/06\/barra-superior-idiomas4.png\" data-libid=\"2634\" alt=\"barra-superior-idiomas4\" title=\"barra-superior-idiomas4\" width=\"0\" height=\"0\" data-dbsrc=\"Ly9pbnRlcm5hY2lvbmFsLnVscGdjLmVzL3dwLWNvbnRlbnQvdXBsb2Fkcy8yMDE4LzA2L2JhcnJhLXN1cGVyaW9yLWlkaW9tYXM0LnBuZw==\"\/>\n\t\t\t\t\t\t<img data-src=\"\/\/internacional.ulpgc.es\/wp-content\/uploads\/2018\/06\/boton-winter.png\" data-libid=\"2495\" alt=\"Ir a Winter School\" title=\"Ir a Winter School\" width=\"0\" height=\"0\" data-dbsrc=\"Ly9pbnRlcm5hY2lvbmFsLnVscGdjLmVzL3dwLWNvbnRlbnQvdXBsb2Fkcy8yMDE4LzA2L2JvdG9uLXdpbnRlci5wbmc=\"\/>\n\t\t\t\t\t\t<img data-src=\"\/\/internacional.ulpgc.es\/wp-content\/uploads\/2018\/06\/boton-summer.png\" data-libid=\"2496\" alt=\"Ir a Summer School\" title=\"Ir a Summer School\" width=\"0\" height=\"0\" data-dbsrc=\"Ly9pbnRlcm5hY2lvbmFsLnVscGdjLmVzL3dwLWNvbnRlbnQvdXBsb2Fkcy8yMDE4LzA2L2JvdG9uLXN1bW1lci5wbmc=\"\/>\n\t\t\t\t\t\t<img data-src=\"\/\/internacional.ulpgc.es\/wp-content\/uploads\/2018\/06\/winter02.png\" data-libid=\"2439\" alt=\"winter02\" title=\"winter02\" width=\"0\" height=\"0\" data-dbsrc=\"Ly9pbnRlcm5hY2lvbmFsLnVscGdjLmVzL3dwLWNvbnRlbnQvdXBsb2Fkcy8yMDE4LzA2L3dpbnRlcjAyLnBuZw==\"\/>\n\t\t\t\t\t\t<img data-src=\"\/\/internacional.ulpgc.es\/wp-content\/uploads\/2018\/06\/summer02.png\" data-libid=\"2440\" alt=\"summer02\" title=\"summer02\" width=\"0\" height=\"0\" data-dbsrc=\"Ly9pbnRlcm5hY2lvbmFsLnVscGdjLmVzL3dwLWNvbnRlbnQvdXBsb2Fkcy8yMDE4LzA2L3N1bW1lcjAyLnBuZw==\"\/>\n\t\t\t\t\t\t<img data-src=\"\/\/internacional.ulpgc.es\/wp-content\/uploads\/2018\/06\/boton-aula.png\" data-libid=\"2491\" alt=\"boton-aula\" title=\"boton-aula\" width=\"0\" height=\"0\" data-dbsrc=\"Ly9pbnRlcm5hY2lvbmFsLnVscGdjLmVzL3dwLWNvbnRlbnQvdXBsb2Fkcy8yMDE4LzA2L2JvdG9uLWF1bGEucG5n\"\/>\n\t\t\t\t\t\t<img data-src=\"\/\/internacional.ulpgc.es\/wp-content\/uploads\/2018\/06\/boton-confucio.png\" data-libid=\"2490\" alt=\"boton-confucio\" title=\"boton-confucio\" width=\"0\" height=\"0\" data-dbsrc=\"Ly9pbnRlcm5hY2lvbmFsLnVscGdjLmVzL3dwLWNvbnRlbnQvdXBsb2Fkcy8yMDE4LzA2L2JvdG9uLWNvbmZ1Y2lvLnBuZw==\"\/>\n\t\t\t\t\t\t<img data-src=\"\/\/internacional.ulpgc.es\/wp-content\/uploads\/2018\/06\/boton-king.png\" data-libid=\"2489\" alt=\"boton-king\" title=\"boton-king\" width=\"0\" height=\"0\" data-dbsrc=\"Ly9pbnRlcm5hY2lvbmFsLnVscGdjLmVzL3dwLWNvbnRlbnQvdXBsb2Fkcy8yMDE4LzA2L2JvdG9uLWtpbmcucG5n\"\/>\n\t\t\t\t\t\t<img alt=\"IDIOMAS &#8211; WINTER\" data-src=\"\/\/internacional.ulpgc.es\/wp-content\/uploads\/2018\/06\/fondo-idiomas-azul3.jpg\" width=\"0\" height=\"0\" data-dbsrc=\"Ly9pbnRlcm5hY2lvbmFsLnVscGdjLmVzL3dwLWNvbnRlbnQvdXBsb2Fkcy8yMDE4LzA2L2ZvbmRvLWlkaW9tYXMtYXp1bDMuanBn\"\/>\n\t\t\t\t\t\t<img alt=\"IDIOMAS &#8211; WINTER\" data-src=\"\/\/internacional.ulpgc.es\/wp-content\/uploads\/2018\/06\/slide16.jpg\" width=\"0\" height=\"0\" data-dbsrc=\"Ly9pbnRlcm5hY2lvbmFsLnVscGdjLmVzL3dwLWNvbnRlbnQvdXBsb2Fkcy8yMDE4LzA2L3NsaWRlMTYuanBn\"\/>\n\t\t\t\t\t<\/image_lists>\n\t\t\t\t<\/sr7-module>\n\t\t\t\t<script>\n\t\t\t\t\twindow.SR7 ??={};SR7.PMH ??={}; SR7.PMH[\"SR7_11_2\"] = {cn:100,state:false,fn: function() { if (window._tpt!==undefined && window._tpt.prepareModuleHeight !== undefined) {  _tpt.prepareModuleHeight({id:\"SR7_11_2\",type:'standard',shdw:'0',gh:[300,300,768,960,720],gw:[1300,1300,1024,778,480],vpt:['-200px&#039;,&#039;-200px&#039;,&#039;-200px&#039;,&#039;-200px&#039;,&#039;-200px'],size:{fullWidth:true, fullHeight:false},mh:'0',onh:0,onw:0,bg:{color:'{\"type\":\"solid\",\"orig\":\"#393939\",\"string\":\"rgba(57, 57, 57, 1)\"}'},plType:'0',plColor:'#FFFFFF'});   SR7.PMH[\"SR7_11_2\"].state=true;} else if(SR7.PMH[\"SR7_11_2\"].cn-->0)\tsetTimeout( SR7.PMH[\"SR7_11_2\"].fn,19);}};SR7.PMH[\"SR7_11_2\" ].fn();\n\t\t\t\t<\/script>\n[\/vc_column][\/vc_row][vc_row el_class=&#8221;separador-top-50&#8243;][vc_column][vc_raw_html css=&#8221;&#8221;]JTNDZGl2JTIwY2xhc3MlM0QlMjJydC12Yy10ZXh0LXRpdGxlJTIwJTIwc3R5bGUxJTIyJTNFJTBBJTA5JTNDaDElMjBjbGFzcyUzRCUyMnJ0aW4tdGl0bGUlMjIlM0VXaW50ZXIlMjBTY2hvb2wlMjAyMDI1JTNDJTJGaDElM0UlMEElM0MlMkZkaXYlM0U=[\/vc_raw_html][vc_column_text css=&#8221;&#8221;]Every year, the University of Las Palmas de Gran Canaria (ULPGC) offers a Spanish Winter School, which is an intensive, three-week course that begins in mid-January and finishes at the beginning of February.<br \/>\nWinter School aims to provide foreign students with an introduction to the Spanish language and culture through a series of courses, seminars and cultural\/sports activities accompanied by our Canarian winter, with an average temperature of 20.6\u00b0C \/ 69\u00b0F, plenty of sun and the sea.<\/p>\n<h3><strong>Courses and activities<\/strong><\/h3>\n<p>The Spanish course offered by the Winter School is comprised of 60 hours of class for beginners. The teaching methodology used is fun and effective, emphasising interaction skills and communication in different situations. Classes are four hours daily from Monday to Friday. In addition to language classes, the programme provides an enriched experience with academic conferences that adapt to participants\u2019 channels of study, with a choice between Humanities and Sciences. The contents of these Spanish classes are also complemented by activities and excursions on which students may employ their new linguistic skills. Finally, students will receive a certificate from the ULPGC upon completion of the course.<\/p>\n<p><img loading=\"lazy\" decoding=\"async\" class=\"alignnone size-full wp-image-4061\" src=\"https:\/\/internacional.ulpgc.es\/wp-content\/uploads\/2018\/09\/paddlesurf3.jpg\" alt=\"\" width=\"1400\" height=\"402\" srcset=\"https:\/\/internacional.ulpgc.es\/wp-content\/uploads\/2018\/09\/paddlesurf3.jpg 1400w, https:\/\/internacional.ulpgc.es\/wp-content\/uploads\/2018\/09\/paddlesurf3-300x86.jpg 300w, https:\/\/internacional.ulpgc.es\/wp-content\/uploads\/2018\/09\/paddlesurf3-768x221.jpg 768w, https:\/\/internacional.ulpgc.es\/wp-content\/uploads\/2018\/09\/paddlesurf3-1024x294.jpg 1024w\" sizes=\"auto, (max-width: 1400px) 100vw, 1400px\" \/><\/p>\n<h3><\/h3>\n<h3>Tourism and learning activities<\/h3>\n<p><img loading=\"lazy\" decoding=\"async\" class=\"aligncenter wp-image-10781 size-large\" src=\"https:\/\/internacional.ulpgc.es\/wp-content\/uploads\/2024\/11\/Winter-2025-program-EN-1024x568.png\" alt=\"\" width=\"1024\" height=\"568\" srcset=\"https:\/\/internacional.ulpgc.es\/wp-content\/uploads\/2024\/11\/Winter-2025-program-EN-1024x568.png 1024w, https:\/\/internacional.ulpgc.es\/wp-content\/uploads\/2024\/11\/Winter-2025-program-EN-300x166.png 300w, https:\/\/internacional.ulpgc.es\/wp-content\/uploads\/2024\/11\/Winter-2025-program-EN.png 1416w\" sizes=\"auto, (max-width: 1024px) 100vw, 1024px\" \/><\/p>\n<p>&nbsp;<\/p>\n<div class='w3eden'><!-- WPDM Link Template: Default Template -->\n\n<div class=\"link-template-default card mb-2\">\n    <div class=\"card-body\">\n        <div class=\"media\">\n            <div class=\"mr-3 img-48\"><img decoding=\"async\" class=\"wpdm_icon\" alt=\"Icon\" src=\"https:\/\/internacional.ulpgc.es\/wp-content\/plugins\/download-manager\/assets\/file-type-icons\/pdf.svg\" \/><\/div>\n            <div class=\"media-body\">\n                <h3 class=\"package-title\"><a href='https:\/\/internacional.ulpgc.es\/en\/download\/winter-school-tentative-program\/'>Winter School - Tentative Program<\/a><\/h3>\n                <div class=\"text-muted text-small\"><i class=\"fas fa-copy\"><\/i> 1 file(s) <i class=\"fas fa-hdd ml-3\"><\/i> 141.88 KB<\/div>\n            <\/div>\n            <div class=\"ml-3\">\n                <a class='wpdm-download-link download-on-click btn btn-primary ' rel='nofollow' href='#' data-downloadurl=\"https:\/\/internacional.ulpgc.es\/en\/download\/winter-school-tentative-program\/?wpdmdl=8686&refresh=69e8cc5a318211776864346\">Download<\/a>\n            <\/div>\n        <\/div>\n    <\/div>\n<\/div>\n\n<\/div>\n<div class='w3eden'><!-- WPDM Link Template: Default Template -->\n\n<div class=\"link-template-default card mb-2\">\n    <div class=\"card-body\">\n        <div class=\"media\">\n            <div class=\"mr-3 img-48\"><img decoding=\"async\" class=\"wpdm_icon\" alt=\"Icon\" src=\"https:\/\/internacional.ulpgc.es\/wp-content\/plugins\/download-manager\/assets\/file-type-icons\/pdf.svg\" \/><\/div>\n            <div class=\"media-body\">\n                <h3 class=\"package-title\"><a href='https:\/\/internacional.ulpgc.es\/en\/download\/learning-and-tourism-activities-winter-school\/'>Learning and Tourism Activities - Winter School<\/a><\/h3>\n                <div class=\"text-muted text-small\"><i class=\"fas fa-copy\"><\/i> 1 file(s) <i class=\"fas fa-hdd ml-3\"><\/i> 421.87 KB<\/div>\n            <\/div>\n            <div class=\"ml-3\">\n                <a class='wpdm-download-link download-on-click btn btn-primary ' rel='nofollow' href='#' data-downloadurl=\"https:\/\/internacional.ulpgc.es\/en\/download\/learning-and-tourism-activities-winter-school\/?wpdmdl=10786&refresh=69e8cc5a343ce1776864346\">Download<\/a>\n            <\/div>\n        <\/div>\n    <\/div>\n<\/div>\n\n<\/div>\n<div class='w3eden'><!-- WPDM Link Template: Default Template -->\n\n<div class=\"link-template-default card mb-2\">\n    <div class=\"card-body\">\n        <div class=\"media\">\n            <div class=\"mr-3 img-48\"><img decoding=\"async\" class=\"wpdm_icon\" alt=\"Icon\" src=\"https:\/\/internacional.ulpgc.es\/wp-content\/plugins\/download-manager\/assets\/file-type-icons\/pdf.svg\" \/><\/div>\n            <div class=\"media-body\">\n                <h3 class=\"package-title\"><a href='https:\/\/internacional.ulpgc.es\/en\/download\/winter-school-ulpgc-academic-program\/'>Winter School ULPGC - Academic Program<\/a><\/h3>\n                <div class=\"text-muted text-small\"><i class=\"fas fa-copy\"><\/i> 1 file(s) <i class=\"fas fa-hdd ml-3\"><\/i> 746.79 KB<\/div>\n            <\/div>\n            <div class=\"ml-3\">\n                <a class='wpdm-download-link download-on-click btn btn-primary ' rel='nofollow' href='#' data-downloadurl=\"https:\/\/internacional.ulpgc.es\/en\/download\/winter-school-ulpgc-academic-program\/?wpdmdl=8697&refresh=69e8cc5a3c2051776864346\">Download<\/a>\n            <\/div>\n        <\/div>\n    <\/div>\n<\/div>\n\n<\/div>[\/vc_column_text][vc_separator][vc_btn title=&#8221;SEE BROCHURE&#8221; shape=&#8221;square&#8221; size=&#8221;lg&#8221; align=&#8221;center&#8221; css=&#8221;&#8221; button_block=&#8221;true&#8221; link=&#8221;url:https%3A%2F%2Finternacional.ulpgc.es%2Fwp-content%2Fuploads%2F2024%2F11%2FSchedule.-EN.-WINTER-SCHOOL-ULPGC-2025.-Learning-Activities-and-Experiential-Tourism.pdf|target:_blank&#8221;][vc_separator][\/vc_column][\/vc_row][vc_row][vc_column width=&#8221;1\/2&#8243;][vc_column_text]<\/p>\n<h3><strong>The island of Gran Canaria<\/strong><\/h3>\n<p>The University of Las Palmas de Gran Canaria is located in the city of Las Palmas de Gran Canaria, the island\u2019s capital. Students can easily reach the campus by bus or by walking from their accommodation. The city is known for possessing one of the world\u2019s best climates and beautiful beaches, in addition to a rich range of cultural options, which include museums that analyse the role of the Canary Islands in discovering the New World or the history of the guanches (the island\u2019s aboriginal inhabitants). The island is often called a mini-continent due to the surprising variety of its landscapes with green mountains on the northern side contrasting with the sandy dunes and arid cliffs to the south.[\/vc_column_text][\/vc_column][vc_column width=&#8221;1\/2&#8243;][vc_single_image image=&#8221;4066&#8243; img_size=&#8221;large&#8221;][\/vc_column][\/vc_row][vc_row][vc_column][vc_separator][vc_btn title=&#8221;REGISTER HERE&#8221; shape=&#8221;square&#8221; size=&#8221;lg&#8221; align=&#8221;center&#8221; button_block=&#8221;true&#8221; link=&#8221;url:https%3A%2F%2Finternacional.ulpgc.es%2Fen%2Fenglish-ulpgc-winter-school%2F&#8221;][vc_separator][\/vc_column][\/vc_row][vc_row content_placement=&#8221;middle&#8221;][vc_column width=&#8221;11\/12&#8243;][vc_images_carousel images=&#8221;4912,4911,4910,4909,4908,4907,4906,4899,4900,4901,4902,4903,4904,4905,4898,4897,4895,4896,4894,4893,4892,4889,4888&#8243; img_size=&#8221;large&#8221; onclick=&#8221;link_no&#8221; speed=&#8221;3000&#8243; autoplay=&#8221;yes&#8221; hide_pagination_control=&#8221;yes&#8221;][\/vc_column][\/vc_row]<\/p>\n<\/div>","protected":false},"excerpt":{"rendered":"<p>[vc_row el_class=&#8221;page_con_slide&#8221;][vc_column el_class=&#8221;hidden-xs hidden-sm&#8221;][\/vc_column][\/vc_row][vc_row el_class=&#8221;separador-top-50&#8243;][vc_column][vc_raw_html css=&#8221;&#8221;]JTNDZGl2JTIwY2xhc3MlM0QlMjJydC12Yy10ZXh0LXRpdGxlJTIwJTIwc3R5bGUxJTIyJTNFJTBBJTA5JTNDaDElMjBjbGFzcyUzRCUyMnJ0aW4tdGl0bGUlMjIlM0VXaW50ZXIlMjBTY2hvb2wlMjAyMDI1JTNDJTJGaDElM0UlMEElM0MlMkZkaXYlM0U=[\/vc_raw_html][vc_column_text css=&#8221;&#8221;]Every year, the University of Las Palmas de Gran Canaria (ULPGC) offers a Spanish Winter School, which is an [&hellip;]<\/p>\n","protected":false},"author":37,"featured_media":0,"parent":0,"menu_order":0,"comment_status":"closed","ping_status":"closed","template":"","meta":{"_acf_changed":false,"footnotes":""},"categories":[142],"tags":[],"class_list":["post-2084","page","type-page","status-publish","hentry","category-winter"],"acf":[],"_links":{"self":[{"href":"https:\/\/internacional.ulpgc.es\/en\/wp-json\/wp\/v2\/pages\/2084","targetHints":{"allow":["GET"]}}],"collection":[{"href":"https:\/\/internacional.ulpgc.es\/en\/wp-json\/wp\/v2\/pages"}],"about":[{"href":"https:\/\/internacional.ulpgc.es\/en\/wp-json\/wp\/v2\/types\/page"}],"author":[{"embeddable":true,"href":"https:\/\/internacional.ulpgc.es\/en\/wp-json\/wp\/v2\/users\/37"}],"replies":[{"embeddable":true,"href":"https:\/\/internacional.ulpgc.es\/en\/wp-json\/wp\/v2\/comments?post=2084"}],"version-history":[{"count":8,"href":"https:\/\/internacional.ulpgc.es\/en\/wp-json\/wp\/v2\/pages\/2084\/revisions"}],"predecessor-version":[{"id":10810,"href":"https:\/\/internacional.ulpgc.es\/en\/wp-json\/wp\/v2\/pages\/2084\/revisions\/10810"}],"wp:attachment":[{"href":"https:\/\/internacional.ulpgc.es\/en\/wp-json\/wp\/v2\/media?parent=2084"}],"wp:term":[{"taxonomy":"category","embeddable":true,"href":"https:\/\/internacional.ulpgc.es\/en\/wp-json\/wp\/v2\/categories?post=2084"},{"taxonomy":"post_tag","embeddable":true,"href":"https:\/\/internacional.ulpgc.es\/en\/wp-json\/wp\/v2\/tags?post=2084"}],"curies":[{"name":"wp","href":"https:\/\/api.w.org\/{rel}","templated":true}]}}