{"id":3838,"date":"2018-09-05T15:36:27","date_gmt":"2018-09-05T15:36:27","guid":{"rendered":"https:\/\/internacional.ulpgc.es\/?page_id=3838"},"modified":"2019-07-22T15:10:20","modified_gmt":"2019-07-22T15:10:20","slug":"stella-junior-2017-2018","status":"publish","type":"page","link":"https:\/\/internacional.ulpgc.es\/en\/movilidad-outgoing\/estudiantes-outgoing\/stella-junior-2017-2018\/","title":{"rendered":"STELLA Junior 2017-2018"},"content":{"rendered":"<div class=\"wpb-content-wrapper\"><p>[vc_row][vc_column][vc_raw_html]JTNDZGl2JTIwY2xhc3MlM0QlMjJydC12Yy10ZXh0LXRpdGxlJTIwJTIwc3R5bGUxJTIyJTNFJTBBJTA5JTNDaDElMjBjbGFzcyUzRCUyMnJ0aW4tdGl0bGUlMjIlM0VTVEVMTEElMjBKdW5pb3IlMjAyMDE3LTIwMTglM0MlMkZoMSUzRSUwQSUzQyUyRmRpdiUzRQ==[\/vc_raw_html][\/vc_column][\/vc_row][vc_row][vc_column]<div class=\"rt-vc-text-title  style2\" style=\"\">\n\t\t\t<h2 class=\"rtin-title\">Novedades<\/h2>\n\t\t\t<\/div>[\/vc_column][\/vc_row][vc_row][vc_column][vc_basic_grid post_type=&#8221;post&#8221; max_items=&#8221;-1&#8243; item=&#8221;2713&#8243; grid_id=&#8221;vc_gid:1536253213036-4e9ee691-9e14-2&#8243; taxonomies=&#8221;201&#8243;][\/vc_column][\/vc_row][vc_row][vc_column]<div class=\"rt-vc-text-title  style2\" style=\"\">\n\t\t\t<h2 class=\"rtin-title\">Informaci\u00f3n<\/h2>\n\t\t\t<\/div>[vc_tta_accordion][vc_tta_section title=&#8221;\u00bfEn qu\u00e9 consiste el Programa STELLA Junior? &#8221; tab_id=&#8221;1526922651886-8b6441ec-b7e0&#8243;][vc_column_text]<\/p>\n<p>STELLA Junior es una iniciativa del Grupo Compostela de Universidades, del cual es miembro la ULPGC, con el objetivo de favorecer la movilidad de los estudiantes, y con ello, mejorar sus opciones laborales a trav\u00e9s del desarrollo ling\u00fc\u00edstico, cultural y profesional.<\/p>\n<p>As\u00ed, varias Universidades del Grupo Compostela ofrecen a alumnos y exalumnos de universidades miembros del Grupo la posibilidad de realizar pr\u00e1cticas en tareas del servicio de Recursos Humanos, servicio de Deportes, oficina de comunicaci\u00f3n, servicio de traducci\u00f3n, departamentos de IT, servicios legales, unidades de investigaci\u00f3n, oficina de informaci\u00f3n universitaria, oficina de Relaciones Internacionales, biblioteca, oficina de proyectos internacionales, etc.<\/p>\n<p>Las pr\u00e1cticas pueden ser tanto curriculares como extracurriculares.<br \/>\n[\/vc_column_text][\/vc_tta_section][vc_tta_section title=&#8221;\u00bfEn qu\u00e9 universidades se pueden realizar las pr\u00e1cticas y cu\u00e1l es la duraci\u00f3n de la misma? &#8221; tab_id=&#8221;1526922651942-48b613da-e6d2&#8243;][vc_column_text]Los destinos van actualiz\u00e1ndose y aparecen nuevas ofertas. La duraci\u00f3n m\u00ednima de la estancia ser\u00e1 de 2 semanas y la m\u00e1xima de 12 meses. Cada oferta recoger\u00e1 esta informaci\u00f3n. En algunos casos el tiempo de duraci\u00f3n de las pr\u00e1cticas estar\u00e1 ya determinado y en otros se podr\u00e1 negociar con la Universidad de destino.<\/p>\n<p>Las ofertas pueden consultarse en la siguiente p\u00e1gina web:<\/p>\n<ul>\n<li><a href=\"http:\/\/www2.usc.es\/gcompostela\/en\/activities\/STELLAJuniorOffers2016.html\" target=\"_blank\" rel=\"noopener noreferrer\">http:\/\/www2.usc.es\/gcompostela\/en\/activities\/STELLAJuniorOffers2016.html<\/a><\/li>\n<\/ul>\n<p>El listado de ofertas se actualiza regularmente por lo que se recomienda consultarlo con asiduidad.[\/vc_column_text][\/vc_tta_section][vc_tta_section title=&#8221;\u00bfQu\u00e9 requisitos se exigen para poder participar en el programa? &#8221; tab_id=&#8221;1526922781552-81192924-b01b&#8221;][vc_column_text]Para poder optar a una de las plazas hay que ser alumno de la ULPGC durante el curso acad\u00e9mico 2016\/17 o haberse graduado en la misma. Por lo tanto, pueden participar tanto alumnos actuales como exalumnos.[\/vc_column_text][\/vc_tta_section][vc_tta_section title=&#8221;\u00bfQu\u00e9 debo hacer para solicitar una plaza en el programa STELLA Junior? &#8221; tab_id=&#8221;1526922813932-306c6de4-cb55&#8243;][vc_column_text]Todos los alumnos o exalumnos interesados deber\u00e1n presentar por separado su Curr\u00edculum Vitae en el formato Europass (en ingl\u00e9s o en el idioma de la instituci\u00f3n de acogida) conjuntamente con el formulario de solicitud.<\/p>\n<p>Estos documentos pueden obtenerse en el siguiente enlace:<\/p>\n<ul>\n<li><a href=\"http:\/\/www2.usc.es\/gcompostela\/en\/activities\/STELLAJuniorOffers2016.html\" target=\"_blank\" rel=\"noopener noreferrer\">http:\/\/www2.usc.es\/gcompostela\/en\/activities\/STELLAJuniorOffers2016.html<\/a><\/li>\n<\/ul>\n<p>Adem\u00e1s, cada oferta puede requerir alg\u00fan tipo de documento adicional (carta de presentaci\u00f3n, carta de recomendaci\u00f3n, etc.) De ser ello as\u00ed, tambi\u00e9n se adjuntar\u00e1n dichos documentos junto con la solicitud y el CV.<\/p>\n<p>Todos los documentos requeridos se remitir\u00e1n al siguiente correo electr\u00f3nico: brrii@ulpgc.es con el asunto: STELLA JUNIOR 2017 \u2013 \u201cNombre del estudiante\u201d<\/p>\n<p>El coordinador del programa en la ULPGC revisar\u00e1 que el solicitante est\u00e9<br \/>\nmatriculado en la ULPGC el curso acad\u00e9mico 2016\/17 o que se haya graduado en esta instituci\u00f3n. De no ser as\u00ed, no podr\u00e1 participar en el programa.<\/p>\n<p>Una vez confirmado que el solicitante ha sido o es estudiante de la instituci\u00f3n, el coordinador remitir\u00e1 dicha documentaci\u00f3n a la secretar\u00eda del Grupo Compostela de Universidades.<\/p>\n<p>Finalmente, la secretar\u00eda del Grupo Compostela de Universidades contactar\u00e1 con la universidad de destino, que es qui\u00e9n selecciona al candidato elegido entre las distintas solicitudes presentadas.[\/vc_column_text][\/vc_tta_section][vc_tta_section title=&#8221;\u00bfCu\u00e1l es el plazo para presentar las solicitudes? &#8221; tab_id=&#8221;1526922844294-afae8b2d-96f6&#8243;][vc_column_text]No hay un plazo l\u00edmite para la solicitud de participaci\u00f3n en este programa. No obstante, se recomienda que los tr\u00e1mites de solicitud se realicen como m\u00ednimo con dos meses de antelaci\u00f3n al inicio deseado de las pr\u00e1cticas, teniendo en cuenta que estas deben realizarse durante el a\u00f1o 2017.[\/vc_column_text][\/vc_tta_section][vc_tta_section title=&#8221;\u00bfExiste alguna ayuda econ\u00f3mica por participar en el programa? &#8221; tab_id=&#8221;1536253134432-fac68197-148f&#8221;][vc_column_text]<\/p>\n<p>Cada oferta especifica las condiciones de la misma, y si incluye alg\u00fan tipo de ayuda (por ejemplo, alojamiento, etc.)<\/p>\n<p>Adem\u00e1s, el Grupo Compostela ofrece una ayuda de 500\u20ac destinados a<br \/>\ncompensar gastos de traslado. Tienen preferencia para la ayuda, estudiantes cuya movilidad sea de car\u00e1cter intercontinental. Hay una cantidad limitada de ayudas, las cuales se ir\u00e1n otorgando por orden de solicitud.<\/p>\n<p>Por otro lado, este programa es compatible con otros programas que s\u00ed ofrezcan una ayuda durante la estancia de pr\u00e1cticas como Erasmus+. Debido a que el plazo de solicitud para este programa est\u00e1 continuamente abierto, los estudiantes interesados pueden tratar de cuadrar las fechas en las que realizar ambos programas y as\u00ed obtener una financiaci\u00f3n durante el tiempo de estancia en las pr\u00e1cticas.<br \/>\n[\/vc_column_text][\/vc_tta_section][vc_tta_section title=&#8221;\u00bfC\u00f3mo se desarrolla el procedimiento de selecci\u00f3n y qui\u00e9n decide si se concede o no la estancia de pr\u00e1cticas? &#8221; tab_id=&#8221;1536253151712-1ad33a6d-a746&#8243;][vc_column_text]La universidad de destino decidir\u00e1 en qu\u00e9 lugares de su instituci\u00f3n ofertar\u00e1 las pr\u00e1cticas, lo que est\u00e1 directamente relacionado con la selecci\u00f3n de los participantes.<\/p>\n<p>Las entidades ofertantes, de acuerdo a las propias necesidades que deban<br \/>\ncubrir, elegir\u00e1n de forma directa al estudiante que mejor se adecue a ellas. Debe existir una clara conexi\u00f3n entre el perfil del estudiante elegido y los<br \/>\nrequerimientos del lugar de trabajo ofrecido por la universidad de acogida, para garantizar unos resultados efectivos para ambas partes.<br \/>\n[\/vc_column_text][\/vc_tta_section][vc_tta_section title=&#8221;\u00bfCu\u00e1les son las obligaciones de las personas participantes en el programa?&#8221; tab_id=&#8221;1536253187742-c2eee294-1458&#8243;][vc_column_text]Las personas beneficiarias de una de estas becas deber\u00e1n cumplir con todos los acuerdos negociados para su estancia as\u00ed como cumplir las reglas y normas de la universidad de acogida, su calendario y el c\u00f3digo de conducta.[\/vc_column_text][\/vc_tta_section][\/vc_tta_accordion][\/vc_column][\/vc_row][vc_row][vc_column]<div class=\"rt-vc-text-title  style2\" style=\"\">\n\t\t\t<h2 class=\"rtin-title\">Documentos<\/h2>\n\t\t\t<\/div>[vc_row_inner][vc_column_inner][vc_column_text]<div class='w3eden'><!-- WPDM Link Template: Default Template -->\n\n<div class=\"link-template-default card mb-2\">\n    <div class=\"card-body\">\n        <div class=\"media\">\n            <div class=\"mr-3 img-48\"><img decoding=\"async\" class=\"wpdm_icon\" alt=\"Icon\" src=\"https:\/\/internacional.ulpgc.es\/wp-content\/plugins\/download-manager\/assets\/file-type-icons\/pdf.svg\" \/><\/div>\n            <div class=\"media-body\">\n                <h3 class=\"package-title\"><a href='https:\/\/internacional.ulpgc.es\/en\/download\/guia-stella-junior-2016-2017\/'>Gu\u00eda STELLA Junior 2016-2017<\/a><\/h3>\n                <div class=\"text-muted text-small\"><i class=\"fas fa-copy\"><\/i> 1 file(s) <i class=\"fas fa-hdd ml-3\"><\/i> 184.91 KB<\/div>\n            <\/div>\n            <div class=\"ml-3\">\n                <a class='wpdm-download-link download-on-click btn btn-primary ' rel='nofollow' href='#' data-downloadurl=\"https:\/\/internacional.ulpgc.es\/en\/download\/guia-stella-junior-2016-2017\/?wpdmdl=3937&refresh=69daebd4c0cf81775954900\">Download<\/a>\n            <\/div>\n        <\/div>\n    <\/div>\n<\/div>\n\n<\/div>[\/vc_column_text][\/vc_column_inner][\/vc_row_inner][\/vc_column][\/vc_row]<\/p>\n<\/div>","protected":false},"excerpt":{"rendered":"<p>[vc_row][vc_column][vc_raw_html]JTNDZGl2JTIwY2xhc3MlM0QlMjJydC12Yy10ZXh0LXRpdGxlJTIwJTIwc3R5bGUxJTIyJTNFJTBBJTA5JTNDaDElMjBjbGFzcyUzRCUyMnJ0aW4tdGl0bGUlMjIlM0VTVEVMTEElMjBKdW5pb3IlMjAyMDE3LTIwMTglM0MlMkZoMSUzRSUwQSUzQyUyRmRpdiUzRQ==[\/vc_raw_html][\/vc_column][\/vc_row][vc_row][vc_column][\/vc_column][\/vc_row][vc_row][vc_column][vc_basic_grid post_type=&#8221;post&#8221; max_items=&#8221;-1&#8243; item=&#8221;2713&#8243; grid_id=&#8221;vc_gid:1536253213036-4e9ee691-9e14-2&#8243; taxonomies=&#8221;201&#8243;][\/vc_column][\/vc_row][vc_row][vc_column][vc_tta_accordion][vc_tta_section title=&#8221;\u00bfEn qu\u00e9 consiste el Programa STELLA Junior? &#8221; tab_id=&#8221;1526922651886-8b6441ec-b7e0&#8243;][vc_column_text] STELLA Junior es una iniciativa del Grupo Compostela de Universidades, [&hellip;]<\/p>\n","protected":false},"author":37,"featured_media":0,"parent":2716,"menu_order":0,"comment_status":"closed","ping_status":"closed","template":"","meta":{"_acf_changed":false,"footnotes":""},"categories":[146],"tags":[],"class_list":["post-3838","page","type-page","status-publish","hentry","category-estudiantes-outgoing"],"acf":[],"_links":{"self":[{"href":"https:\/\/internacional.ulpgc.es\/en\/wp-json\/wp\/v2\/pages\/3838","targetHints":{"allow":["GET"]}}],"collection":[{"href":"https:\/\/internacional.ulpgc.es\/en\/wp-json\/wp\/v2\/pages"}],"about":[{"href":"https:\/\/internacional.ulpgc.es\/en\/wp-json\/wp\/v2\/types\/page"}],"author":[{"embeddable":true,"href":"https:\/\/internacional.ulpgc.es\/en\/wp-json\/wp\/v2\/users\/37"}],"replies":[{"embeddable":true,"href":"https:\/\/internacional.ulpgc.es\/en\/wp-json\/wp\/v2\/comments?post=3838"}],"version-history":[{"count":1,"href":"https:\/\/internacional.ulpgc.es\/en\/wp-json\/wp\/v2\/pages\/3838\/revisions"}],"predecessor-version":[{"id":5616,"href":"https:\/\/internacional.ulpgc.es\/en\/wp-json\/wp\/v2\/pages\/3838\/revisions\/5616"}],"up":[{"embeddable":true,"href":"https:\/\/internacional.ulpgc.es\/en\/wp-json\/wp\/v2\/pages\/2716"}],"wp:attachment":[{"href":"https:\/\/internacional.ulpgc.es\/en\/wp-json\/wp\/v2\/media?parent=3838"}],"wp:term":[{"taxonomy":"category","embeddable":true,"href":"https:\/\/internacional.ulpgc.es\/en\/wp-json\/wp\/v2\/categories?post=3838"},{"taxonomy":"post_tag","embeddable":true,"href":"https:\/\/internacional.ulpgc.es\/en\/wp-json\/wp\/v2\/tags?post=3838"}],"curies":[{"name":"wp","href":"https:\/\/api.w.org\/{rel}","templated":true}]}}