{"id":4155,"date":"2018-09-20T16:06:10","date_gmt":"2018-09-20T16:06:10","guid":{"rendered":"https:\/\/internacional.ulpgc.es\/?page_id=4155"},"modified":"2020-04-28T10:17:52","modified_gmt":"2020-04-28T10:17:52","slug":"estudiantes-visitantes-2018-2019","status":"publish","type":"page","link":"https:\/\/internacional.ulpgc.es\/en\/movilidad-incoming\/estudiantes-incoming\/visiting-students-2018-2019\/","title":{"rendered":"Visiting Students 2020\/2021"},"content":{"rendered":"<div class=\"wpb-content-wrapper\"><p>Study proposal<\/a><\/h3>\n                <div class=\"text-muted text-small\"><i class=\"fas fa-copy\"><\/i> 1 file(s) <i class=\"fas fa-hdd ml-3\"><\/i> 187.50 KB<\/div>\n            <\/div>\n            <div class=\"ml-3\">\n                <a class='wpdm-download-link download-on-click btn btn-primary ' rel='nofollow' href='#' data-downloadurl=\"https:\/\/internacional.ulpgc.es\/en\/download\/study-proposal\/?wpdmdl=5525&refresh=69e29183b87901776456067\">Download<\/a>\n            <\/div>\n        <\/div>\n    <\/div>\n<\/div>\n\n<\/div>\n<ul>\n<li>Para los estudios de m\u00e1ster impartidos en espa\u00f1ol, el alumno deber\u00e1 acreditar al menos el Nivel B-1 de la lengua espa\u00f1ola (MCER).<\/li>\n<\/ul>\n<p>Y si su plaza ha sido aceptada, tambi\u00e9n deber\u00e1 presentar los siguientes documentos:<\/p>\n<ul>\n<li>Seguro P\u00fablico (Tarjeta Sanitaria Europea o equivalente)<\/li>\n<li>Seguro Privado de Salud y Accidentes (todos los estudiantes de intercambio deben contratar un seguro privado obligatorio, incluso si ya tienen uno p\u00fablico): http:\/\/oncampus.es\/en\/seguros\/oncampus-estudia\/<\/li>\n<\/ul>\n<p>[\/vc_column_text][\/vc_tta_section][vc_tta_section title=&#8221;Notas importantes&#8221; tab_id=&#8221;1526922813932-306c6de4-cb55&#8243;][vc_column_text]<\/p>\n<ul>\n<li>LA ADMISI\u00d3N PUEDE SER RESTRINGIDA EN ALGUNAS INSTALACIONES (Se pueden aplicar requisitos adicionales dependiendo de los cursos o facultades a los que se postulen)<\/li>\n<li>Los estudiantes visitantes pueden solicitar cursos tanto a nivel de licenciatura como de maestr\u00eda.<\/li>\n<li>Los estudiantes visitantes pueden tomar un m\u00e1ximo de 30 ECTS por semestre.<\/li>\n<li>La inscripci\u00f3n en los cursos estar\u00e1 sujeta a la disponibilidad de plazas en los mismos.<\/li>\n<li>Los estudiantes visitantes no pueden matricularse en el proyecto final de licenciatura y m\u00e1ster.<\/li>\n<li>Los estudiantes visitantes no son elegibles para programas de movilidad y no tienen derecho a completar un t\u00edtulo universitario en la ULPGC.<\/li>\n<li>Los estudiantes visitantes deben organizar todos los aspectos de sus estudios en el extranjero de forma independiente (admisi\u00f3n, inscripci\u00f3n y requisitos no acad\u00e9micos como visados, alojamiento y viajes, gastos de manutenci\u00f3n y acad\u00e9micos).<\/li>\n<\/ul>\n<p>[\/vc_column_text][\/vc_tta_section][vc_tta_section title=&#8221;Aceptaci\u00f3n&#8221; tab_id=&#8221;1526922844294-afae8b2d-96f6&#8243;][vc_column_text]La decisi\u00f3n final se tomar\u00e1 dentro de las dos semanas siguientes a la solicitud.[\/vc_column_text][\/vc_tta_section][vc_tta_section title=&#8221;Tasas de matr\u00edcula&#8221; tab_id=&#8221;1526922883126-6ec5d3ff-f0b2&#8243;][vc_column_text]El precio por cr\u00e9dito es de 70 euros.[\/vc_column_text][\/vc_tta_section][\/vc_tta_accordion][\/vc_column][\/vc_row][vc_row][vc_column][vc_single_image image=&#8221;4656&#8243; img_size=&#8221;large&#8221; alignment=&#8221;center&#8221; onclick=&#8221;custom_link&#8221; img_link_target=&#8221;_blank&#8221; link=&#8221;https:\/\/internacional.ulpgc.es\/movilidad-incoming\/visiting-student-form\/&#8221;][\/vc_column][\/vc_row][vc_row][vc_column][vc_raw_html]JTNDZGl2JTIwY2xhc3MlM0QlMjJydC12Yy10ZXh0LXRpdGxlJTIwJTIwc3R5bGUxJTIyJTNFJTBBJTA5JTNDaDElMjBjbGFzcyUzRCUyMnJ0aW4tdGl0bGUlMjIlM0VWaXNpdGluZyUyMFN0dWRlbnRzJTIwMjAyMCUyRjIwMjElM0MlMkZoMSUzRSUwQSUzQyUyRmRpdiUzRQ==[\/vc_raw_html][\/vc_column][\/vc_row][vc_row][vc_column]<div class=\"rt-vc-text-title  style2\" style=\"\">\n\t\t\t<h2 class=\"rtin-title\">Information<\/h2>\n\t\t\t\t<p class=\"rtin-content\">The visiting student programme is aimed at students who wish to complete their education by studying certain subjects, chosen from all those taught at the university.<\/p>\n\t\t<\/div>[vc_tta_accordion][vc_tta_section title=&#8221;General&#8221; tab_id=&#8221;1526922651886-8b6441ec-b7e0&#8243;][vc_column_text]<\/p>\n<p>Students who are interested in studying in the ULPGC for one or two semesters outside an exchange program can do so as an independent fee paying student. These students follow the same procedures, need to meet the same entrance requirements as exchange students and pay the official rates.<\/p>\n<p>Visiting students are all students or graduates from non-Spanish universities which, in order to extend their training or to have been admitted to ULPGC centres for a temporary stay, in order to be able to take part in the partial studies of the undergraduate or non-professionalised master&#8217;s degree courses given at this University and will get a certificate of their academic progress, in case they take any exams. However, the scores obtained as a visiting student won&#8217;t have academic official validity in ULPGC.<br \/>\n[\/vc_column_text][\/vc_tta_section][vc_tta_section title=&#8221;Application Deadline&#8221; tab_id=&#8221;1526922651942-48b613da-e6d2&#8243;][vc_column_text]<\/p>\n<ul>\n<li>1\u00ba Semester: 15th May until 30th June<\/li>\n<li>2\u00ba Semester: 1st September until 31st December<\/li>\n<\/ul>\n<p>[\/vc_column_text][\/vc_tta_section][vc_tta_section title=&#8221;Documents to be attached with your online application &#8221; tab_id=&#8221;1526922781552-81192924-b01b&#8221;][vc_column_text]Once you have registered the documents to upload are as follows:<\/p>\n<ul>\n<li>ID card\/passport<\/li>\n<li>Transcript of records (or University Degree for Master studies)<\/li>\n<li>Study program proposal (it is important that you have a relevant academic background for the courses that you apply for)<\/li>\n<\/ul>\n<div class='w3eden'><!-- WPDM Link Template: Default Template -->\n\n<div class=\"link-template-default card mb-2\">\n    <div class=\"card-body\">\n        <div class=\"media\">\n            <div class=\"mr-3 img-48\"><img decoding=\"async\" class=\"wpdm_icon\" alt=\"Icon\" src=\"https:\/\/internacional.ulpgc.es\/wp-content\/plugins\/download-manager\/assets\/file-type-icons\/doc.svg\" \/><\/div>\n            <div class=\"media-body\">\n                <h3 class=\"package-title\"><a href='https:\/\/internacional.ulpgc.es\/en\/download\/study-proposal\/'>Study proposal<\/a><\/h3>\n                <div class=\"text-muted text-small\"><i class=\"fas fa-copy\"><\/i> 1 file(s) <i class=\"fas fa-hdd ml-3\"><\/i> 187.50 KB<\/div>\n            <\/div>\n            <div class=\"ml-3\">\n                <a class='wpdm-download-link download-on-click btn btn-primary ' rel='nofollow' href='#' data-downloadurl=\"https:\/\/internacional.ulpgc.es\/en\/download\/study-proposal\/?wpdmdl=5525&refresh=69e29183c0de71776456067\">Download<\/a>\n            <\/div>\n        <\/div>\n    <\/div>\n<\/div>\n\n<\/div>\n<ul>\n<li>For Master studies taught in Spanish, student must accredit at least Level B-1 for the Spanish language (CEFR)<\/li>\n<\/ul>\n<p>And if your place has been accepted you will also have to provide the following documents:<\/p>\n<ul>\n<li>Public Insurance (European Health Insurance Card or equivalent)<\/li>\n<li>Health and Accidents Private Insurance (all exchange students need to hire a compulsory private insurance, even if you already have a public one): <a href=\"http:\/\/oncampus.es\/en\/seguros\/oncampus-estudia\/\">http:\/\/oncampus.es\/en\/seguros\/oncampus-estudia\/<\/a><\/li>\n<\/ul>\n<p>[\/vc_column_text][\/vc_tta_section][vc_tta_section title=&#8221;Important Notes &#8221; tab_id=&#8221;1526922813932-306c6de4-cb55&#8243;][vc_column_text]<\/p>\n<ul>\n<li><strong>ADMISSION CAN BE RESTRICTED IN SOME FACULTIES<\/strong> (Additional requirements may apply depending on the courses\/faculties they are applying for)<\/li>\n<li>Visiting students may apply for courses at both Undergraduate and Master levels<\/li>\n<li>Visiting students are allowed to take the maximum of 30 ECTS per semester;<\/li>\n<li>The enrollment at the courses will be subject to the availability of places in the courses;<\/li>\n<li>Visiting students cannot enroll the final project of undergraduate and master degrees.<\/li>\n<li>Visiting students are not eligible for mobility programs and are not entitled to complete a university degree at ULPGC;<\/li>\n<li>Visiting students are required to organize all aspects of their study abroad independently (admission, enrollment and non-academic requirements such as visas, accommodation and travel, living and academic expenses).<\/li>\n<\/ul>\n<p>[\/vc_column_text][\/vc_tta_section][vc_tta_section title=&#8221;Acceptance &#8221; tab_id=&#8221;1526922844294-afae8b2d-96f6&#8243;][vc_column_text]The final decision will be taken within two weeks after the application.[\/vc_column_text][\/vc_tta_section][vc_tta_section title=&#8221;Tuition Fees&#8221; tab_id=&#8221;1526922883126-6ec5d3ff-f0b2&#8243;][vc_column_text]<strong>The price per credit is 70 euros.<\/strong>[\/vc_column_text][\/vc_tta_section][\/vc_tta_accordion][\/vc_column][\/vc_row][vc_row][vc_column][vc_single_image image=&#8221;4657&#8243; img_size=&#8221;large&#8221; alignment=&#8221;center&#8221; onclick=&#8221;custom_link&#8221; img_link_target=&#8221;_blank&#8221; link=&#8221;https:\/\/internacional.ulpgc.es\/movilidad-incoming\/visiting-student-form\/&#8221;][\/vc_column][\/vc_row]Study proposal<\/a><\/h3>\n                <div class=\"text-muted text-small\"><i class=\"fas fa-copy\"><\/i> 1 file(s) <i class=\"fas fa-hdd ml-3\"><\/i> 187.50 KB<\/div>\n            <\/div>\n            <div class=\"ml-3\">\n                <a class='wpdm-download-link download-on-click btn btn-primary ' rel='nofollow' href='#' data-downloadurl=\"https:\/\/internacional.ulpgc.es\/en\/download\/study-proposal\/?wpdmdl=5525&refresh=69e29183c25041776456067\">Download<\/a>\n            <\/div>\n        <\/div>\n    <\/div>\n<\/div>\n\n<\/div>\n<ul>\n<li>Para los estudios de m\u00e1ster impartidos en espa\u00f1ol, el alumno deber\u00e1 acreditar al menos el Nivel B-1 de la lengua espa\u00f1ola (MCER).<\/li>\n<\/ul>\n<p>Y si su plaza ha sido aceptada, tambi\u00e9n deber\u00e1 presentar los siguientes documentos:<\/p>\n<ul>\n<li>Seguro P\u00fablico (Tarjeta Sanitaria Europea o equivalente)<\/li>\n<li>Seguro Privado de Salud y Accidentes (todos los estudiantes de intercambio deben contratar un seguro privado obligatorio, incluso si ya tienen uno p\u00fablico): http:\/\/oncampus.es\/en\/seguros\/oncampus-estudia\/<\/li>\n<\/ul>\n<p>[\/vc_column_text][\/vc_tta_section][vc_tta_section title=&#8221;Notas importantes&#8221; tab_id=&#8221;1526922813932-306c6de4-cb55&#8243;][vc_column_text]<\/p>\n<ul>\n<li>LA ADMISI\u00d3N PUEDE SER RESTRINGIDA EN ALGUNAS INSTALACIONES (Se pueden aplicar requisitos adicionales dependiendo de los cursos o facultades a los que se postulen)<\/li>\n<li>Los estudiantes visitantes pueden solicitar cursos tanto a nivel de licenciatura como de maestr\u00eda.<\/li>\n<li>Los estudiantes visitantes pueden tomar un m\u00e1ximo de 30 ECTS por semestre.<\/li>\n<li>La inscripci\u00f3n en los cursos estar\u00e1 sujeta a la disponibilidad de plazas en los mismos.<\/li>\n<li>Los estudiantes visitantes no pueden matricularse en el proyecto final de licenciatura y m\u00e1ster.<\/li>\n<li>Los estudiantes visitantes no son elegibles para programas de movilidad y no tienen derecho a completar un t\u00edtulo universitario en la ULPGC.<\/li>\n<li>Los estudiantes visitantes deben organizar todos los aspectos de sus estudios en el extranjero de forma independiente (admisi\u00f3n, inscripci\u00f3n y requisitos no acad\u00e9micos como visados, alojamiento y viajes, gastos de manutenci\u00f3n y acad\u00e9micos).<\/li>\n<\/ul>\n<p>[\/vc_column_text][\/vc_tta_section][vc_tta_section title=&#8221;Aceptaci\u00f3n&#8221; tab_id=&#8221;1526922844294-afae8b2d-96f6&#8243;][vc_column_text]La decisi\u00f3n final se tomar\u00e1 dentro de las dos semanas siguientes a la solicitud.[\/vc_column_text][\/vc_tta_section][vc_tta_section title=&#8221;Tasas de matr\u00edcula&#8221; tab_id=&#8221;1526922883126-6ec5d3ff-f0b2&#8243;][vc_column_text]El precio por cr\u00e9dito es de 70 euros.[\/vc_column_text][\/vc_tta_section][\/vc_tta_accordion][\/vc_column][\/vc_row][vc_row][vc_column][vc_single_image image=&#8221;4656&#8243; img_size=&#8221;full&#8221; alignment=&#8221;center&#8221; onclick=&#8221;custom_link&#8221; img_link_target=&#8221;_blank&#8221; link=&#8221;https:\/\/internacional.ulpgc.es\/movilidad-incoming\/visiting-student-form\/&#8221;][\/vc_column][\/vc_row]<\/p>\n<\/div>","protected":false},"excerpt":{"rendered":"<p>[vc_row][vc_column][vc_raw_html]JTNDZGl2JTIwY2xhc3MlM0QlMjJydC12Yy10ZXh0LXRpdGxlJTIwJTIwc3R5bGUxJTIyJTNFJTBBJTA5JTNDaDElMjBjbGFzcyUzRCUyMnJ0aW4tdGl0bGUlMjIlM0VWaXNpdGluZyUyMFN0dWRlbnRzJTIwMjAyMCUyRjIwMjElM0MlMkZoMSUzRSUwQSUzQyUyRmRpdiUzRQ==[\/vc_raw_html][\/vc_column][\/vc_row][vc_row][vc_column][vc_tta_accordion][vc_tta_section title=&#8221;General&#8221; tab_id=&#8221;1526922651886-8b6441ec-b7e0&#8243;][vc_column_text] Students who are interested in studying in the ULPGC for one or two semesters outside an exchange program can do so as [&hellip;]<\/p>\n","protected":false},"author":37,"featured_media":0,"parent":3084,"menu_order":0,"comment_status":"closed","ping_status":"closed","template":"","meta":{"_acf_changed":false,"footnotes":""},"categories":[176],"tags":[],"class_list":["post-4155","page","type-page","status-publish","hentry","category-estudiantes-incoming"],"acf":[],"_links":{"self":[{"href":"https:\/\/internacional.ulpgc.es\/en\/wp-json\/wp\/v2\/pages\/4155","targetHints":{"allow":["GET"]}}],"collection":[{"href":"https:\/\/internacional.ulpgc.es\/en\/wp-json\/wp\/v2\/pages"}],"about":[{"href":"https:\/\/internacional.ulpgc.es\/en\/wp-json\/wp\/v2\/types\/page"}],"author":[{"embeddable":true,"href":"https:\/\/internacional.ulpgc.es\/en\/wp-json\/wp\/v2\/users\/37"}],"replies":[{"embeddable":true,"href":"https:\/\/internacional.ulpgc.es\/en\/wp-json\/wp\/v2\/comments?post=4155"}],"version-history":[{"count":5,"href":"https:\/\/internacional.ulpgc.es\/en\/wp-json\/wp\/v2\/pages\/4155\/revisions"}],"predecessor-version":[{"id":6504,"href":"https:\/\/internacional.ulpgc.es\/en\/wp-json\/wp\/v2\/pages\/4155\/revisions\/6504"}],"up":[{"embeddable":true,"href":"https:\/\/internacional.ulpgc.es\/en\/wp-json\/wp\/v2\/pages\/3084"}],"wp:attachment":[{"href":"https:\/\/internacional.ulpgc.es\/en\/wp-json\/wp\/v2\/media?parent=4155"}],"wp:term":[{"taxonomy":"category","embeddable":true,"href":"https:\/\/internacional.ulpgc.es\/en\/wp-json\/wp\/v2\/categories?post=4155"},{"taxonomy":"post_tag","embeddable":true,"href":"https:\/\/internacional.ulpgc.es\/en\/wp-json\/wp\/v2\/tags?post=4155"}],"curies":[{"name":"wp","href":"https:\/\/api.w.org\/{rel}","templated":true}]}}