{"id":5027,"date":"2019-07-02T06:44:35","date_gmt":"2019-07-02T06:44:35","guid":{"rendered":"https:\/\/internacional.ulpgc.es\/?page_id=5027"},"modified":"2019-10-02T06:30:20","modified_gmt":"2019-10-02T06:30:20","slug":"curso-de-verano-rusia-2019","status":"publish","type":"page","link":"https:\/\/internacional.ulpgc.es\/en\/curso-de-verano-rusia-2\/","title":{"rendered":"Curso de Verano \u2013 Rusia 2019"},"content":{"rendered":"<div class=\"wpb-content-wrapper\"><p>[vc_row][vc_column][vc_raw_html]JTNDZGl2JTIwY2xhc3MlM0QlMjJydC12Yy10ZXh0LXRpdGxlJTIwJTIwc3R5bGUxJTIyJTNFJTBBJTA5JTNDaDElMjBjbGFzcyUzRCUyMnJ0aW4tdGl0bGUlMjIlM0VSdXNpYSUyMFN1bW1lciUyMFNjaG9vbCUyMDIwMTklM0MlMkZoMSUzRSUwQSUzQyUyRmRpdiUzRQ==[\/vc_raw_html][\/vc_column][\/vc_row][vc_row][vc_column]<div class=\"rt-vc-text-title  style2\" style=\"\">\n\t\t\t<h2 class=\"rtin-title\">Informaci\u00f3n<\/h2>\n\t\t\t<\/div>[vc_column_text]Esta convocatoria tiene como objeto establecer los criterios y el procedimiento para conceder ayudas econ\u00f3micas para participar en la \u201cRussian Language and Culture Summer School 2019\u201d de la Moscow State Linguistic University (Rusia) entre los d\u00edas 4 y 25 de agosto de 2019, a fin de mejorar sus conocimientos de la lengua y cultura rusa.<\/p>\n<p>El contenido de dicho curso e informaci\u00f3n adicional est\u00e1 disponible en el siguiente enlace: <a href=\"https:\/\/linguanet.ru\/summer-school\/\">https:\/\/linguanet.ru\/summer-school\/<\/a><\/p>\n<p>&nbsp;<\/p>\n<p>Para poder participar en este programa es necesario:<\/p>\n<p>a) Tener matricula en la ULPGC en el curso acad\u00e9mico 2018-2019.<\/p>\n<p>b) Tener acreditado, al menos, el nivel B1 de lengua inglesa o equivalente. No obstante, la comisi\u00f3n evaluadora podr\u00e1 considerar la acreditaci\u00f3n de un nivel inferior. En estos casos, el estudiantado ocupar\u00eda en la lista priorizada un lugar posterior al de quienes hayan acreditado un nivel B1 o superior.<\/p>\n<p>&nbsp;<\/p>\n<p><strong>Revise la convocatoria para que siga los pasos para la presentaci\u00f3n de la solicitud de la beca.<\/strong><\/p>\n<p>[\/vc_column_text][\/vc_column][\/vc_row][vc_row][vc_column]<div class=\"rt-vc-text-title  style2\" style=\"\">\n\t\t\t<h2 class=\"rtin-title\">Convocatoria<\/h2>\n\t\t\t<\/div>[vc_row_inner][vc_column_inner][vc_column_text]<div class='w3eden'><!-- WPDM Link Template: Default Template -->\n\n<div class=\"link-template-default card mb-2\">\n    <div class=\"card-body\">\n        <div class=\"media\">\n            <div class=\"mr-3 img-48\"><img decoding=\"async\" class=\"wpdm_icon\" alt=\"Icon\" src=\"https:\/\/internacional.ulpgc.es\/wp-content\/plugins\/download-manager\/assets\/file-type-icons\/pdf.svg\" \/><\/div>\n            <div class=\"media-body\">\n                <h3 class=\"package-title\"><a href='https:\/\/internacional.ulpgc.es\/en\/download\/resolucion-rusia-summer-school-2019\/'>Convocatoria Rusia Summer School 2019<\/a><\/h3>\n                <div class=\"text-muted text-small\"><i class=\"fas fa-copy\"><\/i> 1 file(s) <i class=\"fas fa-hdd ml-3\"><\/i> 145.58 KB<\/div>\n            <\/div>\n            <div class=\"ml-3\">\n                <a class='wpdm-download-link download-on-click btn btn-primary ' rel='nofollow' href='#' data-downloadurl=\"https:\/\/internacional.ulpgc.es\/en\/download\/resolucion-rusia-summer-school-2019\/?wpdmdl=5531&refresh=69d415fe617d41775506942\">Download<\/a>\n            <\/div>\n        <\/div>\n    <\/div>\n<\/div>\n\n<\/div>[\/vc_column_text][vc_column_text]<div class='w3eden'><!-- WPDM Link Template: Default Template -->\n\n<div class=\"link-template-default card mb-2\">\n    <div class=\"card-body\">\n        <div class=\"media\">\n            <div class=\"mr-3 img-48\"><img decoding=\"async\" class=\"wpdm_icon\" alt=\"Icon\" src=\"https:\/\/internacional.ulpgc.es\/wp-content\/plugins\/download-manager\/assets\/file-type-icons\/pdf.svg\" \/><\/div>\n            <div class=\"media-body\">\n                <h3 class=\"package-title\"><a href='https:\/\/internacional.ulpgc.es\/en\/download\/publicacion-rusia-summer-school-en-el-boulpgc-1-julio-pag-17\/'>Publicaci\u00f3n Rusia Summer School en el BOULPGC 1 Julio (P\u00e1g 17)<\/a><\/h3>\n                <div class=\"text-muted text-small\"><i class=\"fas fa-copy\"><\/i> 1 file(s) <i class=\"fas fa-hdd ml-3\"><\/i> 0.00 KB<\/div>\n            <\/div>\n            <div class=\"ml-3\">\n                <a class='wpdm-download-link download-on-click btn btn-primary ' rel='nofollow' href='#' data-downloadurl=\"https:\/\/internacional.ulpgc.es\/en\/download\/publicacion-rusia-summer-school-en-el-boulpgc-1-julio-pag-17\/?wpdmdl=5533&refresh=69d415fe6d2271775506942\">Download<\/a>\n            <\/div>\n        <\/div>\n    <\/div>\n<\/div>\n\n<\/div>[\/vc_column_text][vc_column_text]<div class='w3eden'><!-- WPDM Link Template: Default Template -->\n\n<div class=\"link-template-default card mb-2\">\n    <div class=\"card-body\">\n        <div class=\"media\">\n            <div class=\"mr-3 img-48\"><img decoding=\"async\" class=\"wpdm_icon\" alt=\"Icon\" src=\"https:\/\/internacional.ulpgc.es\/wp-content\/plugins\/download-manager\/assets\/file-type-icons\/pdf.svg\" \/><\/div>\n            <div class=\"media-body\">\n                <h3 class=\"package-title\"><a href='https:\/\/internacional.ulpgc.es\/en\/download\/resolucion-provisional-rusia-summer-school-2019\/'>Resoluci\u00f3n Provisional Rusia Summer School 2019<\/a><\/h3>\n                <div class=\"text-muted text-small\"><i class=\"fas fa-copy\"><\/i> 1 file(s) <i class=\"fas fa-hdd ml-3\"><\/i> 111.71 KB<\/div>\n            <\/div>\n            <div class=\"ml-3\">\n                <a class='wpdm-download-link download-on-click btn btn-primary ' rel='nofollow' href='#' data-downloadurl=\"https:\/\/internacional.ulpgc.es\/en\/download\/resolucion-provisional-rusia-summer-school-2019\/?wpdmdl=5560&refresh=69d415fe7594e1775506942\">Download<\/a>\n            <\/div>\n        <\/div>\n    <\/div>\n<\/div>\n\n<\/div>[\/vc_column_text][vc_column_text]<div class='w3eden'><!-- WPDM Link Template: Default Template -->\n\n<div class=\"link-template-default card mb-2\">\n    <div class=\"card-body\">\n        <div class=\"media\">\n            <div class=\"mr-3 img-48\"><img decoding=\"async\" class=\"wpdm_icon\" alt=\"Icon\" src=\"https:\/\/internacional.ulpgc.es\/wp-content\/plugins\/download-manager\/assets\/file-type-icons\/pdf.svg\" \/><\/div>\n            <div class=\"media-body\">\n                <h3 class=\"package-title\"><a href='https:\/\/internacional.ulpgc.es\/en\/download\/resolucion-definitiva-rusia-summer-school-2019\/'>Resoluci\u00f3n Definitiva Rusia Summer School 2019<\/a><\/h3>\n                <div class=\"text-muted text-small\"><i class=\"fas fa-copy\"><\/i> 1 file(s) <i class=\"fas fa-hdd ml-3\"><\/i> 103.17 KB<\/div>\n            <\/div>\n            <div class=\"ml-3\">\n                <a class='wpdm-download-link download-on-click btn btn-primary ' rel='nofollow' href='#' data-downloadurl=\"https:\/\/internacional.ulpgc.es\/en\/download\/resolucion-definitiva-rusia-summer-school-2019\/?wpdmdl=5790&refresh=69d415fe7dc0d1775506942\">Download<\/a>\n            <\/div>\n        <\/div>\n    <\/div>\n<\/div>\n\n<\/div>[\/vc_column_text][\/vc_column_inner][\/vc_row_inner][\/vc_column][\/vc_row][vc_row][vc_column]<div class=\"rt-vc-text-title  style2\" style=\"\">\n\t\t\t<h2 class=\"rtin-title\">Documentos<\/h2>\n\t\t\t<\/div>[vc_row_inner][vc_column_inner][vc_column_text]<div class='w3eden'><!-- WPDM Link Template: Default Template -->\n\n<div class=\"link-template-default card mb-2\">\n    <div class=\"card-body\">\n        <div class=\"media\">\n            <div class=\"mr-3 img-48\"><img decoding=\"async\" class=\"wpdm_icon\" alt=\"Icon\" src=\"https:\/\/internacional.ulpgc.es\/wp-content\/plugins\/download-manager\/assets\/file-type-icons\/doc.svg\" \/><\/div>\n            <div class=\"media-body\">\n                <h3 class=\"package-title\"><a href='https:\/\/internacional.ulpgc.es\/en\/download\/formulario-de-solicitud-rusia-summer-school\/'>Formulario de solicitud - Rusia Summer School<\/a><\/h3>\n                <div class=\"text-muted text-small\"><i class=\"fas fa-copy\"><\/i> 1 file(s) <i class=\"fas fa-hdd ml-3\"><\/i> 277.50 KB<\/div>\n            <\/div>\n            <div class=\"ml-3\">\n                <a class='wpdm-download-link download-on-click btn btn-primary ' rel='nofollow' href='#' data-downloadurl=\"https:\/\/internacional.ulpgc.es\/en\/download\/formulario-de-solicitud-rusia-summer-school\/?wpdmdl=5452&refresh=69d415fe860e51775506942\">Download<\/a>\n            <\/div>\n        <\/div>\n    <\/div>\n<\/div>\n\n<\/div>[\/vc_column_text][\/vc_column_inner][\/vc_row_inner][vc_column_text]<div class='w3eden'><!-- WPDM Link Template: Default Template -->\n\n<div class=\"link-template-default card mb-2\">\n    <div class=\"card-body\">\n        <div class=\"media\">\n            <div class=\"mr-3 img-48\"><img decoding=\"async\" class=\"wpdm_icon\" alt=\"Icon\" src=\"https:\/\/internacional.ulpgc.es\/wp-content\/plugins\/download-manager\/assets\/file-type-icons\/doc.svg\" \/><\/div>\n            <div class=\"media-body\">\n                <h3 class=\"package-title\"><a href='https:\/\/internacional.ulpgc.es\/en\/download\/alta-de-terceros-cuenta-bancaria\/'>Alta de terceros - Cuenta bancaria<\/a><\/h3>\n                <div class=\"text-muted text-small\"><i class=\"fas fa-copy\"><\/i> 1 file(s) <i class=\"fas fa-hdd ml-3\"><\/i> 36.00 KB<\/div>\n            <\/div>\n            <div class=\"ml-3\">\n                <a class='wpdm-download-link download-on-click btn btn-primary ' rel='nofollow' href='#' data-downloadurl=\"https:\/\/internacional.ulpgc.es\/en\/download\/alta-de-terceros-cuenta-bancaria\/?wpdmdl=5450&refresh=69d415fe8de501775506942\">Download<\/a>\n            <\/div>\n        <\/div>\n    <\/div>\n<\/div>\n\n<\/div>[\/vc_column_text][vc_column_text]<div class='w3eden'><!-- WPDM Link Template: Default Template -->\n\n<div class=\"link-template-default card mb-2\">\n    <div class=\"card-body\">\n        <div class=\"media\">\n            <div class=\"mr-3 img-48\"><img decoding=\"async\" class=\"wpdm_icon\" alt=\"Icon\" src=\"https:\/\/internacional.ulpgc.es\/wp-content\/plugins\/download-manager\/assets\/file-type-icons\/doc.svg\" \/><\/div>\n            <div class=\"media-body\">\n                <h3 class=\"package-title\"><a href='https:\/\/internacional.ulpgc.es\/en\/download\/formulario-de-reclamacion-rusia-summer-school\/'>Formulario de reclamaci\u00f3n - Rusia Summer School<\/a><\/h3>\n                <div class=\"text-muted text-small\"><i class=\"fas fa-copy\"><\/i> 1 file(s) <i class=\"fas fa-hdd ml-3\"><\/i> 277.50 KB<\/div>\n            <\/div>\n            <div class=\"ml-3\">\n                <a class='wpdm-download-link download-on-click btn btn-primary ' rel='nofollow' href='#' data-downloadurl=\"https:\/\/internacional.ulpgc.es\/en\/download\/formulario-de-reclamacion-rusia-summer-school\/?wpdmdl=5451&refresh=69d415fe965d11775506942\">Download<\/a>\n            <\/div>\n        <\/div>\n    <\/div>\n<\/div>\n\n<\/div>[\/vc_column_text][\/vc_column][\/vc_row][vc_row][vc_column][vc_column_text]<br \/>\n[\/vc_column_text][\/vc_column][\/vc_row]<\/p>\n<\/div>","protected":false},"excerpt":{"rendered":"<p>[vc_row][vc_column][vc_raw_html]JTNDZGl2JTIwY2xhc3MlM0QlMjJydC12Yy10ZXh0LXRpdGxlJTIwJTIwc3R5bGUxJTIyJTNFJTBBJTA5JTNDaDElMjBjbGFzcyUzRCUyMnJ0aW4tdGl0bGUlMjIlM0VSdXNpYSUyMFN1bW1lciUyMFNjaG9vbCUyMDIwMTklM0MlMkZoMSUzRSUwQSUzQyUyRmRpdiUzRQ==[\/vc_raw_html][\/vc_column][\/vc_row][vc_row][vc_column][vc_column_text]Esta convocatoria tiene como objeto establecer los criterios y el procedimiento para conceder ayudas econ\u00f3micas para participar en la \u201cRussian Language and Culture Summer School [&hellip;]<\/p>\n","protected":false},"author":37,"featured_media":0,"parent":0,"menu_order":0,"comment_status":"closed","ping_status":"closed","template":"","meta":{"_acf_changed":false,"footnotes":""},"categories":[146],"tags":[],"class_list":["post-5027","page","type-page","status-publish","hentry","category-estudiantes-outgoing"],"acf":[],"_links":{"self":[{"href":"https:\/\/internacional.ulpgc.es\/en\/wp-json\/wp\/v2\/pages\/5027","targetHints":{"allow":["GET"]}}],"collection":[{"href":"https:\/\/internacional.ulpgc.es\/en\/wp-json\/wp\/v2\/pages"}],"about":[{"href":"https:\/\/internacional.ulpgc.es\/en\/wp-json\/wp\/v2\/types\/page"}],"author":[{"embeddable":true,"href":"https:\/\/internacional.ulpgc.es\/en\/wp-json\/wp\/v2\/users\/37"}],"replies":[{"embeddable":true,"href":"https:\/\/internacional.ulpgc.es\/en\/wp-json\/wp\/v2\/comments?post=5027"}],"version-history":[{"count":5,"href":"https:\/\/internacional.ulpgc.es\/en\/wp-json\/wp\/v2\/pages\/5027\/revisions"}],"predecessor-version":[{"id":5792,"href":"https:\/\/internacional.ulpgc.es\/en\/wp-json\/wp\/v2\/pages\/5027\/revisions\/5792"}],"wp:attachment":[{"href":"https:\/\/internacional.ulpgc.es\/en\/wp-json\/wp\/v2\/media?parent=5027"}],"wp:term":[{"taxonomy":"category","embeddable":true,"href":"https:\/\/internacional.ulpgc.es\/en\/wp-json\/wp\/v2\/categories?post=5027"},{"taxonomy":"post_tag","embeddable":true,"href":"https:\/\/internacional.ulpgc.es\/en\/wp-json\/wp\/v2\/tags?post=5027"}],"curies":[{"name":"wp","href":"https:\/\/api.w.org\/{rel}","templated":true}]}}