{"id":5998,"date":"2019-11-19T12:42:01","date_gmt":"2019-11-19T12:42:01","guid":{"rendered":"https:\/\/internacional.ulpgc.es\/?page_id=5998"},"modified":"2021-01-19T13:20:55","modified_gmt":"2021-01-19T13:20:55","slug":"erasmus-practicas-2019-2020","status":"publish","type":"page","link":"https:\/\/internacional.ulpgc.es\/en\/movilidad-outgoing\/estudiantes-outgoing\/espanol-erasmus-practicas-2019-2020\/","title":{"rendered":"(Espa\u00f1ol) Erasmus+ Pr\u00e1cticas 2019-2020"},"content":{"rendered":"<div class=\"wpb-content-wrapper\"><p>OnCampus Estudia Health private insurance -  Conditions 2019<\/a><\/h3>\n                <div class=\"text-muted text-small\"><i class=\"fas fa-copy\"><\/i> 1 file(s) <i class=\"fas fa-hdd ml-3\"><\/i> 122.29 KB<\/div>\n            <\/div>\n            <div class=\"ml-3\">\n                <a class='wpdm-download-link download-on-click btn btn-primary ' rel='nofollow' href='#' data-downloadurl=\"https:\/\/internacional.ulpgc.es\/en\/download\/oncampus-estudia-health-private-insurance-conditions-2019\/?wpdmdl=5384&refresh=69e32aa3d3f3c1776495267\">Download<\/a>\n            <\/div>\n        <\/div>\n    <\/div>\n<\/div>\n\n<\/div>\n<p>&nbsp;<\/p>\n<p>Si, por el contrario, usted elige un seguro con otra compa\u00f1\u00eda, \u00e9ste debe cubrir, como m\u00ednimo y como se indica tambi\u00e9n en la convocatoria los siguiente:<\/p>\n<ul>\n<li>Contingencias por accidentes.<\/li>\n<li>Repatriaci\u00f3n en caso de fallecimiento.<\/li>\n<\/ul>\n<p>3. Documento Bancario. Documento en cual se refleja su n\u00famero de cuenta completo y donde aparezca como titular o co-titular de la misma.<\/p>\n<p>4. Convenio subvenci\u00f3n. Una vez obtenido el certificado digital y subido el documento bancario, se le enviar\u00e1 un aviso por correo electr\u00f3nico a su correo institucional\u00a0 para\u00a0 que descargues el convenio de subvenci\u00f3n que deber\u00e1 firmar con su certificado digital.<\/p>\n<p>A continuaci\u00f3n, encontrar\u00e1 la gu\u00eda explicativa para obtener el certificado digital y firmar el convenio de subvenci\u00f3n digitalmente.<\/p>\n<div class='w3eden'><!-- WPDM Link Template: Default Template -->\n\n<div class=\"link-template-default card mb-2\">\n    <div class=\"card-body\">\n        <div class=\"media\">\n            <div class=\"mr-3 img-48\"><img decoding=\"async\" class=\"wpdm_icon\" alt=\"Icon\" src=\"https:\/\/internacional.ulpgc.es\/wp-content\/plugins\/download-manager\/assets\/file-type-icons\/pdf.svg\" \/><\/div>\n            <div class=\"media-body\">\n                <h3 class=\"package-title\"><a href='https:\/\/internacional.ulpgc.es\/en\/download\/guia-para-obtener-el-certificado-digital-y-firmar-el-contrato-financiero\/'>Gu\u00eda para obtener el certificado digital y firmar el convenio de subvenci\u00f3n<\/a><\/h3>\n                <div class=\"text-muted text-small\"><i class=\"fas fa-copy\"><\/i> 1 file(s) <i class=\"fas fa-hdd ml-3\"><\/i> 1.33 MB<\/div>\n            <\/div>\n            <div class=\"ml-3\">\n                <a class='wpdm-download-link download-on-click btn btn-primary ' rel='nofollow' href='#' data-downloadurl=\"https:\/\/internacional.ulpgc.es\/en\/download\/guia-para-obtener-el-certificado-digital-y-firmar-el-contrato-financiero\/?wpdmdl=5399&refresh=69e32aa3de6a51776495267\">Download<\/a>\n            <\/div>\n        <\/div>\n    <\/div>\n<\/div>\n\n<\/div>\n<p>&nbsp;<\/p>\n<p>5. Tarjeta Sanitaria Europea. Debe subir una captura de la tarjeta sanitaria europea que cubr\u00e1 el periodo completo de la movilidad o mayor y tendr\u00e1 que obtenerla a trav\u00e9s de la seguridad social (https:\/\/w6.seg-social.es\/solTse\/jsp\/Entrada.jsp)<\/p>\n<p>6. Primera prueba obligatoria del idioma de ense\u00f1anza (OLS): Recibir\u00e1 a tu correo electr\u00f3nico institucional una invitaci\u00f3n para realizar la primera prueba del idioma de nivel del idioma de ense\u00f1anza. Tendr\u00e1 un mes de plazo para realizarla.<\/p>\n<p><strong> Dicho convenio de subvenci\u00f3n firmado deber\u00e1 subirlo en la aplicaci\u00f3n.<\/strong><\/p>\n<p><em><strong>DURANTE LA MOVILIDAD<\/strong><\/em><\/p>\n<p>7. Certificado de llegada (una vez llegado a la Universidad de destino) firmado y sellado y en el idioma que corresponde. Encontrar\u00e1 estos modelos en el apartado de \u201cDocumentos\u201d.<\/p>\n<p><strong><em>En el caso de que ampl\u00ede o reduzca estancia deber\u00e1 subir los siguientes documentos:<\/em><\/strong><\/p>\n<p>8. Documento de pr\u00f3rroga. Deber\u00e1 subir este documento cuando ampl\u00ede o reduzca su estancia con las firmas de los coordinadores con los sellos de las universidades.<\/p>\n<p>9. Acuerdo de formaci\u00f3n (During). Deber\u00e1 subir el acuerdo formaci\u00f3n con la parte &#8220;Durante la movilidad o During the mobility&#8221; rellenada con los cambios de sus asignaturas.<\/p>\n<p><em><strong>DESPU\u00c9S DE LA MOVILIDAD<\/strong><\/em><\/p>\n<p>10. Certificado de salida (una vez hayas finalizado la movilidad) firmado y sellado en el idioma que corresponde. Encontrar\u00e1 estos modelos en el apartado de \u201cDocumentos\u201d.<\/p>\n<p>11. Segunda prueba obligatoria del idioma de ense\u00f1anza (OLS): Al rellenar la fecha de inicio y de finalizaci\u00f3n en su perfil del OLS, la plataforma recuerda la fecha de fin de la movilidad y manda al correo electr\u00f3nico otra invitaci\u00f3n para la realizaci\u00f3n de la segunda prueba dos semanas antes de la finalizaci\u00f3n de la movilidad.<\/p>\n<p>12. Cuestionario del estudiante (UE Survey). Recibir\u00e1 en su correo institucional una invitaci\u00f3n para realizar el informe final EU (comprobar siempre la bandeja Spam sino le ha llegado la invitaci\u00f3n).<\/p>\n<p>13. After the mobility. Documento que tendr\u00e1 que ser firmado por el coordinador de pr\u00e1cticas de destino donde se recoge las labores de las mismas.<\/p>\n<p>[\/vc_column_text][\/vc_column][\/vc_row][vc_row][vc_column][vc_basic_grid post_type=&#8221;post&#8221; max_items=&#8221;-1&#8243; item=&#8221;2713&#8243; grid_id=&#8221;vc_gid:1611062373999-e2281e0d-c0b2-1&#8243; taxonomies=&#8221;219&#8243;][\/vc_column][\/vc_row][vc_row][vc_column]<div class=\"rt-vc-text-title  style2\" style=\"\">\n\t\t\t<h2 class=\"rtin-title\">Documentos<\/h2>\n\t\t\t\t<p class=\"rtin-content\">La aportaci\u00f3n de los siguientes documentos (learning agreement, certificado de llegada y de salida), son imprescindibles para poder gestionar su beca. El estudiante deber\u00e1 imprimirlos, rellenarlos y volverlos a colgar en la plataforma Mobility Online, una vez hayan sido firmados por quien corresponda. Tambi\u00e9n dispone de un certificado de pr\u00f3rroga y de renuncia en caso de necesitarlo.<\/p>\n\t\t<\/div>[vc_row_inner][vc_column_inner][vc_column_text]<div class='w3eden'><!-- WPDM Link Template: Default Template -->\n\n<div class=\"link-template-default card mb-2\">\n    <div class=\"card-body\">\n        <div class=\"media\">\n            <div class=\"mr-3 img-48\"><img decoding=\"async\" class=\"wpdm_icon\" alt=\"Icon\" src=\"https:\/\/internacional.ulpgc.es\/wp-content\/plugins\/download-manager\/assets\/file-type-icons\/pdf.svg\" \/><\/div>\n            <div class=\"media-body\">\n                <h3 class=\"package-title\"><a href='https:\/\/internacional.ulpgc.es\/en\/download\/external-internship-regulations-updated-05-03-2018\/'>EXTERNAL INTERNSHIP REGULATIONS (Updated 05\/03\/2018) <\/a><\/h3>\n                <div class=\"text-muted text-small\"><i class=\"fas fa-copy\"><\/i> 1 file(s) <i class=\"fas fa-hdd ml-3\"><\/i> 462.04 KB<\/div>\n            <\/div>\n            <div class=\"ml-3\">\n                <a class='wpdm-download-link download-on-click btn btn-primary ' rel='nofollow' href='#' data-downloadurl=\"https:\/\/internacional.ulpgc.es\/en\/download\/external-internship-regulations-updated-05-03-2018\/?wpdmdl=2799&refresh=69e32aa3e8e701776495267\">Download<\/a>\n            <\/div>\n        <\/div>\n    <\/div>\n<\/div>\n\n<\/div>[\/vc_column_text][vc_column_text]<div class='w3eden'><!-- WPDM Link Template: Default Template -->\n\n<div class=\"link-template-default card mb-2\">\n    <div class=\"card-body\">\n        <div class=\"media\">\n            <div class=\"mr-3 img-48\"><img decoding=\"async\" class=\"wpdm_icon\" alt=\"Icon\" src=\"https:\/\/internacional.ulpgc.es\/wp-content\/plugins\/download-manager\/assets\/file-type-icons\/pdf.svg\" \/><\/div>\n            <div class=\"media-body\">\n                <h3 class=\"package-title\"><a href='https:\/\/internacional.ulpgc.es\/en\/download\/generic-renunciation-document-internship\/'>GENERIC RENUNCIATION DOCUMENT \u2013 INTERNSHIP<\/a><\/h3>\n                <div class=\"text-muted text-small\"><i class=\"fas fa-copy\"><\/i> 1 file(s) <i class=\"fas fa-hdd ml-3\"><\/i> 45.72 KB<\/div>\n            <\/div>\n            <div class=\"ml-3\">\n                <a class='wpdm-download-link download-on-click btn btn-primary ' rel='nofollow' href='#' data-downloadurl=\"https:\/\/internacional.ulpgc.es\/en\/download\/generic-renunciation-document-internship\/?wpdmdl=2800&refresh=69e32aa3f21391776495267\">Download<\/a>\n            <\/div>\n        <\/div>\n    <\/div>\n<\/div>\n\n<\/div>[\/vc_column_text][vc_column_text]<div class='w3eden'><!-- WPDM Link Template: Default Template -->\n\n<div class=\"link-template-default card mb-2\">\n    <div class=\"card-body\">\n        <div class=\"media\">\n            <div class=\"mr-3 img-48\"><img decoding=\"async\" class=\"wpdm_icon\" alt=\"Icon\" src=\"https:\/\/internacional.ulpgc.es\/wp-content\/plugins\/download-manager\/assets\/file-type-icons\/pdf.svg\" \/><\/div>\n            <div class=\"media-body\">\n                <h3 class=\"package-title\"><a href='https:\/\/internacional.ulpgc.es\/en\/download\/erasmus-letter-2\/'>ERASMUS+ LETTER<\/a><\/h3>\n                <div class=\"text-muted text-small\"><i class=\"fas fa-copy\"><\/i> 1 file(s) <i class=\"fas fa-hdd ml-3\"><\/i> 479.04 KB<\/div>\n            <\/div>\n            <div class=\"ml-3\">\n                <a class='wpdm-download-link download-on-click btn btn-primary ' rel='nofollow' href='#' data-downloadurl=\"https:\/\/internacional.ulpgc.es\/en\/download\/erasmus-letter-2\/?wpdmdl=2801&refresh=69e32aa40641e1776495268\">Download<\/a>\n            <\/div>\n        <\/div>\n    <\/div>\n<\/div>\n\n<\/div>[\/vc_column_text][vc_column_text]<div class='w3eden'><!-- WPDM Link Template: Default Template -->\n\n<div class=\"link-template-default card mb-2\">\n    <div class=\"card-body\">\n        <div class=\"media\">\n            <div class=\"mr-3 img-48\"><img decoding=\"async\" class=\"wpdm_icon\" alt=\"Icon\" src=\"https:\/\/internacional.ulpgc.es\/wp-content\/plugins\/download-manager\/assets\/file-type-icons\/docx.svg\" \/><\/div>\n            <div class=\"media-body\">\n                <h3 class=\"package-title\"><a href='https:\/\/internacional.ulpgc.es\/en\/download\/after-mobility-internship-assessment\/'>After the mobility -  \u201cEvaluaci\u00f3n de las pr\u00e1cticas\u201d<\/a><\/h3>\n                <div class=\"text-muted text-small\"><i class=\"fas fa-copy\"><\/i> 1 file(s) <i class=\"fas fa-hdd ml-3\"><\/i> 65.56 KB<\/div>\n            <\/div>\n            <div class=\"ml-3\">\n                <a class='wpdm-download-link download-on-click btn btn-primary ' rel='nofollow' href='#' data-downloadurl=\"https:\/\/internacional.ulpgc.es\/en\/download\/after-mobility-internship-assessment\/?wpdmdl=2802&refresh=69e32aa40ec7a1776495268\">Download<\/a>\n            <\/div>\n        <\/div>\n    <\/div>\n<\/div>\n\n<\/div>[\/vc_column_text][vc_column_text]<div class='w3eden'><!-- WPDM Link Template: Default Template -->\n\n<div class=\"link-template-default card mb-2\">\n    <div class=\"card-body\">\n        <div class=\"media\">\n            <div class=\"mr-3 img-48\"><img decoding=\"async\" class=\"wpdm_icon\" alt=\"Icon\" src=\"https:\/\/internacional.ulpgc.es\/wp-content\/plugins\/download-manager\/assets\/file-type-icons\/docx.svg\" \/><\/div>\n            <div class=\"media-body\">\n                <h3 class=\"package-title\"><a href='https:\/\/internacional.ulpgc.es\/en\/download\/erasmus-internship-learning-agreement\/'>Erasmus+ Internship learning agreement<\/a><\/h3>\n                <div class=\"text-muted text-small\"><i class=\"fas fa-copy\"><\/i> 1 file(s) <i class=\"fas fa-hdd ml-3\"><\/i> 83.43 KB<\/div>\n            <\/div>\n            <div class=\"ml-3\">\n                <a class='wpdm-download-link download-on-click btn btn-primary ' rel='nofollow' href='#' data-downloadurl=\"https:\/\/internacional.ulpgc.es\/en\/download\/erasmus-internship-learning-agreement\/?wpdmdl=2803&refresh=69e32aa417d581776495268\">Download<\/a>\n            <\/div>\n        <\/div>\n    <\/div>\n<\/div>\n\n<\/div>[\/vc_column_text][vc_column_text]<div class='w3eden'><!-- WPDM Link Template: Default Template -->\n\n<div class=\"link-template-default card mb-2\">\n    <div class=\"card-body\">\n        <div class=\"media\">\n            <div class=\"mr-3 img-48\"><img decoding=\"async\" class=\"wpdm_icon\" alt=\"Icon\" src=\"https:\/\/internacional.ulpgc.es\/wp-content\/plugins\/download-manager\/assets\/file-type-icons\/doc.svg\" \/><\/div>\n            <div class=\"media-body\">\n                <h3 class=\"package-title\"><a href='https:\/\/internacional.ulpgc.es\/en\/download\/erasmus-internship-stay-certificate\/'>Erasmus+ Internship stay certificate<\/a><\/h3>\n                <div class=\"text-muted text-small\"><i class=\"fas fa-copy\"><\/i> 1 file(s) <i class=\"fas fa-hdd ml-3\"><\/i> 66.00 KB<\/div>\n            <\/div>\n            <div class=\"ml-3\">\n                <a class='wpdm-download-link download-on-click btn btn-primary ' rel='nofollow' href='#' data-downloadurl=\"https:\/\/internacional.ulpgc.es\/en\/download\/erasmus-internship-stay-certificate\/?wpdmdl=2804&refresh=69e32aa4207c91776495268\">Download<\/a>\n            <\/div>\n        <\/div>\n    <\/div>\n<\/div>\n\n<\/div>[\/vc_column_text][vc_column_text]<div class='w3eden'><!-- WPDM Link Template: Default Template -->\n\n<div class=\"link-template-default card mb-2\">\n    <div class=\"card-body\">\n        <div class=\"media\">\n            <div class=\"mr-3 img-48\"><img decoding=\"async\" class=\"wpdm_icon\" alt=\"Icon\" src=\"https:\/\/internacional.ulpgc.es\/wp-content\/plugins\/download-manager\/assets\/file-type-icons\/docx.svg\" \/><\/div>\n            <div class=\"media-body\">\n                <h3 class=\"package-title\"><a href='https:\/\/internacional.ulpgc.es\/en\/download\/acuerdo-de-formacion-erasmus-practicas-during\/'>Acuerdo de formaci\u00f3n Erasmus+ Pr\u00e1cticas (During)<\/a><\/h3>\n                <div class=\"text-muted text-small\"><i class=\"fas fa-copy\"><\/i> 1 file(s) <i class=\"fas fa-hdd ml-3\"><\/i> 72.77 KB<\/div>\n            <\/div>\n            <div class=\"ml-3\">\n                <a class='wpdm-download-link download-on-click btn btn-primary ' rel='nofollow' href='#' data-downloadurl=\"https:\/\/internacional.ulpgc.es\/en\/download\/acuerdo-de-formacion-erasmus-practicas-during\/?wpdmdl=5816&refresh=69e32aa42904c1776495268\">Download<\/a>\n            <\/div>\n        <\/div>\n    <\/div>\n<\/div>\n\n<\/div>[\/vc_column_text][\/vc_column_inner][\/vc_row_inner][\/vc_column][\/vc_row][vc_row][vc_column]<div class=\"rt-vc-text-title  style2\" style=\"\">\n\t\t\t<h2 class=\"rtin-title\">Convocatoria y resoluciones<\/h2>\n\t\t\t\t<p class=\"rtin-content\">Este apartado est\u00e1 destinado para que el Gabinete de Relaciones Internacionales muestre el listado provisional, el listado definitivo, y cualquier otro documento de la convocatoria que se estime oportuno.<br \/>\n<\/p>\n\t\t<\/div>[vc_row_inner][vc_column_inner][vc_column_text]<div class='w3eden'><!-- WPDM Link Template: Default Template -->\n\n<div class=\"link-template-default card mb-2\">\n    <div class=\"card-body\">\n        <div class=\"media\">\n            <div class=\"mr-3 img-48\"><img decoding=\"async\" class=\"wpdm_icon\" alt=\"Icon\" src=\"https:\/\/internacional.ulpgc.es\/wp-content\/plugins\/download-manager\/assets\/file-type-icons\/pdf.svg\" \/><\/div>\n            <div class=\"media-body\">\n                <h3 class=\"package-title\"><a href='https:\/\/internacional.ulpgc.es\/en\/download\/convocatoria-erasmus-practicas-2019-20\/'>Convocatoria Erasmus+ Pr\u00e1cticas 2019-20<\/a><\/h3>\n                <div class=\"text-muted text-small\"><i class=\"fas fa-copy\"><\/i> 1 file(s) <i class=\"fas fa-hdd ml-3\"><\/i> 88.22 KB<\/div>\n            <\/div>\n            <div class=\"ml-3\">\n                <a class='wpdm-download-link download-on-click btn btn-primary ' rel='nofollow' href='#' data-downloadurl=\"https:\/\/internacional.ulpgc.es\/en\/download\/convocatoria-erasmus-practicas-2019-20\/?wpdmdl=5068&refresh=69e32aa431a7d1776495268\">Download<\/a>\n            <\/div>\n        <\/div>\n    <\/div>\n<\/div>\n\n<\/div>[\/vc_column_text][vc_column_text]<div class='w3eden'><!-- WPDM Link Template: Default Template -->\n\n<div class=\"link-template-default card mb-2\">\n    <div class=\"card-body\">\n        <div class=\"media\">\n            <div class=\"mr-3 img-48\"><img decoding=\"async\" class=\"wpdm_icon\" alt=\"Icon\" src=\"https:\/\/internacional.ulpgc.es\/wp-content\/plugins\/download-manager\/assets\/file-type-icons\/pdf.svg\" \/><\/div>\n            <div class=\"media-body\">\n                <h3 class=\"package-title\"><a href='https:\/\/internacional.ulpgc.es\/en\/download\/resolucion-provisional-erasmus-practicas-10-06-2019\/'>Resoluci\u00f3n provisional \u2013 Erasmus+ Pr\u00e1cticas (10-06-2019)<\/a><\/h3>\n                <div class=\"text-muted text-small\"><i class=\"fas fa-copy\"><\/i> 1 file(s) <i class=\"fas fa-hdd ml-3\"><\/i> 435.97 KB<\/div>\n            <\/div>\n            <div class=\"ml-3\">\n                <a class='wpdm-download-link download-on-click btn btn-primary ' rel='nofollow' href='#' data-downloadurl=\"https:\/\/internacional.ulpgc.es\/en\/download\/resolucion-provisional-erasmus-practicas-10-06-2019\/?wpdmdl=5481&refresh=69e32aa43ac2b1776495268\">Download<\/a>\n            <\/div>\n        <\/div>\n    <\/div>\n<\/div>\n\n<\/div>[\/vc_column_text][vc_column_text]<div class='w3eden'><!-- WPDM Link Template: Default Template -->\n\n<div class=\"link-template-default card mb-2\">\n    <div class=\"card-body\">\n        <div class=\"media\">\n            <div class=\"mr-3 img-48\"><img decoding=\"async\" class=\"wpdm_icon\" alt=\"Icon\" src=\"https:\/\/internacional.ulpgc.es\/wp-content\/plugins\/download-manager\/assets\/file-type-icons\/pdf.svg\" \/><\/div>\n            <div class=\"media-body\">\n                <h3 class=\"package-title\"><a href='https:\/\/internacional.ulpgc.es\/en\/download\/espanol-resolucion-definitiva-erasmus-practicas-2019-2020-28-06-2019\/'>Resoluci\u00f3n definitiva \u2013 Erasmus+ Pr\u00e1cticas 2019-2020 (28-06-2019)<\/a><\/h3>\n                <div class=\"text-muted text-small\"><i class=\"fas fa-copy\"><\/i> 1 file(s) <i class=\"fas fa-hdd ml-3\"><\/i> 111.37 KB<\/div>\n            <\/div>\n            <div class=\"ml-3\">\n                <a class='wpdm-download-link download-on-click btn btn-primary ' rel='nofollow' href='#' data-downloadurl=\"https:\/\/internacional.ulpgc.es\/en\/download\/espanol-resolucion-definitiva-erasmus-practicas-2019-2020-28-06-2019\/?wpdmdl=5516&refresh=69e32aa4439331776495268\">Download<\/a>\n            <\/div>\n        <\/div>\n    <\/div>\n<\/div>\n\n<\/div>[\/vc_column_text][vc_column_text]<div class='w3eden'><!-- WPDM Link Template: Default Template -->\n\n<div class=\"link-template-default card mb-2\">\n    <div class=\"card-body\">\n        <div class=\"media\">\n            <div class=\"mr-3 img-48\"><img decoding=\"async\" class=\"wpdm_icon\" alt=\"Icon\" src=\"https:\/\/internacional.ulpgc.es\/wp-content\/plugins\/download-manager\/assets\/file-type-icons\/pdf.svg\" \/><\/div>\n            <div class=\"media-body\">\n                <h3 class=\"package-title\"><a href='https:\/\/internacional.ulpgc.es\/en\/download\/espanol-resolucion-de-ampliacion-de-las-fechas-de-movilidad-de-los-programas-erasmus24-04-2020\/'><\/a><\/h3>\n                <div class=\"text-muted text-small\"><i class=\"fas fa-copy\"><\/i> 1 file(s) <i class=\"fas fa-hdd ml-3\"><\/i> 185.00 KB<\/div>\n            <\/div>\n            <div class=\"ml-3\">\n                <a class='wpdm-download-link download-on-click btn btn-primary ' rel='nofollow' href='#' data-downloadurl=\"https:\/\/internacional.ulpgc.es\/en\/download\/espanol-resolucion-de-ampliacion-de-las-fechas-de-movilidad-de-los-programas-erasmus24-04-2020\/?wpdmdl=6490&refresh=69e32aa44e3151776495268\">Download<\/a>\n            <\/div>\n        <\/div>\n    <\/div>\n<\/div>\n\n<\/div>[\/vc_column_text][vc_column_text][\/vc_column_text][\/vc_column_inner][\/vc_row_inner][\/vc_column][\/vc_row]<\/p>\n<\/div>","protected":false},"excerpt":{"rendered":"<p>Sorry, this entry is only available in Espa\u00f1ol.<\/p>\n","protected":false},"author":5,"featured_media":0,"parent":2716,"menu_order":0,"comment_status":"closed","ping_status":"closed","template":"","meta":{"_acf_changed":false,"footnotes":""},"categories":[146],"tags":[],"class_list":["post-5998","page","type-page","status-publish","hentry","category-estudiantes-outgoing"],"acf":[],"_links":{"self":[{"href":"https:\/\/internacional.ulpgc.es\/en\/wp-json\/wp\/v2\/pages\/5998","targetHints":{"allow":["GET"]}}],"collection":[{"href":"https:\/\/internacional.ulpgc.es\/en\/wp-json\/wp\/v2\/pages"}],"about":[{"href":"https:\/\/internacional.ulpgc.es\/en\/wp-json\/wp\/v2\/types\/page"}],"author":[{"embeddable":true,"href":"https:\/\/internacional.ulpgc.es\/en\/wp-json\/wp\/v2\/users\/5"}],"replies":[{"embeddable":true,"href":"https:\/\/internacional.ulpgc.es\/en\/wp-json\/wp\/v2\/comments?post=5998"}],"version-history":[{"count":4,"href":"https:\/\/internacional.ulpgc.es\/en\/wp-json\/wp\/v2\/pages\/5998\/revisions"}],"predecessor-version":[{"id":6942,"href":"https:\/\/internacional.ulpgc.es\/en\/wp-json\/wp\/v2\/pages\/5998\/revisions\/6942"}],"up":[{"embeddable":true,"href":"https:\/\/internacional.ulpgc.es\/en\/wp-json\/wp\/v2\/pages\/2716"}],"wp:attachment":[{"href":"https:\/\/internacional.ulpgc.es\/en\/wp-json\/wp\/v2\/media?parent=5998"}],"wp:term":[{"taxonomy":"category","embeddable":true,"href":"https:\/\/internacional.ulpgc.es\/en\/wp-json\/wp\/v2\/categories?post=5998"},{"taxonomy":"post_tag","embeddable":true,"href":"https:\/\/internacional.ulpgc.es\/en\/wp-json\/wp\/v2\/tags?post=5998"}],"curies":[{"name":"wp","href":"https:\/\/api.w.org\/{rel}","templated":true}]}}