{"id":6801,"date":"2020-11-11T10:07:33","date_gmt":"2020-11-11T10:07:33","guid":{"rendered":"https:\/\/internacional.ulpgc.es\/?page_id=6801"},"modified":"2025-12-03T08:48:29","modified_gmt":"2025-12-03T08:48:29","slug":"ulpgc-winter-school","status":"publish","type":"page","link":"https:\/\/internacional.ulpgc.es\/en\/english-ulpgc-winter-school\/","title":{"rendered":"ULPGC WINTER SCHOOL"},"content":{"rendered":"<div class=\"wpb-content-wrapper\"><p>Winter School 2026 - Full Program<\/a><\/h3>\n                <div class=\"text-muted text-small\"><i class=\"fas fa-copy\"><\/i> 1 file(s) <i class=\"fas fa-hdd ml-3\"><\/i> 166.16 KB<\/div>\n            <\/div>\n            <div class=\"ml-3\">\n                <a class='wpdm-download-link download-on-click btn btn-primary ' rel='nofollow' href='#' data-downloadurl=\"https:\/\/internacional.ulpgc.es\/en\/download\/winter-school-2026-full-program\/?wpdmdl=12949&refresh=69d14501aebce1775322369\">Download<\/a>\n            <\/div>\n        <\/div>\n    <\/div>\n<\/div>\n\n<\/div>\n<div class='w3eden'><!-- WPDM Link Template: Default Template -->\n\n<div class=\"link-template-default card mb-2\">\n    <div class=\"card-body\">\n        <div class=\"media\">\n            <div class=\"mr-3 img-48\"><img decoding=\"async\" class=\"wpdm_icon\" alt=\"Icon\" src=\"https:\/\/internacional.ulpgc.es\/wp-content\/plugins\/download-manager\/assets\/file-type-icons\/pdf.svg\" \/><\/div>\n            <div class=\"media-body\">\n                <h3 class=\"package-title\"><a href='https:\/\/internacional.ulpgc.es\/en\/download\/winter-school-2026-activity-program\/'>Winter School 2026 - Activity Program<\/a><\/h3>\n                <div class=\"text-muted text-small\"><i class=\"fas fa-copy\"><\/i> 1 file(s) <i class=\"fas fa-hdd ml-3\"><\/i> 7.15 MB<\/div>\n            <\/div>\n            <div class=\"ml-3\">\n                <a class='wpdm-download-link download-on-click btn btn-primary ' rel='nofollow' href='#' data-downloadurl=\"https:\/\/internacional.ulpgc.es\/en\/download\/winter-school-2026-activity-program\/?wpdmdl=12948&refresh=69d14501ba9801775322369\">Download<\/a>\n            <\/div>\n        <\/div>\n    <\/div>\n<\/div>\n\n<\/div>[\/vc_column_text][vc_tta_accordion][vc_tta_section title=&#8221;General&#8221; tab_id=&#8221;1526922651886-8b6441ec-b7e0&#8243;][vc_column_text]Los estudiantes (Nivel A1.2) aprender\u00e1n espa\u00f1ol en un Programa Intensivo de 3 semanas (60 horas) a trav\u00e9s de una serie de cursos, seminarios y divertidas actividades interactivas que les har\u00e1n sentir la cultura y la vida en Espa\u00f1a. Al mismo tiempo, los estudiantes podr\u00e1n experimentar la vida y la cultura de los pa\u00edses de cada participante. Para los estudiantes que eligieron el sistema presencial podr\u00e1n encontrar y divertidas actividades interactivas que le har\u00e1n sentir la cultura y la vida en Espa\u00f1a, y en particular en Gran Canaria.[\/vc_column_text][\/vc_tta_section][vc_tta_section title=&#8221;Tasas&#8221; tab_id=&#8221;1526922883126-6ec5d3ff-f0b2&#8243;][vc_column_text css=&#8221;&#8221;]El precio de nuestra Escuela de Verano de Espa\u00f1ol Online 2026 es de 350 euros presencial, 250 euros online.<\/p>\n<p>Esto incluye:<\/p>\n<ul>\n<li>60 horas de clases de espa\u00f1ol comunicativo (equivalentes a 6 cr\u00e9ditos ECTS).<\/li>\n<li>Horario: 09.30pm -14.00pm (zona horaria GMT)<\/li>\n<li>Para sede presencial, viaje y almuerzo en actividades de inmersi\u00f3n en espa\u00f1ol<\/li>\n<li>El n\u00famero m\u00e1ximo de participantes a asignar son 30 estudiantes presenciales, 20 estudiantes online.<\/li>\n<li>Herramientas a utilizar: Clases presenciales, Moodle ULPGC.<\/li>\n<li>Certificado oficial entregado por la ULPGC tras la finalizaci\u00f3n del curso.<\/li>\n<\/ul>\n<p><strong>El criterio de selecci\u00f3n ser\u00e1 el orden de inscripciones.<\/strong><\/p>\n<p><strong>N\u00famero de alumnos: 30 presenciales y 20 online.<\/strong>[\/vc_column_text][\/vc_tta_section][vc_tta_section title=&#8221;Fecha l\u00edmite de solicitud&#8221; tab_id=&#8221;1526922651942-48b613da-e6d2&#8243;][vc_column_text css=&#8221;&#8221;]<span style=\"color: #000000;\">El plazo de solicitud finaliza el <strong>15 de diciembre de 2025.<\/strong><\/span><\/p>\n<p><span style=\"color: #000000;\">La aceptaci\u00f3n provisional se notificar\u00e1 a los alumnos aceptados por correo electr\u00f3nico el 16 de diciembre.<\/span>[\/vc_column_text][\/vc_tta_section][vc_tta_section title=&#8221;Aceptaci\u00f3n&#8221; tab_id=&#8221;1526922844294-afae8b2d-96f6&#8243;][vc_column_text css=&#8221;&#8221;]<span style=\"color: #000000;\">Una vez que los participantes hayan recibido la confirmaci\u00f3n de aceptaci\u00f3n por parte de la Universidad de las Palmas de Gran Canaria, deber\u00e1n abonar el importe del curso mediante transferencia bancaria a la siguiente cuenta:<\/span><\/p>\n<div class=\"x_elementToProof\"><span style=\"color: #000000;\">CAIXABANK<\/span><\/div>\n<div class=\"x_elementToProof\"><span style=\"color: #000000;\">BIC\/C\u00f3digo SWIFT: CAIXESBBXXX<\/span><br aria-hidden=\"true\" \/><span style=\"color: #000000;\">IBAN: ES65-2100-7837-1113-0015-2172<\/span><\/div>\n<p><span style=\"color: #000000;\">Los participantes deber\u00e1n incluir el nombre completo y la finalidad (WINTER SCHOOL ULPGC) al realizar la transferencia bancaria y enviar un escaneo o PDF de la orden de pago a: <a style=\"color: #000000;\" href=\"mailto:secv.internacional@ulpgc.es\">secv.internacional@ulpgc.es<\/a>.<\/span><\/p>\n<p><span style=\"color: #000000;\"><strong>Las cuotas deben ser pagadas antes del 17 de diciembre de 2025.<\/strong><\/span><\/p>\n<p><span style=\"color: #000000;\">La aceptaci\u00f3n definitiva se notificar\u00e1 a los estudiantes por correo electr\u00f3nico el 18 de diciembre de 2025, una vez se haya confirmado que se ha alcanzado el n\u00famero m\u00ednimo de participantes. De lo contrario, se reembolsar\u00e1 el importe abonado por el curso.<\/span><\/p>\n<p><span style=\"color: #000000;\"><strong>Para participar en el taller, los solicitantes deben contratar un seguro m\u00e9dico privado<\/strong> que cubra, como m\u00ednimo, las siguientes garant\u00edas durante su estancia en la ULPGC:<\/span><br \/>\n<span style=\"color: #000000;\">\u2022 Seguro m\u00e9dico y de accidentes<\/span><br \/>\n<span style=\"color: #000000;\">\u2022 Cobertura de traslado\/repatriaci\u00f3n en caso de enfermedad o fallecimiento.<\/span><\/p>\n<p><span style=\"color: #000000;\">Y envi\u00e1rnoslo a <a style=\"color: #000000;\" href=\"mailto:secv.internacional@ulpgc.es\">secv.internacional@ulpgc.es<\/a> junto con la copia de la orden de pago antes del 22 de diciembre de 2025, antes del mediod\u00eda (12:00 p. m. CET).<\/span><\/p>\n<p><span style=\"color: #000000;\">Adjuntamos nuestro programa provisional.<\/span><\/p>\n<p><span style=\"color: #000000;\">Si tiene alguna pregunta, no dude en ponerse en contacto con nosotros por correo electr\u00f3nico: <a style=\"color: #000000;\" href=\"mailto:secv.internacional@ulpgc.es\">secv.internacional@ulpgc.es<\/a> y <a style=\"color: #000000;\" href=\"mailto:d.internacional@ulpgc.es\">d.internacional@ulpgc.es<\/a>. Haremos todo lo posible para darle respuestas satisfactorias.<\/span><\/p>\n<p><span style=\"color: #000000;\">Esperamos verte en nuestro curso de invierno en Las Palmas de Gran Canaria.<\/span>[\/vc_column_text][\/vc_tta_section][\/vc_tta_accordion][vc_column_text][\/vc_column_text][vc_btn title=&#8221;Registro&#8221; align=&#8221;center&#8221; css=&#8221;&#8221; button_block=&#8221;true&#8221; link=&#8221;url:https%3A%2F%2Fforms.office.com%2Fe%2FDNBvvZV5LH|target:_blank&#8221;][\/vc_column][\/vc_row][vc_row][vc_column][vc_single_image image=&#8221;12996&#8243; img_size=&#8221;large&#8221; alignment=&#8221;center&#8221; onclick=&#8221;custom_link&#8221; css=&#8221;&#8221; link=&#8221;https:\/\/forms.office.com\/e\/DNBvvZV5LH&#8221;][\/vc_column][\/vc_row][vc_row][vc_column][vc_raw_html css=&#8221;&#8221;]JTNDZGl2JTIwY2xhc3MlM0QlMjJydC12Yy10ZXh0LXRpdGxlJTIwJTIwc3R5bGUxJTIyJTNFJTBBJTA5JTNDaDElMjBjbGFzcyUzRCUyMnJ0aW4tdGl0bGUlMjIlM0VVTFBHQyUyMFNQQU5JU0glMjBXSU5URVIlMjBTQ0hPT0wlMjAyMDI2JTNDJTJGaDElM0UlMEElM0MlMkZkaXYlM0U=[\/vc_raw_html][\/vc_column][\/vc_row][vc_row][vc_column]<div class=\"rt-vc-text-title  style2\" style=\"\">\n\t\t\t<h2 class=\"rtin-title\">Information<\/h2>\n\t\t\t\t<p class=\"rtin-content\">We are happy to inform that we will carry out our WINTER SCHOOL in Gran Canaria to be held from <strong>12th \u2013 30th January 2025. <\/strong>This year we offer<strong> on-site and online <\/strong>options.<\/p>\n\t\t<\/div>[vc_row_inner][vc_column_inner][vc_column_text]<div class='w3eden'><!-- WPDM Link Template: Default Template -->\n\n<div class=\"link-template-default card mb-2\">\n    <div class=\"card-body\">\n        <div class=\"media\">\n            <div class=\"mr-3 img-48\"><img decoding=\"async\" class=\"wpdm_icon\" alt=\"Icon\" src=\"https:\/\/internacional.ulpgc.es\/wp-content\/plugins\/download-manager\/assets\/file-type-icons\/pdf.svg\" \/><\/div>\n            <div class=\"media-body\">\n                <h3 class=\"package-title\"><a href='https:\/\/internacional.ulpgc.es\/en\/download\/winter-school-2026-full-program\/'>Winter School 2026 - Full Program<\/a><\/h3>\n                <div class=\"text-muted text-small\"><i class=\"fas fa-copy\"><\/i> 1 file(s) <i class=\"fas fa-hdd ml-3\"><\/i> 166.16 KB<\/div>\n            <\/div>\n            <div class=\"ml-3\">\n                <a class='wpdm-download-link download-on-click btn btn-primary ' rel='nofollow' href='#' data-downloadurl=\"https:\/\/internacional.ulpgc.es\/en\/download\/winter-school-2026-full-program\/?wpdmdl=12949&refresh=69d14501c1e551775322369\">Download<\/a>\n            <\/div>\n        <\/div>\n    <\/div>\n<\/div>\n\n<\/div>\n<div class='w3eden'><!-- WPDM Link Template: Default Template -->\n\n<div class=\"link-template-default card mb-2\">\n    <div class=\"card-body\">\n        <div class=\"media\">\n            <div class=\"mr-3 img-48\"><img decoding=\"async\" class=\"wpdm_icon\" alt=\"Icon\" src=\"https:\/\/internacional.ulpgc.es\/wp-content\/plugins\/download-manager\/assets\/file-type-icons\/pdf.svg\" \/><\/div>\n            <div class=\"media-body\">\n                <h3 class=\"package-title\"><a href='https:\/\/internacional.ulpgc.es\/en\/download\/winter-school-2026-activity-program\/'>Winter School 2026 - Activity Program<\/a><\/h3>\n                <div class=\"text-muted text-small\"><i class=\"fas fa-copy\"><\/i> 1 file(s) <i class=\"fas fa-hdd ml-3\"><\/i> 7.15 MB<\/div>\n            <\/div>\n            <div class=\"ml-3\">\n                <a class='wpdm-download-link download-on-click btn btn-primary ' rel='nofollow' href='#' data-downloadurl=\"https:\/\/internacional.ulpgc.es\/en\/download\/winter-school-2026-activity-program\/?wpdmdl=12948&refresh=69d14501c34191775322369\">Download<\/a>\n            <\/div>\n        <\/div>\n    <\/div>\n<\/div>\n\n<\/div>[\/vc_column_text][\/vc_column_inner][\/vc_row_inner][vc_tta_accordion][vc_tta_section title=&#8221;General&#8221; tab_id=&#8221;1526922651886-8b6441ec-b7e0&#8243;][vc_column_text css=&#8221;&#8221;]Students (Level A1.2) will learn Spanish in a 3-week Intensive Program (60 hours) through a series of courses, seminars, and fun interactive activities that will make you enjoy not only the experience of living in Spain, and particularly of Canary Islands, but also to discover the culture of other students participating in the course. For the students who will chose the face-to-face system, we will offer fun interactive activities organized along the island Gran Canaria.[\/vc_column_text][\/vc_tta_section][vc_tta_section title=&#8221;Fees&#8221; tab_id=&#8221;1526922883126-6ec5d3ff-f0b2&#8243;][vc_column_text css=&#8221;&#8221;]<strong>The fee <\/strong>for our Online Spanish Summer School 2026 is <strong>350 euros on-site, 250 euros online. <\/strong><\/p>\n<p>&nbsp;<\/p>\n<p>This includes:<\/p>\n<ul>\n<li>60 hours of communicative Spanish classes (equivalent to 6 ECTS credits).<\/li>\n<li><strong>Time: 09.30pm -14.0<\/strong><strong>0pm (GMT time zone).<\/strong><\/li>\n<li>For on-site option, travel and lunch in Spanish immersion activities<\/li>\n<li>Tools to be used: face-to-face classes, Moodle ULPGC.<\/li>\n<li>Official certificate delivered by ULPGC after completion of the course.<\/li>\n<\/ul>\n<p><strong>The selection criteria will be the order of registrations.<\/strong><\/p>\n<p><strong>Number of students: 30 on-site and 20 online. <\/strong>[\/vc_column_text][\/vc_tta_section][vc_tta_section title=&#8221;Application Deadline&#8221; tab_id=&#8221;1526922651942-48b613da-e6d2&#8243;][vc_column_text css=&#8221;&#8221;]<span style=\"color: #000000;\"><strong>The deadline for application is 15th December 2025.<\/strong><\/span><\/p>\n<p><span style=\"color: #000000;\"><strong>Provisional acceptance will be notified to the students by e-mail on 16 December 2025.<\/strong><\/span>[\/vc_column_text][\/vc_tta_section][vc_tta_section title=&#8221;Acceptance&#8221; tab_id=&#8221;1526922844294-afae8b2d-96f6&#8243;][vc_column_text css=&#8221;&#8221;]<span style=\"color: #000000;\">Once participants that have received the acceptance confirmation from the University of las Palmas de Gran Canaria, they will have to pay the course fee by bank transfer to the following account:<\/span><\/p>\n<div class=\"x_elementToProof\"><span style=\"color: #000000;\"><strong>CAIXABANK<\/strong><\/span><\/div>\n<div class=\"x_elementToProof\"><span style=\"color: #000000;\"><strong>BIC\/C\u00f3digo SWIFT: CAIXESBBXXX<\/strong><\/span><br aria-hidden=\"true\" \/><span style=\"color: #000000;\"><strong>IBAN: ES65-2100-7837-1113-0015-2172<\/strong><\/span><\/div>\n<p><span style=\"color: #000000;\">Participants must include full name and purpose (WINTER SCHOOL ULPGC) when making the bank transfer and <strong>send a scan or PDF of payment order to: <\/strong><a style=\"color: #000000;\" href=\"mailto:secv.internacional@ulpgc.es\"><strong>secv.internacional@ulpgc.es<\/strong><\/a><strong>.<\/strong><\/span><\/p>\n<p><span style=\"color: #000000;\"><strong>Fees must be paid before December 17th 2025. <\/strong><\/span><\/p>\n<p><span style=\"color: #000000;\"><strong>Final acceptance will be notified to students by e-mail on 18 December 2025<\/strong>, once it has been confirmed that the minimum number of participants has been reached. Otherwise, the course fee paid will be refunded.<\/span><\/p>\n<p><span style=\"color: #000000;\"><strong>To participate in the workshop, applicants must purchase private medical insurance<\/strong> that covers at least the following guarantees during their stay at the ULPGC:<\/span><br \/>\n<span style=\"color: #000000;\">\u2022 Medical and accident insurance<\/span><br \/>\n<span style=\"color: #000000;\">\u2022 Coverage for transfer\/repatriation in case of illness or death.<\/span><\/p>\n<p><span style=\"color: #000000;\">And send it to us to <strong><a style=\"color: #000000;\" href=\"mailto:secv.internacional@ulpgc.es\">secv.internacional@ulpgc.es<\/a> <\/strong>along with the payment order copy <strong>by 22 December 2025, before noon (12:00 p.m. CET).<\/strong><\/span><\/p>\n<p><span style=\"color: #000000;\">Please, find attached our tentative program.<\/span><\/p>\n<p><span style=\"color: #000000;\">If you have any questions, please do not hesitate to contact us by email: <a style=\"color: #000000;\" href=\"mailto:secv.internacional@ulpgc.es\">secv.internacional@ulpgc.es<\/a> and <a style=\"color: #000000;\" href=\"mailto:d.internacional@ulpgc.es\">d.internacional@ulpgc.es<\/a>.<\/span><\/p>\n<p><span style=\"color: #000000;\">Waiting to see you in our Winter School course at Las Palmas de Gran Canaria.<\/span>[\/vc_column_text][\/vc_tta_section][\/vc_tta_accordion][vc_column_text][\/vc_column_text][vc_btn title=&#8221;Registration&#8221; align=&#8221;center&#8221; css=&#8221;&#8221; button_block=&#8221;true&#8221; link=&#8221;url:https%3A%2F%2Fforms.office.com%2Fe%2FDNBvvZV5LH|target:_blank&#8221;][\/vc_column][\/vc_row][vc_row][vc_column][vc_single_image image=&#8221;12996&#8243; img_size=&#8221;large&#8221; alignment=&#8221;center&#8221; onclick=&#8221;custom_link&#8221; img_link_target=&#8221;_blank&#8221; css=&#8221;&#8221; link=&#8221;https:\/\/forms.office.com\/e\/DNBvvZV5LH&#8221;][\/vc_column][\/vc_row]<\/p>\n<\/div>","protected":false},"excerpt":{"rendered":"<p>[vc_row][vc_column][vc_raw_html css=&#8221;&#8221;]JTNDZGl2JTIwY2xhc3MlM0QlMjJydC12Yy10ZXh0LXRpdGxlJTIwJTIwc3R5bGUxJTIyJTNFJTBBJTA5JTNDaDElMjBjbGFzcyUzRCUyMnJ0aW4tdGl0bGUlMjIlM0VVTFBHQyUyMFNQQU5JU0glMjBXSU5URVIlMjBTQ0hPT0wlMjAyMDI2JTNDJTJGaDElM0UlMEElM0MlMkZkaXYlM0U=[\/vc_raw_html][\/vc_column][\/vc_row][vc_row][vc_column][vc_row_inner][vc_column_inner][vc_column_text] [\/vc_column_text][\/vc_column_inner][\/vc_row_inner][vc_tta_accordion][vc_tta_section title=&#8221;General&#8221; tab_id=&#8221;1526922651886-8b6441ec-b7e0&#8243;][vc_column_text css=&#8221;&#8221;]Students (Level A1.2) will learn Spanish in a 3-week Intensive Program (60 hours) through a series of courses, seminars, and [&hellip;]<\/p>\n","protected":false},"author":5,"featured_media":0,"parent":0,"menu_order":0,"comment_status":"closed","ping_status":"closed","template":"","meta":{"_acf_changed":false,"footnotes":""},"categories":[142],"tags":[],"class_list":["post-6801","page","type-page","status-publish","hentry","category-winter"],"acf":[],"_links":{"self":[{"href":"https:\/\/internacional.ulpgc.es\/en\/wp-json\/wp\/v2\/pages\/6801","targetHints":{"allow":["GET"]}}],"collection":[{"href":"https:\/\/internacional.ulpgc.es\/en\/wp-json\/wp\/v2\/pages"}],"about":[{"href":"https:\/\/internacional.ulpgc.es\/en\/wp-json\/wp\/v2\/types\/page"}],"author":[{"embeddable":true,"href":"https:\/\/internacional.ulpgc.es\/en\/wp-json\/wp\/v2\/users\/5"}],"replies":[{"embeddable":true,"href":"https:\/\/internacional.ulpgc.es\/en\/wp-json\/wp\/v2\/comments?post=6801"}],"version-history":[{"count":10,"href":"https:\/\/internacional.ulpgc.es\/en\/wp-json\/wp\/v2\/pages\/6801\/revisions"}],"predecessor-version":[{"id":12997,"href":"https:\/\/internacional.ulpgc.es\/en\/wp-json\/wp\/v2\/pages\/6801\/revisions\/12997"}],"wp:attachment":[{"href":"https:\/\/internacional.ulpgc.es\/en\/wp-json\/wp\/v2\/media?parent=6801"}],"wp:term":[{"taxonomy":"category","embeddable":true,"href":"https:\/\/internacional.ulpgc.es\/en\/wp-json\/wp\/v2\/categories?post=6801"},{"taxonomy":"post_tag","embeddable":true,"href":"https:\/\/internacional.ulpgc.es\/en\/wp-json\/wp\/v2\/tags?post=6801"}],"curies":[{"name":"wp","href":"https:\/\/api.w.org\/{rel}","templated":true}]}}