{"id":7205,"date":"2021-04-29T12:56:44","date_gmt":"2021-04-29T12:56:44","guid":{"rendered":"https:\/\/internacional.ulpgc.es\/?page_id=7205"},"modified":"2025-04-21T13:32:52","modified_gmt":"2025-04-21T13:32:52","slug":"ulpgc-online-summer-school","status":"publish","type":"page","link":"https:\/\/internacional.ulpgc.es\/en\/idiomas-summer\/ulpgc-summer-school\/","title":{"rendered":"ULPGC ONLINE SUMMER SCHOOL"},"content":{"rendered":"<div class=\"wpb-content-wrapper\"><p>Spanish Summer School 2025<\/a><\/h3>\n                <div class=\"text-muted text-small\"><i class=\"fas fa-copy\"><\/i> 1 file(s) <i class=\"fas fa-hdd ml-3\"><\/i> 149.22 KB<\/div>\n            <\/div>\n            <div class=\"ml-3\">\n                <a class='wpdm-download-link download-on-click btn btn-primary ' rel='nofollow' href='#' data-downloadurl=\"https:\/\/internacional.ulpgc.es\/en\/download\/espanol-spanish-summer-school-2022\/?wpdmdl=8362&refresh=69e8da14438d01776867860\">Download<\/a>\n            <\/div>\n        <\/div>\n    <\/div>\n<\/div>\n\n<\/div>\n<div class='w3eden'><!-- WPDM Link Template: Default Template -->\n\n<div class=\"link-template-default card mb-2\">\n    <div class=\"card-body\">\n        <div class=\"media\">\n            <div class=\"mr-3 img-48\"><img decoding=\"async\" class=\"wpdm_icon\" alt=\"Icon\" src=\"https:\/\/internacional.ulpgc.es\/wp-content\/plugins\/download-manager\/assets\/file-type-icons\/pdf.svg\" \/><\/div>\n            <div class=\"media-body\">\n                <h3 class=\"package-title\"><a href='https:\/\/internacional.ulpgc.es\/en\/download\/espanol-programacion-summer-school-2022\/'>Scheduling - Summer School 2025<\/a><\/h3>\n                <div class=\"text-muted text-small\"><i class=\"fas fa-copy\"><\/i> 1 file(s) <i class=\"fas fa-hdd ml-3\"><\/i> 175.52 KB<\/div>\n            <\/div>\n            <div class=\"ml-3\">\n                <a class='wpdm-download-link download-on-click btn btn-primary ' rel='nofollow' href='#' data-downloadurl=\"https:\/\/internacional.ulpgc.es\/en\/download\/espanol-programacion-summer-school-2022\/?wpdmdl=8363&refresh=69e8da144fad31776867860\">Download<\/a>\n            <\/div>\n        <\/div>\n    <\/div>\n<\/div>\n\n<\/div>\n<div class='w3eden'><!-- WPDM Link Template: Default Template -->\n\n<div class=\"link-template-default card mb-2\">\n    <div class=\"card-body\">\n        <div class=\"media\">\n            <div class=\"mr-3 img-48\"><img decoding=\"async\" class=\"wpdm_icon\" alt=\"Icon\" src=\"https:\/\/internacional.ulpgc.es\/wp-content\/plugins\/download-manager\/assets\/file-type-icons\/pdf.svg\" \/><\/div>\n            <div class=\"media-body\">\n                <h3 class=\"package-title\"><a href='https:\/\/internacional.ulpgc.es\/en\/download\/espanol-actividades-summer-school-2022\/'>Activities - Summer School 2025<\/a><\/h3>\n                <div class=\"text-muted text-small\"><i class=\"fas fa-copy\"><\/i> 1 file(s) <i class=\"fas fa-hdd ml-3\"><\/i> 467.75 KB<\/div>\n            <\/div>\n            <div class=\"ml-3\">\n                <a class='wpdm-download-link download-on-click btn btn-primary ' rel='nofollow' href='#' data-downloadurl=\"https:\/\/internacional.ulpgc.es\/en\/download\/espanol-actividades-summer-school-2022\/?wpdmdl=8364&refresh=69e8da145a1221776867860\">Download<\/a>\n            <\/div>\n        <\/div>\n    <\/div>\n<\/div>\n\n<\/div>[\/vc_column_text][vc_tta_accordion][vc_tta_section title=&#8221;General&#8221; tab_id=&#8221;1526922651886-8b6441ec-b7e0&#8243;][vc_column_text css=&#8221;&#8221;]Los estudiantes (Nivel A1.2) aprender\u00e1n espa\u00f1ol en un Programa Intensivo de 3 semanas (60 horas) a trav\u00e9s de una serie de cursos, seminarios, y divertidas actividades interactivas que les har\u00e1n disfrutar no s\u00f3lo de la experiencia de vivir en Espa\u00f1a, y en particular de las Islas Canarias, sino tambi\u00e9n de descubrir la cultura de los otros estudiantes participantes en el curso. Para los estudiantes que elijan el sistema presencial, ofreceremos divertidas actividades interactivas organizadas a lo largo de la isla de Gran Canaria.[\/vc_column_text][\/vc_tta_section][vc_tta_section title=&#8221;Tasas de pago&#8221; tab_id=&#8221;1526922883126-6ec5d3ff-f0b2&#8243;][vc_column_text css=&#8221;&#8221;]La matr\u00edcula de nuestra Escuela de Verano de Espa\u00f1ol Online 2024 <strong>es de 350 euros presencial, 250 euros online. <\/strong>[\/vc_column_text][\/vc_tta_section][vc_tta_section title=&#8221;Fecha l\u00edmite de solicitud&#8221; tab_id=&#8221;1526922651942-48b613da-e6d2&#8243;][vc_column_text css=&#8221;&#8221;]<span style=\"color: #ff0000;\"><strong>El plazo de solicitud finaliza el 1 de junio de 2025.<\/strong><\/span>[\/vc_column_text][\/vc_tta_section][vc_tta_section title=&#8221;Aceptaci\u00f3n&#8221; tab_id=&#8221;1526922844294-afae8b2d-96f6&#8243;][vc_column_text css=&#8221;&#8221;]<strong>La aceptaci\u00f3n se notificar\u00e1 a los alumnos aceptados por correo electr\u00f3nico el 1 de Junio 2025.<\/strong><\/p>\n<p>Una vez que los participantes hayan recibido la confirmaci\u00f3n de aceptaci\u00f3n por parte de la Universidad de las Palmas de Gran Canaria, deber\u00e1n abonar el importe del curso mediante transferencia bancaria a la siguiente cuenta:<\/p>\n<div class=\"x_elementToProof\"><strong>CAIXABANK<\/strong><\/div>\n<div class=\"x_elementToProof\"><strong>BIC\/C\u00f3digo SWIFT: CAIXESBBXXX<\/strong><br aria-hidden=\"true\" \/><strong>IBAN: ES65-2100-7837-1113-0015-2172<\/strong><\/div>\n<p>Los participantes deber\u00e1n incluir el nombre completo y la finalidad (SUMMER SCHOOL ULPGC) al realizar la transferencia bancaria y <strong>enviar un escaneo o PDF de la orden de pago a:<\/strong> <a href=\"mailto:secv.internacional@ulpgc.es\">secv.internacional@ulpgc.es<\/a>.<\/p>\n<p><strong>Las cuotas deben ser pagadas antes del 15 de junio de 2025.<\/strong><\/p>\n<p>Los participantes <strong>deber\u00e1n contratar un seguro m\u00e9dico privado<\/strong> que cubra al menos las siguientes garant\u00edas durante su estancia en la ULPGC:<\/p>\n<ul>\n<li>Seguro m\u00e9dico y de accidentes<\/li>\n<li>Cobertura de traslado\/repatriaci\u00f3n en caso de enfermedad o fallecimiento.<\/li>\n<\/ul>\n<p>Y envi\u00e1rnoslo a\u00a0<a href=\"mailto:secv.internacional@ulpgc.es\">secv.internacional@ulpgc.es<\/a> junto con la copia de la orden de pago.<\/p>\n<p>Si tiene alguna pregunta, no dude en ponerse en contacto con nosotros por correo electr\u00f3nico:\u00a0<a href=\"mailto:secv.internacional@ulpgc.es\">secv.internacional@ulpgc.es<\/a>\u00a0y\u00a0<a href=\"mailto:d.internacional@ulpgc.es\">d.internacional@ulpgc.es<\/a>.<\/p>\n<p>Esperamos verte en nuestro curso de la Escuela de Verano en Las Palmas de Gran Canaria.[\/vc_column_text][\/vc_tta_section][\/vc_tta_accordion][\/vc_column][\/vc_row][vc_row][vc_column][vc_column_text]<\/p>\n<h2><strong>Los estudiantes participantes deben presentar su solicitud rellenando el formulario de inscripci\u00f3n<\/strong><\/h2>\n<p>[\/vc_column_text][vc_btn title=&#8221;REGISTRO&#8221; shape=&#8221;square&#8221; size=&#8221;lg&#8221; align=&#8221;center&#8221; button_block=&#8221;true&#8221; link=&#8221;url:https%3A%2F%2Finternacional.ulpgc.es%2Fidiomas-summer%2Fformulario-online-summer-school%2F|target:_blank&#8221;][\/vc_column][\/vc_row][vc_row][vc_column][vc_raw_html css=&#8221;&#8221;]JTNDZGl2JTIwY2xhc3MlM0QlMjJydC12Yy10ZXh0LXRpdGxlJTIwJTIwc3R5bGUxJTIyJTNFJTBBJTA5JTNDaDElMjBjbGFzcyUzRCUyMnJ0aW4tdGl0bGUlMjIlM0VVTFBHQyUyMFN1bW1lciUyMFNjaG9vbCUyMDIwMjUlM0MlMkZoMSUzRSUwQSUzQyUyRmRpdiUzRQ==[\/vc_raw_html][\/vc_column][\/vc_row][vc_row][vc_column]<div class=\"rt-vc-text-title  style2\" style=\"\">\n\t\t\t<h2 class=\"rtin-title\">Informaci\u00f3n<\/h2>\n\t\t\t\t<p class=\"rtin-content\">We are happy to inform that we will carry out our SUMMER SCHOOL in Gran Canaria to be held from <strong>30th June \u2013 18 th July 2025. <\/strong>This year we offer<strong> on-site and online <\/strong>options.<\/p>\n<p>&nbsp;<\/p>\n<p>This includes:<\/p>\n<ul>\n<li>60 hours of communicative Spanish classes (equivalent to 6 ECTS credits).<\/li>\n<li><strong>Time: 09.30pm -14.00pm (GMT time zone).<\/strong><\/li>\n<li>For on-site option, travel and lunch in Spanish immersion activities<\/li>\n<li>Tools to be used: face-to-face classes, Moodle ULPGC.<\/li>\n<li>Official certificate delivered by ULPGC after completion of the course.<\/li>\n<\/ul>\n<p><strong>The selection criteria will be the order of registrations.<\/strong><\/p>\n<p><strong>Number of students: 30 on-site and 20 online.<\/strong><\/p>\n\t\t<\/div>[vc_column_text]<div class='w3eden'><!-- WPDM Link Template: Default Template -->\n\n<div class=\"link-template-default card mb-2\">\n    <div class=\"card-body\">\n        <div class=\"media\">\n            <div class=\"mr-3 img-48\"><img decoding=\"async\" class=\"wpdm_icon\" alt=\"Icon\" src=\"https:\/\/internacional.ulpgc.es\/wp-content\/plugins\/download-manager\/assets\/file-type-icons\/pdf.svg\" \/><\/div>\n            <div class=\"media-body\">\n                <h3 class=\"package-title\"><a href='https:\/\/internacional.ulpgc.es\/en\/download\/espanol-spanish-summer-school-2022\/'>Spanish Summer School 2025<\/a><\/h3>\n                <div class=\"text-muted text-small\"><i class=\"fas fa-copy\"><\/i> 1 file(s) <i class=\"fas fa-hdd ml-3\"><\/i> 149.22 KB<\/div>\n            <\/div>\n            <div class=\"ml-3\">\n                <a class='wpdm-download-link download-on-click btn btn-primary ' rel='nofollow' href='#' data-downloadurl=\"https:\/\/internacional.ulpgc.es\/en\/download\/espanol-spanish-summer-school-2022\/?wpdmdl=8362&refresh=69e8da14617691776867860\">Download<\/a>\n            <\/div>\n        <\/div>\n    <\/div>\n<\/div>\n\n<\/div>\n<div class='w3eden'><!-- WPDM Link Template: Default Template -->\n\n<div class=\"link-template-default card mb-2\">\n    <div class=\"card-body\">\n        <div class=\"media\">\n            <div class=\"mr-3 img-48\"><img decoding=\"async\" class=\"wpdm_icon\" alt=\"Icon\" src=\"https:\/\/internacional.ulpgc.es\/wp-content\/plugins\/download-manager\/assets\/file-type-icons\/pdf.svg\" \/><\/div>\n            <div class=\"media-body\">\n                <h3 class=\"package-title\"><a href='https:\/\/internacional.ulpgc.es\/en\/download\/espanol-programacion-summer-school-2022\/'>Scheduling - Summer School 2025<\/a><\/h3>\n                <div class=\"text-muted text-small\"><i class=\"fas fa-copy\"><\/i> 1 file(s) <i class=\"fas fa-hdd ml-3\"><\/i> 175.52 KB<\/div>\n            <\/div>\n            <div class=\"ml-3\">\n                <a class='wpdm-download-link download-on-click btn btn-primary ' rel='nofollow' href='#' data-downloadurl=\"https:\/\/internacional.ulpgc.es\/en\/download\/espanol-programacion-summer-school-2022\/?wpdmdl=8363&refresh=69e8da1462fa51776867860\">Download<\/a>\n            <\/div>\n        <\/div>\n    <\/div>\n<\/div>\n\n<\/div>\n<div class='w3eden'><!-- WPDM Link Template: Default Template -->\n\n<div class=\"link-template-default card mb-2\">\n    <div class=\"card-body\">\n        <div class=\"media\">\n            <div class=\"mr-3 img-48\"><img decoding=\"async\" class=\"wpdm_icon\" alt=\"Icon\" src=\"https:\/\/internacional.ulpgc.es\/wp-content\/plugins\/download-manager\/assets\/file-type-icons\/pdf.svg\" \/><\/div>\n            <div class=\"media-body\">\n                <h3 class=\"package-title\"><a href='https:\/\/internacional.ulpgc.es\/en\/download\/espanol-actividades-summer-school-2022\/'>Activities - Summer School 2025<\/a><\/h3>\n                <div class=\"text-muted text-small\"><i class=\"fas fa-copy\"><\/i> 1 file(s) <i class=\"fas fa-hdd ml-3\"><\/i> 467.75 KB<\/div>\n            <\/div>\n            <div class=\"ml-3\">\n                <a class='wpdm-download-link download-on-click btn btn-primary ' rel='nofollow' href='#' data-downloadurl=\"https:\/\/internacional.ulpgc.es\/en\/download\/espanol-actividades-summer-school-2022\/?wpdmdl=8364&refresh=69e8da14648c41776867860\">Download<\/a>\n            <\/div>\n        <\/div>\n    <\/div>\n<\/div>\n\n<\/div>[\/vc_column_text][vc_tta_accordion][vc_tta_section title=&#8221;General&#8221; tab_id=&#8221;1526922651886-8b6441ec-b7e0&#8243;][vc_column_text css=&#8221;&#8221;]Students (Level A1.2) will learn Spanish in a 3-week Intensive Program (60 hours) through a series of courses, seminars, and fun interactive activities that will make you enjoy not only the experience of living in Spain, and particularly of Canary Islands, but also to discover the culture of other students participating in the course. For the students who will chose the face-to-face system, we will offer fun interactive activities organized along the island Gran Canaria.[\/vc_column_text][\/vc_tta_section][vc_tta_section title=&#8221;Fees&#8221; tab_id=&#8221;1526922883126-6ec5d3ff-f0b2&#8243;][vc_column_text css=&#8221;&#8221;]<strong>The fee <\/strong>for our Online Spanish Summer School 2024 is <strong>350 euros on-site, 250 euros online.<\/strong>[\/vc_column_text][\/vc_tta_section][vc_tta_section title=&#8221;Deadline&#8221; tab_id=&#8221;1526922651942-48b613da-e6d2&#8243;][vc_column_text css=&#8221;&#8221;]<strong>The deadline for application is 1st June 2025. <\/strong>[\/vc_column_text][\/vc_tta_section][vc_tta_section title=&#8221;Acceptance&#8221; tab_id=&#8221;1526922844294-afae8b2d-96f6&#8243;][vc_column_text css=&#8221;&#8221;]<strong>Acceptance will be notified <\/strong>to the students <strong>by e-mail the 2nd of June. <\/strong><\/p>\n<p>Once participants that have received the acceptance confirmation from the University of las Palmas de Gran Canaria, they will have to pay the course fee by bank transfer to the following account:<\/p>\n<p><strong>BANK NAME: CAIXABANK<\/strong><\/p>\n<p><strong>IBAN: ES65 2100 7837 1113 0015 2172<\/strong><\/p>\n<p><strong>BIC: CAIXESBBXXX<\/strong><\/p>\n<p>Participants must include full name and purpose (SUMMER SCHOOL ULPGC) when making the bank transfer and <strong>send a scan or PDF of payment order to: <\/strong><a href=\"mailto:secv.internacional@ulpgc.es\"><strong>secv.internacional@ulpgc.es<\/strong><\/a><strong>.<\/strong><\/p>\n<p><strong>Fees must be paid before June 15th 2025. <\/strong><\/p>\n<p>Participants <strong>must purchase out private medical insurance<\/strong> that covers at least the following guarantees during their stay at the ULPGC:<\/p>\n<ul>\n<li>Medical and accident insurance<\/li>\n<li>Coverage for transfer\/repatriation in case of illness or death.<\/li>\n<\/ul>\n<p>And send it to us to <a href=\"mailto:secv.internacional@ulpgc.es\">secv.internacional@ulpgc.es<\/a> along with the payment order copy.<\/p>\n<p>If you have any questions, please do not hesitate to contact us by email: <a href=\"mailto:secv.internacional@ulpgc.es\">secv.internacional@ulpgc.es<\/a> and <a href=\"mailto:d.internacional@ulpgc.es\">d.internacional@ulpgc.es<\/a>.<\/p>\n<p>Waiting to see you in our Summer School course at Las Palmas de Gran Canaria.[\/vc_column_text][\/vc_tta_section][\/vc_tta_accordion][\/vc_column][\/vc_row][vc_row][vc_column][vc_column_text css=&#8221;&#8221;]<\/p>\n<h2>Participating students should apply by filling in the application form.<\/h2>\n<p>[\/vc_column_text][vc_btn title=&#8221;REGISTER&#8221; shape=&#8221;square&#8221; size=&#8221;lg&#8221; align=&#8221;center&#8221; css=&#8221;&#8221; button_block=&#8221;true&#8221; link=&#8221;url:https%3A%2F%2Finternacional.ulpgc.es%2Fidiomas-summer%2Fformulario-online-summer-school%2F|target:_blank&#8221;][\/vc_column][\/vc_row]<\/p>\n<\/div>","protected":false},"excerpt":{"rendered":"<p>[vc_row][vc_column][vc_raw_html css=&#8221;&#8221;]JTNDZGl2JTIwY2xhc3MlM0QlMjJydC12Yy10ZXh0LXRpdGxlJTIwJTIwc3R5bGUxJTIyJTNFJTBBJTA5JTNDaDElMjBjbGFzcyUzRCUyMnJ0aW4tdGl0bGUlMjIlM0VVTFBHQyUyMFN1bW1lciUyMFNjaG9vbCUyMDIwMjUlM0MlMkZoMSUzRSUwQSUzQyUyRmRpdiUzRQ==[\/vc_raw_html][\/vc_column][\/vc_row][vc_row][vc_column][vc_column_text] [\/vc_column_text][vc_tta_accordion][vc_tta_section title=&#8221;General&#8221; tab_id=&#8221;1526922651886-8b6441ec-b7e0&#8243;][vc_column_text css=&#8221;&#8221;]Students (Level A1.2) will learn Spanish in a 3-week Intensive Program (60 hours) through a series of courses, seminars, and [&hellip;]<\/p>\n","protected":false},"author":5,"featured_media":0,"parent":2086,"menu_order":0,"comment_status":"closed","ping_status":"closed","template":"","meta":{"_acf_changed":false,"footnotes":""},"categories":[143],"tags":[],"class_list":["post-7205","page","type-page","status-publish","hentry","category-summer"],"acf":[],"_links":{"self":[{"href":"https:\/\/internacional.ulpgc.es\/en\/wp-json\/wp\/v2\/pages\/7205","targetHints":{"allow":["GET"]}}],"collection":[{"href":"https:\/\/internacional.ulpgc.es\/en\/wp-json\/wp\/v2\/pages"}],"about":[{"href":"https:\/\/internacional.ulpgc.es\/en\/wp-json\/wp\/v2\/types\/page"}],"author":[{"embeddable":true,"href":"https:\/\/internacional.ulpgc.es\/en\/wp-json\/wp\/v2\/users\/5"}],"replies":[{"embeddable":true,"href":"https:\/\/internacional.ulpgc.es\/en\/wp-json\/wp\/v2\/comments?post=7205"}],"version-history":[{"count":9,"href":"https:\/\/internacional.ulpgc.es\/en\/wp-json\/wp\/v2\/pages\/7205\/revisions"}],"predecessor-version":[{"id":11234,"href":"https:\/\/internacional.ulpgc.es\/en\/wp-json\/wp\/v2\/pages\/7205\/revisions\/11234"}],"up":[{"embeddable":true,"href":"https:\/\/internacional.ulpgc.es\/en\/wp-json\/wp\/v2\/pages\/2086"}],"wp:attachment":[{"href":"https:\/\/internacional.ulpgc.es\/en\/wp-json\/wp\/v2\/media?parent=7205"}],"wp:term":[{"taxonomy":"category","embeddable":true,"href":"https:\/\/internacional.ulpgc.es\/en\/wp-json\/wp\/v2\/categories?post=7205"},{"taxonomy":"post_tag","embeddable":true,"href":"https:\/\/internacional.ulpgc.es\/en\/wp-json\/wp\/v2\/tags?post=7205"}],"curies":[{"name":"wp","href":"https:\/\/api.w.org\/{rel}","templated":true}]}}