{"id":9446,"date":"2023-10-30T12:05:00","date_gmt":"2023-10-30T12:05:00","guid":{"rendered":"https:\/\/internacional.ulpgc.es\/?page_id=9446"},"modified":"2023-10-30T14:17:39","modified_gmt":"2023-10-30T14:17:39","slug":"gran-gala-de-conmemoracion-del-50-aniversario-del-establecimiento-de-las-relaciones-diplomaticas-entre-china-y-espana","status":"publish","type":"page","link":"https:\/\/internacional.ulpgc.es\/en\/espanol-gran-gala-de-conmemoracion-del-50-aniversario-del-establecimiento-de-las-relaciones-diplomaticas-entre-china-y-espana\/","title":{"rendered":"(Espa\u00f1ol) GRAN GALA DE CONMEMORACI\u00d3N DEL 50 ANIVERSARIO DEL ESTABLECIMIENTO DE LAS RELACIONES DIPLOM\u00c1TICAS ENTRE CHINA Y ESPA\u00d1A"},"content":{"rendered":"<p class=\"qtranxs-available-languages-message qtranxs-available-languages-message-en\">Sorry, this entry is only available in <a href=\"https:\/\/internacional.ulpgc.es\/es\/wp-json\/wp\/v2\/pages\/9446\" class=\"qtranxs-available-language-link qtranxs-available-language-link-es\" title=\"Espa\u00f1ol\">Espa\u00f1ol<\/a>.<\/p>","protected":false},"excerpt":{"rendered":"<p>Sorry, this entry is only available in Espa\u00f1ol.<\/p>\n","protected":false},"author":5,"featured_media":0,"parent":0,"menu_order":0,"comment_status":"closed","ping_status":"closed","template":"","meta":{"_acf_changed":false,"footnotes":""},"categories":[259],"tags":[],"class_list":["post-9446","page","type-page","status-publish","hentry","category-eventos"],"acf":[],"_links":{"self":[{"href":"https:\/\/internacional.ulpgc.es\/en\/wp-json\/wp\/v2\/pages\/9446","targetHints":{"allow":["GET"]}}],"collection":[{"href":"https:\/\/internacional.ulpgc.es\/en\/wp-json\/wp\/v2\/pages"}],"about":[{"href":"https:\/\/internacional.ulpgc.es\/en\/wp-json\/wp\/v2\/types\/page"}],"author":[{"embeddable":true,"href":"https:\/\/internacional.ulpgc.es\/en\/wp-json\/wp\/v2\/users\/5"}],"replies":[{"embeddable":true,"href":"https:\/\/internacional.ulpgc.es\/en\/wp-json\/wp\/v2\/comments?post=9446"}],"version-history":[{"count":4,"href":"https:\/\/internacional.ulpgc.es\/en\/wp-json\/wp\/v2\/pages\/9446\/revisions"}],"predecessor-version":[{"id":9458,"href":"https:\/\/internacional.ulpgc.es\/en\/wp-json\/wp\/v2\/pages\/9446\/revisions\/9458"}],"wp:attachment":[{"href":"https:\/\/internacional.ulpgc.es\/en\/wp-json\/wp\/v2\/media?parent=9446"}],"wp:term":[{"taxonomy":"category","embeddable":true,"href":"https:\/\/internacional.ulpgc.es\/en\/wp-json\/wp\/v2\/categories?post=9446"},{"taxonomy":"post_tag","embeddable":true,"href":"https:\/\/internacional.ulpgc.es\/en\/wp-json\/wp\/v2\/tags?post=9446"}],"curies":[{"name":"wp","href":"https:\/\/api.w.org\/{rel}","templated":true}]}}