{"id":9479,"date":"2023-11-09T08:05:05","date_gmt":"2023-11-09T08:05:05","guid":{"rendered":"https:\/\/internacional.ulpgc.es\/?page_id=9479"},"modified":"2024-11-04T12:43:02","modified_gmt":"2024-11-04T12:43:02","slug":"back-to-university-ue","status":"publish","type":"page","link":"https:\/\/internacional.ulpgc.es\/en\/espanol-back-to-university-ue\/","title":{"rendered":"BACK TO UNIVERSITY UE"},"content":{"rendered":"<div class=\"wpb-content-wrapper\"><p>[vc_row][vc_column][vc_raw_html]JTNDZGl2JTIwY2xhc3MlM0QlMjJydC12Yy10ZXh0LXRpdGxlJTIwJTIwc3R5bGUxJTIyJTNFJTBBJTA5JTNDaDElMjBjbGFzcyUzRCUyMnJ0aW4tdGl0bGUlMjIlM0UlMjBCQUNLJTIwVE8lMjBVTklWRVJTSVRZJTIwVUUlM0MlMkZoMSUzRSUwQSUyMCUyMCUyMCUyMCUyMCUyMCUyMCUyMCUzQ2gyJTNFJTIwTWFydGVzJTIwMTQlMjBkZSUyMG5vdmllbWJyZSUyMGRlJTIwMjAyMyUyMDE3JTJDMzAlMjBob3JhcyUzQyUyRmgyJTNFJTBBJTIwJTIwJTIwJTIwJTIwJTIwJTIwJTIwJTNDaDIlM0UlMjBBY3RvJTIwaCVDMyVBRGJyaWRvJTNCJTIwU2FsYSUyMGRlJTIwUGllZHJhJTIwUmVjdG9yYWRvJTIwVUxQR0MlMjB5JTIwY2FuYWwlMjBkZSUyMFlvdXR1YmUlMjBkZSUyMGxhJTIwVUxQR0MlM0MlMkZoMiUzRSUwQSUzQyUyRmRpdiUzRQ==[\/vc_raw_html][\/vc_column][\/vc_row][vc_row][vc_column][vc_single_image image=&#8221;10773&#8243; img_size=&#8221;full&#8221; alignment=&#8221;center&#8221; css=&#8221;&#8221;][\/vc_column][\/vc_row][vc_row][vc_column][vc_column_text]<\/p>\n<p class=\"western\">Estimado estudiantado de la ULPGC,<\/p>\n<p>\u00bfQuieres enfocar un posible futuro profesional internacional en las Instituciones Europeas? \u00bfQuieres conocer c\u00f3mo se trabaja en la UE de la mano de egresados de nuestra Universidad? La ULPGC convoca un nuevo evento <b>Back to University<\/b> en el curso 2023\/2024 en el que podr\u00e1s contactar con egresados de la ULPGC que trabajan en la UE o que han tenido relaci\u00f3n con ella, y que tienen experiencia sobre el acceso a las Instituciones Europeas para trabajar. El acto lo organiza la ULPGC, Europe Direct Canarias y el Consejo Canario del Movimiento Europeo.<\/p>\n<p>El <b>14 de noviembre<\/b>, a las <b>17,30 horas<\/b> haremos un acto <b>h\u00edbrido<\/b>, presencial en la <b>Sala de Piedra del Rectorado de la ULPGC<\/b> en el que expondremos la forma de acceder a la UE y las distintas salidas profesionales que te ofrece la Uni\u00f3n Europea. Participar\u00e1n en el evento cinco egresados de la ULPGC con cuatro perfiles diferentes y relaciones laborales y de actividad diversas con la UE;<\/p>\n<ul>\n<li><b>Raquel de Aguiar<\/b>. <b>Comisi\u00f3n europea, DG REFORM<\/b>.<\/li>\n<li><b>Elena Ram\u00edrez<\/b>, int\u00e9rprete en el <b>Consejo Europeo<\/b>.<\/li>\n<li><b>Eliezer Diepa<\/b>, experiencia como responsable jur\u00eddico de RRHH en diversas <b>agencias de la UE<\/b>.<\/li>\n<li><b>Tom\u00e1s Santana,<\/b><b> <\/b>Trainee programa <b>Blue Book en la Comisi\u00f3n Europea<\/b>, DG de Empleo, Asuntos Sociales e inclusi\u00f3n.<\/li>\n<li><b>Alba Ram\u00edrez<\/b>, <b>EU Careers Ambassador <\/b>en la ULPGC en el curso 2022\/2023. Nos aportar\u00e1 una visi\u00f3n general sobre su relaci\u00f3n con la Comisi\u00f3n Europea y la EPSO.<\/li>\n<\/ul>\n<p>Modera el evento, <b>Lucas P\u00e9rez<\/b>, Director del Campus Internacional de la ULPGC u Secretario del Consejo Canario del Movimiento Europeo.<\/p>\n<p><b>En el acto presencial la entrada es libre hasta completar el aforo. La actividad ser\u00e1 reconocida a los participantes presenciales con dos horas de cr\u00e9ditos internacionales. <\/b><\/p>\n<p>Tras el evento se servir\u00e1 un <b>vino espa\u00f1ol<\/b> en el que se podr\u00e1n comentar todos los aspectos tratados en el mismo.<\/p>\n<p>Puedes seguir el acto en streaming este <span style=\"color: #0563c1;\"><u><a href=\"https:\/\/www.youtube.com\/watch?v=UT7p9ed-b5U\" target=\"_blank\" rel=\"noopener\">enlace<\/a><\/u><\/span>.<\/p>\n<p>Les esperamos.[\/vc_column_text][\/vc_column][\/vc_row]<\/p>\n<\/div>","protected":false},"excerpt":{"rendered":"<p>[vc_row][vc_column][vc_raw_html]JTNDZGl2JTIwY2xhc3MlM0QlMjJydC12Yy10ZXh0LXRpdGxlJTIwJTIwc3R5bGUxJTIyJTNFJTBBJTA5JTNDaDElMjBjbGFzcyUzRCUyMnJ0aW4tdGl0bGUlMjIlM0UlMjBCQUNLJTIwVE8lMjBVTklWRVJTSVRZJTIwVUUlM0MlMkZoMSUzRSUwQSUyMCUyMCUyMCUyMCUyMCUyMCUyMCUyMCUzQ2gyJTNFJTIwTWFydGVzJTIwMTQlMjBkZSUyMG5vdmllbWJyZSUyMGRlJTIwMjAyMyUyMDE3JTJDMzAlMjBob3JhcyUzQyUyRmgyJTNFJTBBJTIwJTIwJTIwJTIwJTIwJTIwJTIwJTIwJTNDaDIlM0UlMjBBY3RvJTIwaCVDMyVBRGJyaWRvJTNCJTIwU2FsYSUyMGRlJTIwUGllZHJhJTIwUmVjdG9yYWRvJTIwVUxQR0MlMjB5JTIwY2FuYWwlMjBkZSUyMFlvdXR1YmUlMjBkZSUyMGxhJTIwVUxQR0MlM0MlMkZoMiUzRSUwQSUzQyUyRmRpdiUzRQ==[\/vc_raw_html][\/vc_column][\/vc_row][vc_row][vc_column][vc_single_image image=&#8221;10773&#8243; img_size=&#8221;full&#8221; alignment=&#8221;center&#8221; css=&#8221;&#8221;][\/vc_column][\/vc_row][vc_row][vc_column][vc_column_text] Estimado estudiantado de la ULPGC, \u00bfQuieres enfocar un posible futuro profesional internacional en las Instituciones Europeas? \u00bfQuieres conocer c\u00f3mo se [&hellip;]<\/p>\n","protected":false},"author":37,"featured_media":0,"parent":0,"menu_order":0,"comment_status":"closed","ping_status":"closed","template":"","meta":{"_acf_changed":false,"footnotes":""},"categories":[259],"tags":[],"class_list":["post-9479","page","type-page","status-publish","hentry","category-eventos"],"acf":[],"_links":{"self":[{"href":"https:\/\/internacional.ulpgc.es\/en\/wp-json\/wp\/v2\/pages\/9479","targetHints":{"allow":["GET"]}}],"collection":[{"href":"https:\/\/internacional.ulpgc.es\/en\/wp-json\/wp\/v2\/pages"}],"about":[{"href":"https:\/\/internacional.ulpgc.es\/en\/wp-json\/wp\/v2\/types\/page"}],"author":[{"embeddable":true,"href":"https:\/\/internacional.ulpgc.es\/en\/wp-json\/wp\/v2\/users\/37"}],"replies":[{"embeddable":true,"href":"https:\/\/internacional.ulpgc.es\/en\/wp-json\/wp\/v2\/comments?post=9479"}],"version-history":[{"count":7,"href":"https:\/\/internacional.ulpgc.es\/en\/wp-json\/wp\/v2\/pages\/9479\/revisions"}],"predecessor-version":[{"id":10775,"href":"https:\/\/internacional.ulpgc.es\/en\/wp-json\/wp\/v2\/pages\/9479\/revisions\/10775"}],"wp:attachment":[{"href":"https:\/\/internacional.ulpgc.es\/en\/wp-json\/wp\/v2\/media?parent=9479"}],"wp:term":[{"taxonomy":"category","embeddable":true,"href":"https:\/\/internacional.ulpgc.es\/en\/wp-json\/wp\/v2\/categories?post=9479"},{"taxonomy":"post_tag","embeddable":true,"href":"https:\/\/internacional.ulpgc.es\/en\/wp-json\/wp\/v2\/tags?post=9479"}],"curies":[{"name":"wp","href":"https:\/\/api.w.org\/{rel}","templated":true}]}}