{"id":10766,"date":"2024-10-31T09:19:22","date_gmt":"2024-10-31T09:19:22","guid":{"rendered":"https:\/\/internacional.ulpgc.es\/?page_id=10766"},"modified":"2024-12-09T08:11:24","modified_gmt":"2024-12-09T08:11:24","slug":"back-to-university-ue-miercoles-6-de-noviembre-de-2024-1845-2000-horas-acto-hibrido-aula-18-de-la-granja-y-canal-de-youtube-de-la-ulpgc","status":"publish","type":"page","link":"https:\/\/internacional.ulpgc.es\/fr\/back-to-university-ue\/","title":{"rendered":"BACK TO UNIVERSITY UE"},"content":{"rendered":"<div class=\"wpb-content-wrapper\"><p>[vc_row][vc_column][vc_raw_html css=&#8221;&#8221;]JTNDZGl2JTIwY2xhc3MlM0QlMjJydC12Yy10ZXh0LXRpdGxlJTIwJTIwc3R5bGUxJTIyJTNFJTBBJTA5JTNDaDElMjBjbGFzcyUzRCUyMnJ0aW4tdGl0bGUlMjIlM0VCQUNLJTIwVE8lMjBVTklWRVJTSVRZJTIwVUUlM0MlMkZoMSUzRSUwQSUzQ2gyJTNFTWklQzMlQTlyY29sZXMlMkMlMjA2JTIwZGUlMjBub3ZpZW1icmUlMjBkZSUyMDIwMjQlMjAxOCUyQzQ1JTIwJUUyJTgwJTkzJTIwMjAlMkMwMCUyMGhvcmFzJTIwQWN0byUyMGglQzMlQURicmlkbyUzQyUyRmgyJTNFJTBBJTNDaDIlM0VBdWxhJTIwMTglMjBkZSUyMExhJTIwR3JhbmphJTIweSUyMGNhbmFsJTIwZGUlMjBZb3V0dWJlJTIwZGUlMjBsYSUyMFVMUEdDJTNDJTJGaDIlM0UlMEElM0MlMkZkaXYlM0U=[\/vc_raw_html][\/vc_column][\/vc_row][vc_row][vc_column][vc_column_text css=&#8221;&#8221;]\u00bfQuieres enfocar un posible futuro profesional internacional en las Instituciones Europeas? \u00bfQuieres conocer c\u00f3mo se trabaja en la UE de la mano de egresados de nuestra Universidad? La ULPGC convoca un nuevo evento Back to University en el curso 2024\/2025 en el que podr\u00e1s contactar con egresados de la ULPGC que trabajan en la UE o que han tenido relaci\u00f3n con ella, y que tienen experiencia sobre el acceso a las Instituciones Europeas para trabajar. El acto lo organiza la ULPGC, Europe Direct Canarias, Eurodesk y el Consejo Canario del Movimiento Europeo.<\/p>\n<p align=\"justify\">El 6 de noviembre, a las 18,45 horas haremos un acto h\u00edbrido, presencial en el aula 18 de La Granja y en el canal de Youtube de la ULPGC, en el que expondremos la forma de acceder a la UE y las distintas salidas profesionales que te ofrece la Uni\u00f3n Europea. Participar\u00e1n en el evento cinco egresados de la ULPGC con cuatro perfiles diferentes y relaciones laborales y de actividad diversas con la UE;<\/p>\n<ul>\n<li>Gemma Su\u00e1rez P\u00e9rez. Traductora en el Consejo de la Uni\u00f3n Europea.<\/li>\n<li>Juan Luis de Castellvi, Trabajador del Parlamento Europeo.<\/li>\n<li>Miriam Sosa Su\u00e1rez, Asistente Administrativa en Comunicaci\u00f3n en la DG de RRHH de Comisi\u00f3n Europea.<\/li>\n<li>Eliezer Diepa, experiencia como responsable jur\u00eddico de RRHH en diversas agencias de la UE.<\/li>\n<\/ul>\n<p>Modera el evento, Lucas P\u00e9rez, Director del Campus Internacional de la ULPGC y Secretario del Consejo Canario del Movimiento Europeo.<\/p>\n<p>En el acto presencial la entrada es libre hasta completar el aforo. La actividad ser\u00e1 reconocida a los participantes presenciales con una hora de cr\u00e9ditos internacionales.<\/p>\n<p>Puedes seguir el acto en streaming <a href=\"https:\/\/www.youtube.com\/watch?v=dULWrt20VLU\" target=\"_blank\" rel=\"noopener\">ESTE ENLACE<\/a>.<\/p>\n<p><strong>Les esperamos.<\/strong>[\/vc_column_text][\/vc_column][\/vc_row]<\/p>\n<\/div>","protected":false},"excerpt":{"rendered":"<p>[vc_row][vc_column][vc_raw_html css=&#8221;&#8221;]JTNDZGl2JTIwY2xhc3MlM0QlMjJydC12Yy10ZXh0LXRpdGxlJTIwJTIwc3R5bGUxJTIyJTNFJTBBJTA5JTNDaDElMjBjbGFzcyUzRCUyMnJ0aW4tdGl0bGUlMjIlM0VCQUNLJTIwVE8lMjBVTklWRVJTSVRZJTIwVUUlM0MlMkZoMSUzRSUwQSUzQ2gyJTNFTWklQzMlQTlyY29sZXMlMkMlMjA2JTIwZGUlMjBub3ZpZW1icmUlMjBkZSUyMDIwMjQlMjAxOCUyQzQ1JTIwJUUyJTgwJTkzJTIwMjAlMkMwMCUyMGhvcmFzJTIwQWN0byUyMGglQzMlQURicmlkbyUzQyUyRmgyJTNFJTBBJTNDaDIlM0VBdWxhJTIwMTglMjBkZSUyMExhJTIwR3JhbmphJTIweSUyMGNhbmFsJTIwZGUlMjBZb3V0dWJlJTIwZGUlMjBsYSUyMFVMUEdDJTNDJTJGaDIlM0UlMEElM0MlMkZkaXYlM0U=[\/vc_raw_html][\/vc_column][\/vc_row][vc_row][vc_column][vc_column_text css=&#8221;&#8221;]\u00bfQuieres enfocar un posible futuro profesional internacional en las Instituciones Europeas? \u00bfQuieres conocer c\u00f3mo se trabaja en la UE de la mano de [&hellip;]<\/p>\n","protected":false},"author":37,"featured_media":0,"parent":0,"menu_order":0,"comment_status":"closed","ping_status":"closed","template":"","meta":{"_acf_changed":false,"footnotes":""},"categories":[259],"tags":[],"class_list":["post-10766","page","type-page","status-publish","hentry","category-eventos"],"acf":[],"_links":{"self":[{"href":"https:\/\/internacional.ulpgc.es\/fr\/wp-json\/wp\/v2\/pages\/10766","targetHints":{"allow":["GET"]}}],"collection":[{"href":"https:\/\/internacional.ulpgc.es\/fr\/wp-json\/wp\/v2\/pages"}],"about":[{"href":"https:\/\/internacional.ulpgc.es\/fr\/wp-json\/wp\/v2\/types\/page"}],"author":[{"embeddable":true,"href":"https:\/\/internacional.ulpgc.es\/fr\/wp-json\/wp\/v2\/users\/37"}],"replies":[{"embeddable":true,"href":"https:\/\/internacional.ulpgc.es\/fr\/wp-json\/wp\/v2\/comments?post=10766"}],"version-history":[{"count":6,"href":"https:\/\/internacional.ulpgc.es\/fr\/wp-json\/wp\/v2\/pages\/10766\/revisions"}],"predecessor-version":[{"id":10877,"href":"https:\/\/internacional.ulpgc.es\/fr\/wp-json\/wp\/v2\/pages\/10766\/revisions\/10877"}],"wp:attachment":[{"href":"https:\/\/internacional.ulpgc.es\/fr\/wp-json\/wp\/v2\/media?parent=10766"}],"wp:term":[{"taxonomy":"category","embeddable":true,"href":"https:\/\/internacional.ulpgc.es\/fr\/wp-json\/wp\/v2\/categories?post=10766"},{"taxonomy":"post_tag","embeddable":true,"href":"https:\/\/internacional.ulpgc.es\/fr\/wp-json\/wp\/v2\/tags?post=10766"}],"curies":[{"name":"wp","href":"https:\/\/api.w.org\/{rel}","templated":true}]}}