{"id":1706,"date":"2018-04-01T09:00:58","date_gmt":"2018-04-01T09:00:58","guid":{"rendered":"https:\/\/internacional.ulpgc.es\/?page_id=1706"},"modified":"2025-02-11T09:57:41","modified_gmt":"2025-02-11T09:57:41","slug":"estrategia","status":"publish","type":"page","link":"https:\/\/internacional.ulpgc.es\/fr\/espanol-estrategia\/","title":{"rendered":"STRAT\u00c9GIE"},"content":{"rendered":"<div class=\"wpb-content-wrapper\"><p>[vc_row full_width=&#8221;stretch_row&#8221;][vc_column width=&#8221;2\/3&#8243;][vc_raw_html]JTNDZGl2JTIwY2xhc3MlM0QlMjJydC12Yy10ZXh0LXRpdGxlJTIwJTIwc3R5bGUxJTIyJTNFJTBBJTA5JTNDaDElMjBjbGFzcyUzRCUyMnJ0aW4tdGl0bGUlMjIlM0VTdHJhdCVDMyVBOWdpZSUyMGRlJTIwbCUyN1VMUEdDJTNDJTJGaDElM0UlMEElM0MlMkZkaXYlM0U=[\/vc_raw_html][vc_single_image image=&#8221;5646&#8243; img_size=&#8221;large&#8221;][vc_column_text]<strong>Orientation internationale<\/strong><\/p>\n<p>VIMPI, conscient non seulement de la ph\u00e9nom\u00e9nologie globale, qui nous touche directement ou indirectement, mais aussi de la n\u00e9cessit\u00e9 de construire cette mentalit\u00e9 localement, d\u00e9veloppe des strat\u00e9gies pour consolider le bin\u00f4me externe-interne. En ce sens, il est structur\u00e9 en trois sections : mobilit\u00e9, campus international et coop\u00e9ration.<\/p>\n<p>Le d\u00e9partement de la mobilit\u00e9, dont la devise est &#8220;Anytime, Anywhere&#8221;, vise \u00e0 faciliter la mobilit\u00e9 dans les deux sens (sortant\/rentrant) des \u00e9tudiants, des enseignants et du personnel administratif, en assouplissant les proc\u00e9dures pour permettre un plus grand nombre de pays et de dates de voyage en fonction des programmes (Erasmus+, SICUE, Fullbright, etc.). La recherche de solutions permettant l&#8217;acc\u00e8s \u00e0 des bourses et \u00e0 des institutions au prestige reconnu ou l&#8217;attraction de chercheurs \u00e0 l&#8217;ULPGC par le biais de ses propres programmes. La direction assure une coordination transversale avec le vice-rectorat des \u00e9tudiants et du personnel enseignant, ainsi qu&#8217;avec les associations d&#8217;\u00e9tudiants AEGEE et la future ESN bas\u00e9e \u00e0 Las Palmas de GC.<\/p>\n<p>L&#8217;International Campus Management, dont la devise est Building Bridges, propose, d&#8217;une part, une structure continentale pour les relations internationales, qui couvre, entre autres, les relations bilat\u00e9rales universitaires et de recherche, les politiques linguistiques et les \u00e9changes culturels. La refondation de la DIRUE dans l&#8217;actuelle Unit\u00e9 des relations avec l&#8217;Union europ\u00e9enne ; la cr\u00e9ation de l&#8217;Unit\u00e9 des relations avec l&#8217;Afrique en tant que pendant universitaire de l&#8217;institution de Casa \u00c1frica ; et la consolidation de l&#8217;Institut Confucius de l&#8217;Universit\u00e9 normale de Changchun, de l&#8217;Institut King Sejong et des relations avec la Fondation du Japon, comme base des relations avec l&#8217;Asie. Il int\u00e8gre \u00e9galement les quatre chaires UNESCO de l&#8217;universit\u00e9. Le d\u00e9partement coordonne avec le bureau du vice-recteur charg\u00e9 des dipl\u00f4mes la politique linguistique de l&#8217;universit\u00e9 et avec le bureau du vice-recteur charg\u00e9 de la culture l&#8217;organisation d&#8217;\u00e9v\u00e9nements tels que les semaines internationales, qui visent \u00e0 l&#8217;internationalisation du pays, avec le soutien des corps consulaires pr\u00e9sents dans l&#8217;archipel. Enfin, un programme de gestion de l&#8217;hospitalit\u00e9 a \u00e9t\u00e9 mis en place pour promouvoir les talents internes avec une projection internationale.<\/p>\n<p>La direction de la coop\u00e9ration, sous la devise &#8220;Creating Consciences&#8221;, a reconfigur\u00e9 une unit\u00e9 de soutien technique et administratif pour le leadership institutionnel et\/ou la participation \u00e0 des projets de coop\u00e9ration internationale (programme Interreg-MAC, financ\u00e9 par des fonds FEDER) ; ou le renforcement des capacit\u00e9s (programme Erasmus+ Capacity Building), entre autres. Le programme de volontariat international, une initiative qui favorisera l&#8217;action proactive des \u00e9tudiants, des enseignants et du personnel administratif, est \u00e9galement relanc\u00e9. La direction se coordonne avec le vice-rectorat de la recherche pour la gestion transversale des projets de recherche\/coop\u00e9ration. Enfin, la direction d\u00e9veloppe un travail de sensibilisation locale avec le soutien des institutions administratives insulaires dans le cadre de ses initiatives strat\u00e9giques de sensibilisation.[\/vc_column_text][\/vc_column][vc_column width=&#8221;1\/3&#8243; el_class=&#8221;box-secciones-portal&#8221;]<div class=\"vc_custom_1640263035751\">\n\t<div class=\"rt-vc-imagetext\">\n\t\t\t\t\t<a href=\"#\">\n\t\t\t\t\t\t<div class=\"rtin-item\">\n\t\t\t\t<div class=\"rtin-img\"><img loading=\"lazy\" decoding=\"async\" width=\"500\" height=\"261\" src=\"https:\/\/internacional.ulpgc.es\/wp-content\/uploads\/2018\/07\/boton1.jpg\" class=\"attachment-full size-full\" alt=\"boton1\" srcset=\"https:\/\/internacional.ulpgc.es\/wp-content\/uploads\/2018\/07\/boton1.jpg 500w, https:\/\/internacional.ulpgc.es\/wp-content\/uploads\/2018\/07\/boton1-300x157.jpg 300w\" sizes=\"auto, (max-width: 500px) 100vw, 500px\" \/><\/div>\n\t\t\t\t<div class=\"rtin-overlay\">\n\t\t\t\t\t<div class=\"rtin-title\">\u00c9quipe<\/div>\n\t\t\t\t\t<div class=\"rtin-subtitle\"><\/div>\t\t\n\t\t\t\t<\/div>\t\t\n\t\t\t<\/div>\n\t\t\t\t\t\t<\/a>\n\t\t\t<\/div>\n<\/div><div class=\"vc_custom_1640263060968\">\n\t<div class=\"rt-vc-imagetext\">\n\t\t\t\t\t<a href=\"\/estrategia\/competencias\/\">\n\t\t\t\t\t\t<div class=\"rtin-item\">\n\t\t\t\t<div class=\"rtin-img\"><img loading=\"lazy\" decoding=\"async\" width=\"500\" height=\"261\" src=\"https:\/\/internacional.ulpgc.es\/wp-content\/uploads\/2018\/07\/boton2.jpg\" class=\"attachment-full size-full\" alt=\"boton2\" srcset=\"https:\/\/internacional.ulpgc.es\/wp-content\/uploads\/2018\/07\/boton2.jpg 500w, https:\/\/internacional.ulpgc.es\/wp-content\/uploads\/2018\/07\/boton2-300x157.jpg 300w\" sizes=\"auto, (max-width: 500px) 100vw, 500px\" \/><\/div>\n\t\t\t\t<div class=\"rtin-overlay\">\n\t\t\t\t\t<div class=\"rtin-title\">Comp\u00e9tences<\/div>\n\t\t\t\t\t<div class=\"rtin-subtitle\">Pouvoirs associ\u00e9s<\/div>\t\t\n\t\t\t\t<\/div>\t\t\n\t\t\t<\/div>\n\t\t\t\t\t\t<\/a>\n\t\t\t<\/div>\n<\/div><div class=\"vc_custom_1640263089100\">\n\t<div class=\"rt-vc-imagetext\">\n\t\t\t\t\t<a href=\"\/estrategia\/asociaciones-y-redes\/\">\n\t\t\t\t\t\t<div class=\"rtin-item\">\n\t\t\t\t<div class=\"rtin-img\"><img loading=\"lazy\" decoding=\"async\" width=\"500\" height=\"260\" src=\"https:\/\/internacional.ulpgc.es\/wp-content\/uploads\/2018\/07\/boton3.jpg\" class=\"attachment-full size-full\" alt=\"boton3\" srcset=\"https:\/\/internacional.ulpgc.es\/wp-content\/uploads\/2018\/07\/boton3.jpg 500w, https:\/\/internacional.ulpgc.es\/wp-content\/uploads\/2018\/07\/boton3-300x156.jpg 300w\" sizes=\"auto, (max-width: 500px) 100vw, 500px\" \/><\/div>\n\t\t\t\t<div class=\"rtin-overlay\">\n\t\t\t\t\t<div class=\"rtin-title\">Partenariats et r\u00e9seaux<\/div>\n\t\t\t\t\t<div class=\"rtin-subtitle\">ULPGC global<\/div>\t\t\n\t\t\t\t<\/div>\t\t\n\t\t\t<\/div>\n\t\t\t\t\t\t<\/a>\n\t\t\t<\/div>\n<\/div><div class=\"vc_custom_1640263113966\">\n\t<div class=\"rt-vc-imagetext\">\n\t\t\t\t\t<a href=\"\/estrategia\/convenios\/\">\n\t\t\t\t\t\t<div class=\"rtin-item\">\n\t\t\t\t<div class=\"rtin-img\"><img loading=\"lazy\" decoding=\"async\" width=\"500\" height=\"261\" src=\"https:\/\/internacional.ulpgc.es\/wp-content\/uploads\/2018\/07\/boton4.jpg\" class=\"attachment-full size-full\" alt=\"boton4\" srcset=\"https:\/\/internacional.ulpgc.es\/wp-content\/uploads\/2018\/07\/boton4.jpg 500w, https:\/\/internacional.ulpgc.es\/wp-content\/uploads\/2018\/07\/boton4-300x157.jpg 300w\" sizes=\"auto, (max-width: 500px) 100vw, 500px\" \/><\/div>\n\t\t\t\t<div class=\"rtin-overlay\">\n\t\t\t\t\t<div class=\"rtin-title\">Gestion des accords<\/div>\n\t\t\t\t\t<div class=\"rtin-subtitle\">Proc\u00e9dures, mod\u00e8les, application et gestion<\/div>\t\t\n\t\t\t\t<\/div>\t\t\n\t\t\t<\/div>\n\t\t\t\t\t\t<\/a>\n\t\t\t<\/div>\n<\/div>[\/vc_column][\/vc_row]<\/p>\n<\/div>","protected":false},"excerpt":{"rendered":"<p>[vc_row full_width=&#8221;stretch_row&#8221;][vc_column width=&#8221;2\/3&#8243;][vc_raw_html]JTNDZGl2JTIwY2xhc3MlM0QlMjJydC12Yy10ZXh0LXRpdGxlJTIwJTIwc3R5bGUxJTIyJTNFJTBBJTA5JTNDaDElMjBjbGFzcyUzRCUyMnJ0aW4tdGl0bGUlMjIlM0VTdHJhdCVDMyVBOWdpZSUyMGRlJTIwbCUyN1VMUEdDJTNDJTJGaDElM0UlMEElM0MlMkZkaXYlM0U=[\/vc_raw_html][vc_single_image image=&#8221;5646&#8243; img_size=&#8221;large&#8221;][vc_column_text]Orientation internationale VIMPI, conscient non seulement de la ph\u00e9nom\u00e9nologie globale, qui nous touche directement ou indirectement, mais aussi de la n\u00e9cessit\u00e9 [&hellip;]<\/p>\n","protected":false},"author":37,"featured_media":0,"parent":0,"menu_order":0,"comment_status":"closed","ping_status":"closed","template":"","meta":{"_acf_changed":false,"footnotes":""},"categories":[118],"tags":[],"class_list":["post-1706","page","type-page","status-publish","hentry","category-estrategia"],"acf":[],"_links":{"self":[{"href":"https:\/\/internacional.ulpgc.es\/fr\/wp-json\/wp\/v2\/pages\/1706","targetHints":{"allow":["GET"]}}],"collection":[{"href":"https:\/\/internacional.ulpgc.es\/fr\/wp-json\/wp\/v2\/pages"}],"about":[{"href":"https:\/\/internacional.ulpgc.es\/fr\/wp-json\/wp\/v2\/types\/page"}],"author":[{"embeddable":true,"href":"https:\/\/internacional.ulpgc.es\/fr\/wp-json\/wp\/v2\/users\/37"}],"replies":[{"embeddable":true,"href":"https:\/\/internacional.ulpgc.es\/fr\/wp-json\/wp\/v2\/comments?post=1706"}],"version-history":[{"count":7,"href":"https:\/\/internacional.ulpgc.es\/fr\/wp-json\/wp\/v2\/pages\/1706\/revisions"}],"predecessor-version":[{"id":10971,"href":"https:\/\/internacional.ulpgc.es\/fr\/wp-json\/wp\/v2\/pages\/1706\/revisions\/10971"}],"wp:attachment":[{"href":"https:\/\/internacional.ulpgc.es\/fr\/wp-json\/wp\/v2\/media?parent=1706"}],"wp:term":[{"taxonomy":"category","embeddable":true,"href":"https:\/\/internacional.ulpgc.es\/fr\/wp-json\/wp\/v2\/categories?post=1706"},{"taxonomy":"post_tag","embeddable":true,"href":"https:\/\/internacional.ulpgc.es\/fr\/wp-json\/wp\/v2\/tags?post=1706"}],"curies":[{"name":"wp","href":"https:\/\/api.w.org\/{rel}","templated":true}]}}