{"id":1714,"date":"2018-04-01T09:00:13","date_gmt":"2018-04-01T09:00:13","guid":{"rendered":"https:\/\/internacional.ulpgc.es\/?page_id=1714"},"modified":"2022-05-10T10:40:41","modified_gmt":"2022-05-10T10:40:41","slug":"cooperacion","status":"publish","type":"page","link":"https:\/\/internacional.ulpgc.es\/fr\/cooperacion\/","title":{"rendered":"COOPERATION"},"content":{"rendered":"<div class=\"wpb-content-wrapper\"><p>[vc_row][vc_column width=&#8221;2\/3&#8243;][vc_column_text]Bureau du Vice-Recteur pour l&#8217;Internationalisation, la Mobilit\u00e9 et la Projection Internationale (VIMPI) de l\u2019ULPGC encourage et favorise la participation de la communaut\u00e9 universitaire et en particulier des enseignants, aux projets de coop\u00e9ration universitaire en faveur du d\u00e9veloppement, aux projets de renforcement institutionnel, ainsi qu\u2019aux projets de recherche appliqu\u00e9e \u00e0 la coop\u00e9ration. Il encourage \u00e9galement la participation des \u00e9tudiants au Programme d\u2019aide au volontariat international et au Programme d\u2019aide \u00e0 la r\u00e9alisation de projets de fin d\u2019\u00e9tudes en mati\u00e8re de coop\u00e9ration internationale, en vue de d\u00e9velopper l\u2019\u00e9panouissement personnel et professionnel.[\/vc_column_text][vc_tta_accordion][vc_tta_section title=&#8221;Projets de coop\u00e9ration universitaire au d\u00e9veloppement&#8221; tab_id=&#8221;1541757838040-5326cb7d-3f12&#8243;][vc_column_text]Ils sont destin\u00e9s \u00e0 am\u00e9liorer les conditions et la qualit\u00e9 de vie des territoires qui pr\u00e9sentent le taux de d\u00e9veloppement le plus bas, au travers de projets de coop\u00e9ration universitaire dans les domaines \u00e9ducatif, culturel et social.<\/p>\n<p>Plus concr\u00e8tement, la promotion de la participation de la communaut\u00e9 universitaire aux convocations de l\u2019Agence Espagnole de Coop\u00e9ration Internationale au D\u00e9veloppement (L\u2019AECID est le principal organe de gestion de la coop\u00e9ration espagnole, qui \u0153uvre en faveur de la lutte contre la pauvret\u00e9 et le d\u00e9veloppement humain durable), aux convocations du gouvernement des Canaries en mati\u00e8re de coop\u00e9ration internationale, ou \u00e0 celles de la Banque interam\u00e9ricaine de d\u00e9veloppement ou de la Banque mondiale, entre autres.[\/vc_column_text][\/vc_tta_section][vc_tta_section title=&#8221;Projets de coop\u00e9ration universitaire au d\u00e9veloppement&#8221; tab_id=&#8221;1541757838056-27a0195c-e2b6&#8243;][vc_column_text]Le d\u00e9veloppement et la consolidation des syst\u00e8mes universitaires est fondamental pour garantir une croissance endog\u00e8ne et durable, bas\u00e9e sur la connaissance et l\u2019innovation de la soci\u00e9t\u00e9. C\u2019est d\u2019ailleurs au travers de cette approche que le VIC canalise les capacit\u00e9s de l\u2019ULPGC pour les mettre au service du renforcement institutionnel des centres d\u2019\u00e9ducation sup\u00e9rieure et de recherche des pays tiers.<\/p>\n<p>Pour atteindre cet objectif, le VIC participe \u00e0 diff\u00e9rents programmes de coop\u00e9ration avec des centres d\u2019\u00e9ducation sup\u00e9rieure, en vue de renforcer ces centres en les aidant au niveau institutionnel et administratif, ainsi qu\u2019avec des programmes qui contribuent \u00e0 am\u00e9liorer la formation de leurs ressources humaines.<\/p>\n<p>L\u2019ULPGC dispose d\u2019un large \u00e9ventail d\u2019experts dans les domaines les plus vari\u00e9s, ce qui implique une aide pr\u00e9cieuse pour les actions de coop\u00e9ration internationale et hautement sp\u00e9cialis\u00e9e pour les projets techniques et de formation.<\/p>\n<p>Actuellement, ces projets s\u2019encadrent et sont financ\u00e9s par le biais du programme de la Commission europ\u00e9enne ERASMUS +, dans son action cl\u00e9 2 : partenariats strat\u00e9giques dans les domaines de l\u2019\u00e9ducation, de la formation et de la jeunesse et renforcement des capacit\u00e9s dans le domaine de l\u2019enseignement sup\u00e9rieur.[\/vc_column_text][\/vc_tta_section][vc_tta_section title=&#8221;Projets de recherche appliqu\u00e9e \u00e0 la coop\u00e9ration&#8221; tab_id=&#8221;1541757931166-d6d85e38-1fe7&#8243;][vc_column_text]Le d\u00e9partement de projets de recherche appliqu\u00e9e \u00e0 la coop\u00e9ration se consacre \u00e0 la promotion de la participation de la communaut\u00e9 universitaire aux projets dans des pays tiers, principalement en Afrique, afin que les connaissances de la communaut\u00e9 universitaire de l\u2019ULPGC, notamment par le biais de ses enseignants et chercheurs regroup\u00e9s en plus de cent groupes de recherche, cr\u00e9ent des projets qui profitent aux soci\u00e9t\u00e9s des pays cibl\u00e9s par l\u2019intervention. Pour ce faire, ce d\u00e9partement r\u00e9alise diff\u00e9rents projets qui allient les besoins des b\u00e9n\u00e9ficiaires et les travaux sp\u00e9cifiques des chercheurs de l\u2019ULPGC. Ces projets visent donc \u00e0 apporter des r\u00e9ponses aux d\u00e9fis des pays tiers, au-del\u00e0 de ceux strictement universitaires, en favorisant le d\u00e9veloppement durable et humain du milieu.<\/p>\n<p>De fa\u00e7on plus cibl\u00e9e, nous faisons r\u00e9f\u00e9rence aux projets de la premi\u00e8re convocation du programme op\u00e9rationnel de coop\u00e9ration territoriale INTERREG V-A Madeira-Azores-Canarias (MAC) 2014-2020.[\/vc_column_text][\/vc_tta_section][vc_tta_section title=&#8221;Programme d\u2019aide au volontariat international&#8221; tab_id=&#8221;1541757956479-f317e27d-12b6&#8243;][vc_column_text]En qualit\u00e9 d\u2019institution engag\u00e9e en faveur de la formation de personnes comp\u00e9tentes, cultes, responsables et solidaires, l\u2019ULPGC au travers de son bureau de coop\u00e9ration et avec ses propres fonds, encourage les actions de volontariat international par le biais de diff\u00e9rents programmes ouverts aux \u00e9tudiants et aux nouveaux dipl\u00f4m\u00e9s de l\u2019ULPGC qui souhaitent r\u00e9aliser des s\u00e9jours de 1\u00a0\u00e0 6\u00a0mois dans les diff\u00e9rents pays, pour se familiariser \u00e0 leur mode de vie, leur culture et leur r\u00e9alit\u00e9, et essayer d\u2019\u00e9changer des connaissances et des exp\u00e9riences.[\/vc_column_text][\/vc_tta_section][vc_tta_section title=&#8221;Programme d\u2019aide \u00e0 la r\u00e9alisation de projets de fin d\u2019\u00e9tudes en mati\u00e8re de coop\u00e9ration internationale.&#8221; tab_id=&#8221;1541757975607-920382e8-4182&#8243;][vc_column_text]Le programme d\u2019aide \u00e0 la r\u00e9alisation de projets de fin d\u2019\u00e9tudes (PFC), travaux de fin de dipl\u00f4me et th\u00e8ses doctorales de l\u2019ULPGC, a pour objet de d\u00e9velopper au sein de l\u2019ULPGC, l\u2019\u00e9laboration de travaux dans le cadre de la coop\u00e9ration internationale pour le d\u00e9veloppement, dans les diff\u00e9rents programmes et \u00e9tudes de cycle sup\u00e9rieure, mast\u00e8re et doctorat propos\u00e9s par l\u2019\u00e9tablissement.[\/vc_column_text][\/vc_tta_section][\/vc_tta_accordion][vc_btn title=&#8221;Visitez notre site Web de coop\u00e9ration&#8221; shape=&#8221;square&#8221; size=&#8221;lg&#8221; align=&#8221;center&#8221; link=&#8221;url:http%3A%2F%2Fcooperacion.ulpgc.es%2F||target:%20_blank|&#8221;][\/vc_column][vc_column width=&#8221;1\/3&#8243;][vc_column_text]<img loading=\"lazy\" decoding=\"async\" class=\"size-full wp-image-4650 aligncenter\" src=\"https:\/\/internacional.ulpgc.es\/wp-content\/uploads\/2018\/12\/logo-move.png\" alt=\"\" width=\"177\" height=\"90\" \/><\/p>\n<p>&nbsp;<\/p>\n<p><img loading=\"lazy\" decoding=\"async\" class=\"size-full wp-image-4651 aligncenter\" src=\"https:\/\/internacional.ulpgc.es\/wp-content\/uploads\/2018\/12\/logo-arrow.png\" alt=\"\" width=\"177\" height=\"90\" \/><\/p>\n<p>&nbsp;<\/p>\n<p><img loading=\"lazy\" decoding=\"async\" class=\"alignnone size-full wp-image-3366 aligncenter\" src=\"https:\/\/internacional.ulpgc.es\/wp-content\/uploads\/2018\/07\/logo-unetba.png\" alt=\"\" width=\"200\" height=\"97\" \/><\/p>\n<p>&nbsp;<\/p>\n<p><img loading=\"lazy\" decoding=\"async\" class=\"alignnone size-full wp-image-3364 aligncenter\" src=\"https:\/\/internacional.ulpgc.es\/wp-content\/uploads\/2018\/07\/logo-revet.png\" alt=\"\" width=\"177\" height=\"90\" \/><\/p>\n<p>&nbsp;<\/p>\n<p><img loading=\"lazy\" decoding=\"async\" class=\"alignnone size-full wp-image-3365 aligncenter\" src=\"https:\/\/internacional.ulpgc.es\/wp-content\/uploads\/2018\/07\/logo-instart.png\" alt=\"\" width=\"177\" height=\"90\" \/><\/p>\n<p>&nbsp;<\/p>\n<p><img loading=\"lazy\" decoding=\"async\" class=\"alignnone size-full wp-image-3363 aligncenter\" src=\"https:\/\/internacional.ulpgc.es\/wp-content\/uploads\/2018\/07\/logo-poncho.png\" alt=\"\" width=\"199\" height=\"70\" \/><\/p>\n<p>&nbsp;<\/p>\n<p><img loading=\"lazy\" decoding=\"async\" class=\"alignnone size-full wp-image-3362 aligncenter\" src=\"https:\/\/internacional.ulpgc.es\/wp-content\/uploads\/2018\/07\/logo-mind.png\" alt=\"\" width=\"90\" height=\"90\" \/>[\/vc_column_text][\/vc_column][\/vc_row]<\/p>\n<\/div>","protected":false},"excerpt":{"rendered":"<p>[vc_row][vc_column width=&#8221;2\/3&#8243;][vc_column_text]Bureau du Vice-Recteur pour l&#8217;Internationalisation, la Mobilit\u00e9 et la Projection Internationale (VIMPI) de l\u2019ULPGC encourage et favorise la participation de la communaut\u00e9 universitaire et [&hellip;]<\/p>\n","protected":false},"author":37,"featured_media":0,"parent":0,"menu_order":0,"comment_status":"closed","ping_status":"closed","template":"","meta":{"_acf_changed":false,"footnotes":""},"categories":[116],"tags":[],"class_list":["post-1714","page","type-page","status-publish","hentry","category-proyectos"],"acf":[],"_links":{"self":[{"href":"https:\/\/internacional.ulpgc.es\/fr\/wp-json\/wp\/v2\/pages\/1714","targetHints":{"allow":["GET"]}}],"collection":[{"href":"https:\/\/internacional.ulpgc.es\/fr\/wp-json\/wp\/v2\/pages"}],"about":[{"href":"https:\/\/internacional.ulpgc.es\/fr\/wp-json\/wp\/v2\/types\/page"}],"author":[{"embeddable":true,"href":"https:\/\/internacional.ulpgc.es\/fr\/wp-json\/wp\/v2\/users\/37"}],"replies":[{"embeddable":true,"href":"https:\/\/internacional.ulpgc.es\/fr\/wp-json\/wp\/v2\/comments?post=1714"}],"version-history":[{"count":5,"href":"https:\/\/internacional.ulpgc.es\/fr\/wp-json\/wp\/v2\/pages\/1714\/revisions"}],"predecessor-version":[{"id":8368,"href":"https:\/\/internacional.ulpgc.es\/fr\/wp-json\/wp\/v2\/pages\/1714\/revisions\/8368"}],"wp:attachment":[{"href":"https:\/\/internacional.ulpgc.es\/fr\/wp-json\/wp\/v2\/media?parent=1714"}],"wp:term":[{"taxonomy":"category","embeddable":true,"href":"https:\/\/internacional.ulpgc.es\/fr\/wp-json\/wp\/v2\/categories?post=1714"},{"taxonomy":"post_tag","embeddable":true,"href":"https:\/\/internacional.ulpgc.es\/fr\/wp-json\/wp\/v2\/tags?post=1714"}],"curies":[{"name":"wp","href":"https:\/\/api.w.org\/{rel}","templated":true}]}}