{"id":4013,"date":"2018-09-07T12:15:23","date_gmt":"2018-09-07T12:15:23","guid":{"rendered":"https:\/\/internacional.ulpgc.es\/?page_id=4013"},"modified":"2018-09-07T15:45:39","modified_gmt":"2018-09-07T15:45:39","slug":"erasmus-stt-2016-2017","status":"publish","type":"page","link":"https:\/\/internacional.ulpgc.es\/fr\/movilidad-outgoing\/pas-outgoing\/erasmus-stt-2016-2017\/","title":{"rendered":"Erasmus + STT 2016-2017"},"content":{"rendered":"<div class=\"wpb-content-wrapper\"><p>[vc_row][vc_column][vc_raw_html]JTNDZGl2JTIwY2xhc3MlM0QlMjJydC12Yy10ZXh0LXRpdGxlJTIwJTIwc3R5bGUxJTIyJTNFJTBBJTA5JTNDaDElMjBjbGFzcyUzRCUyMnJ0aW4tdGl0bGUlMjIlM0VFcmFzbXVzJTIwJTJCJTIwU1RUJTIwMjAxNi0yMDE3JTNDJTJGaDElM0UlMEElM0MlMkZkaXYlM0U=[\/vc_raw_html][\/vc_column][\/vc_row][vc_row][vc_column]<div class=\"rt-vc-text-title  style2\" style=\"\">\n\t\t\t<h2 class=\"rtin-title\">Fechas Importantes<\/h2>\n\t\t\t<\/div>[\/vc_column][\/vc_row][vc_row full_width=&#8221;stretch_row_content&#8221;][vc_column][vc_column_text]\n    <section class=\"page-section\">\n        <div class=\"container\">\n            <div class=\"timeline\">\n                <div class=\"timeline__wrap\">\n                    <div class=\"timeline__items\"><div class=\"timeline__item evento_pasado\"><div class=\"timeline__content\"><h4>1\u00ba Periodo de solicitud<\/h4><p>Del 25 de mayo al 25 de junio de 2016.<\/p><\/div><\/div><div class=\"timeline__item evento_pasado\"><div class=\"timeline__content\"><h4>Se publicar\u00e1 en la p\u00e1gina web de la ULPGC el listado de plazas concedidas entre las solicitudes presentadas.<\/h4><p>29 de junio de 2016<\/p><\/div><\/div><div class=\"timeline__item evento_pasado\"><div class=\"timeline__content\"><h4>Plazo de reclamaci\u00f3n. Deber\u00e1n subir en la plataforma mobility los documentos necesarios para subsanar los motivos de exclusi\u00f3n.<\/h4><p>Hasta el 6 de julio de 2016<\/p><\/div><\/div><div class=\"timeline__item evento_pasado\"><div class=\"timeline__content\"><h4>Resoluci\u00f3n definitiva.<\/h4><p>8 de julio de 2016<\/p><\/div><\/div><div class=\"timeline__item evento_pasado\"><div class=\"timeline__content\"><h4>2\u00ba Periodo de solicitud: siempre que no se hubieran adjudicado todas las plazas disponibles en el primer periodo de solicitud.<\/h4><p>Del 15 de septiembre al 15 de octubre de 2016<\/p><\/div><\/div><div class=\"timeline__item evento_pasado\"><div class=\"timeline__content\"><h4>Se publicar\u00e1 en la p\u00e1gina web de la ULPGC el listado de plazas concedidas entre las solicitudes presentadas en este \u00faltimo periodo.<\/h4><p>20 de octubre de 2016<\/p><\/div><\/div><div class=\"timeline__item evento_pasado\"><div class=\"timeline__content\"><h4>Plazo de reclamaci\u00f3n. Deber\u00e1n subir en la plataforma mobility los documentos necesarios para subsanar los motivos de exclusi\u00f3n.<\/h4><p>Hasta el 30 de octubre de 2016<\/p><\/div><\/div><div class=\"timeline__item evento_pasado\"><div class=\"timeline__content\"><h4>Resoluci\u00f3n definitiva.<\/h4><p>7 de noviembre de 2016<\/p><\/div><\/div>\n                    <\/div>\n                 <\/div>\n             <\/div>\n         <\/div>\n    <\/section>\n        \n\t<script>\n\t\ttimeline(document.querySelectorAll('.timeline'), {\n\t\t\tforceVerticalMode: 700,\n\t\t\tmode: 'horizontal',\n\t\t\tverticalStartPosition: 'left',\n            startIndex: 0,\n\t\t\tvisibleItems: 8\n\t\t});\n\t<\/script>[\/vc_column_text][\/vc_column][\/vc_row][vc_row][vc_column]<div class=\"rt-vc-text-title  style2\" style=\"\">\n\t\t\t<h2 class=\"rtin-title\">Novedades<\/h2>\n\t\t\t<\/div>[\/vc_column][\/vc_row][vc_row][vc_column][vc_basic_grid post_type=&#8221;post&#8221; max_items=&#8221;-1&#8243; item=&#8221;2713&#8243; grid_id=&#8221;vc_gid:1536334975072-a0c070fc-d5f5-2&#8243; taxonomies=&#8221;207&#8243;][\/vc_column][\/vc_row][vc_row][vc_column]<div class=\"rt-vc-text-title  style2\" style=\"\">\n\t\t\t<h2 class=\"rtin-title\">Documentos<\/h2>\n\t\t\t\t<p class=\"rtin-content\">La aportaci\u00f3n de los siguientes documentos (learning agreement, certificado de llegada y de salida), son imprescindibles para poder gestionar su beca. El estudiante deber\u00e1 imprimirlos, rellenarlos y volverlos a colgar en la plataforma Mobility Online, una vez hayan sido firmados por quien corresponda. Tambi\u00e9n dispone de un certificado de pr\u00f3rroga y de renuncia en caso de necesitarlo.<\/p>\n\t\t<\/div>[vc_row_inner][vc_column_inner][vc_column_text]<div class='w3eden'><!-- WPDM Link Template: Default Template -->\n\n<div class=\"link-template-default card mb-2\">\n    <div class=\"card-body\">\n        <div class=\"media\">\n            <div class=\"mr-3 img-48\"><img decoding=\"async\" class=\"wpdm_icon\" alt=\"Ic\u00f4ne\" src=\"https:\/\/internacional.ulpgc.es\/wp-content\/plugins\/download-manager\/assets\/file-type-icons\/pdf.svg\" \/><\/div>\n            <div class=\"media-body\">\n                <h3 class=\"package-title\"><a href='https:\/\/internacional.ulpgc.es\/fr\/download\/carta-erasmus-8\/'>Carta Erasmus+<\/a><\/h3>\n                <div class=\"text-muted text-small\"><i class=\"fas fa-copy\"><\/i> 1 fichier\u00b7s <i class=\"fas fa-hdd ml-3\"><\/i> 479.04 KB<\/div>\n            <\/div>\n            <div class=\"ml-3\">\n                <a class='wpdm-download-link download-on-click btn btn-primary ' rel='nofollow' href='#' data-downloadurl=\"https:\/\/internacional.ulpgc.es\/fr\/download\/carta-erasmus-8\/?wpdmdl=4032&refresh=69d2a3f4b256d1775412212\">T\u00e9l\u00e9charger<\/a>\n            <\/div>\n        <\/div>\n    <\/div>\n<\/div>\n\n<\/div>[\/vc_column_text][vc_column_text]<div class='w3eden'><!-- WPDM Link Template: Default Template -->\n\n<div class=\"link-template-default card mb-2\">\n    <div class=\"card-body\">\n        <div class=\"media\">\n            <div class=\"mr-3 img-48\"><img decoding=\"async\" class=\"wpdm_icon\" alt=\"Ic\u00f4ne\" src=\"https:\/\/internacional.ulpgc.es\/wp-content\/plugins\/download-manager\/assets\/file-type-icons\/docx.svg\" \/><\/div>\n            <div class=\"media-body\">\n                <h3 class=\"package-title\"><a href='https:\/\/internacional.ulpgc.es\/fr\/download\/orden-de-servicio-erasmus-fines-formativos-pas\/'>Orden de servicio Erasmus+ Fines Formativos (PAS)<\/a><\/h3>\n                <div class=\"text-muted text-small\"><i class=\"fas fa-copy\"><\/i> 1 fichier\u00b7s <i class=\"fas fa-hdd ml-3\"><\/i> 39.00 KB<\/div>\n            <\/div>\n            <div class=\"ml-3\">\n                <a class='wpdm-download-link download-on-click btn btn-primary ' rel='nofollow' href='#' data-downloadurl=\"https:\/\/internacional.ulpgc.es\/fr\/download\/orden-de-servicio-erasmus-fines-formativos-pas\/?wpdmdl=4033&refresh=69d2a3f4bcb331775412212\">T\u00e9l\u00e9charger<\/a>\n            <\/div>\n        <\/div>\n    <\/div>\n<\/div>\n\n<\/div>[\/vc_column_text][vc_column_text]<div class='w3eden'><!-- WPDM Link Template: Default Template -->\n\n<div class=\"link-template-default card mb-2\">\n    <div class=\"card-body\">\n        <div class=\"media\">\n            <div class=\"mr-3 img-48\"><img decoding=\"async\" class=\"wpdm_icon\" alt=\"Ic\u00f4ne\" src=\"https:\/\/internacional.ulpgc.es\/wp-content\/plugins\/download-manager\/assets\/file-type-icons\/doc.svg\" \/><\/div>\n            <div class=\"media-body\">\n                <h3 class=\"package-title\"><a href='https:\/\/internacional.ulpgc.es\/fr\/download\/certificado-de-estancia-fines-formativos-stt-4\/'>Certificado de estancia Fines Formativos (STT)<\/a><\/h3>\n                <div class=\"text-muted text-small\"><i class=\"fas fa-copy\"><\/i> 1 fichier\u00b7s <i class=\"fas fa-hdd ml-3\"><\/i> 57.00 KB<\/div>\n            <\/div>\n            <div class=\"ml-3\">\n                <a class='wpdm-download-link download-on-click btn btn-primary ' rel='nofollow' href='#' data-downloadurl=\"https:\/\/internacional.ulpgc.es\/fr\/download\/certificado-de-estancia-fines-formativos-stt-4\/?wpdmdl=4034&refresh=69d2a3f4c48f51775412212\">T\u00e9l\u00e9charger<\/a>\n            <\/div>\n        <\/div>\n    <\/div>\n<\/div>\n\n<\/div>[\/vc_column_text][\/vc_column_inner][\/vc_row_inner][\/vc_column][\/vc_row][vc_row][vc_column]<div class=\"rt-vc-text-title  style2\" style=\"\">\n\t\t\t<h2 class=\"rtin-title\">Convocatoria y resoluciones<\/h2>\n\t\t\t\t<p class=\"rtin-content\">Este apartado est\u00e1 destinado para que el Gabinete de Relaciones Internacionales muestre el listado provisional, el listado definitivo, y cualquier otro documento de la convocatoria que se estime oportuno.<\/p>\n\t\t<\/div>[vc_row_inner][vc_column_inner][vc_column_text]<div class='w3eden'><!-- WPDM Link Template: Default Template -->\n\n<div class=\"link-template-default card mb-2\">\n    <div class=\"card-body\">\n        <div class=\"media\">\n            <div class=\"mr-3 img-48\"><img decoding=\"async\" class=\"wpdm_icon\" alt=\"Ic\u00f4ne\" src=\"https:\/\/internacional.ulpgc.es\/wp-content\/plugins\/download-manager\/assets\/file-type-icons\/pdf.svg\" \/><\/div>\n            <div class=\"media-body\">\n                <h3 class=\"package-title\"><a href='https:\/\/internacional.ulpgc.es\/fr\/download\/convocatoria-erasmus-stt-2016-2017\/'>Convocatoria Erasmus+ STT 2016-2017<\/a><\/h3>\n                <div class=\"text-muted text-small\"><i class=\"fas fa-copy\"><\/i> 1 fichier\u00b7s <i class=\"fas fa-hdd ml-3\"><\/i> 341.89 KB<\/div>\n            <\/div>\n            <div class=\"ml-3\">\n                <a class='wpdm-download-link download-on-click btn btn-primary ' rel='nofollow' href='#' data-downloadurl=\"https:\/\/internacional.ulpgc.es\/fr\/download\/convocatoria-erasmus-stt-2016-2017\/?wpdmdl=4036&refresh=69d2a3f4cb5b71775412212\">T\u00e9l\u00e9charger<\/a>\n            <\/div>\n        <\/div>\n    <\/div>\n<\/div>\n\n<\/div>[\/vc_column_text][vc_column_text]<div class='w3eden'><!-- WPDM Link Template: Default Template -->\n\n<div class=\"link-template-default card mb-2\">\n    <div class=\"card-body\">\n        <div class=\"media\">\n            <div class=\"mr-3 img-48\"><img decoding=\"async\" class=\"wpdm_icon\" alt=\"Ic\u00f4ne\" src=\"https:\/\/internacional.ulpgc.es\/wp-content\/plugins\/download-manager\/assets\/file-type-icons\/pdf.svg\" \/><\/div>\n            <div class=\"media-body\">\n                <h3 class=\"package-title\"><a href='https:\/\/internacional.ulpgc.es\/fr\/download\/listado-provisional-erasmus-stt-2016-2017\/'>Listado provisional Erasmus+ STT 2016-2017<\/a><\/h3>\n                <div class=\"text-muted text-small\"><i class=\"fas fa-copy\"><\/i> 1 fichier\u00b7s <i class=\"fas fa-hdd ml-3\"><\/i> 88.51 KB<\/div>\n            <\/div>\n            <div class=\"ml-3\">\n                <a class='wpdm-download-link download-on-click btn btn-primary ' rel='nofollow' href='#' data-downloadurl=\"https:\/\/internacional.ulpgc.es\/fr\/download\/listado-provisional-erasmus-stt-2016-2017\/?wpdmdl=4037&refresh=69d2a3f4d20f81775412212\">T\u00e9l\u00e9charger<\/a>\n            <\/div>\n        <\/div>\n    <\/div>\n<\/div>\n\n<\/div>[\/vc_column_text][vc_column_text]<div class='w3eden'><!-- WPDM Link Template: Default Template -->\n\n<div class=\"link-template-default card mb-2\">\n    <div class=\"card-body\">\n        <div class=\"media\">\n            <div class=\"mr-3 img-48\"><img decoding=\"async\" class=\"wpdm_icon\" alt=\"Ic\u00f4ne\" src=\"https:\/\/internacional.ulpgc.es\/wp-content\/plugins\/download-manager\/assets\/file-type-icons\/pdf.svg\" \/><\/div>\n            <div class=\"media-body\">\n                <h3 class=\"package-title\"><a href='https:\/\/internacional.ulpgc.es\/fr\/download\/listado-definitivo-erasmus-stt-2016-2017\/'>Listado definitivo Erasmus+ STT 2016-2017<\/a><\/h3>\n                <div class=\"text-muted text-small\"><i class=\"fas fa-copy\"><\/i> 1 fichier\u00b7s <i class=\"fas fa-hdd ml-3\"><\/i> 84.75 KB<\/div>\n            <\/div>\n            <div class=\"ml-3\">\n                <a class='wpdm-download-link download-on-click btn btn-primary ' rel='nofollow' href='#' data-downloadurl=\"https:\/\/internacional.ulpgc.es\/fr\/download\/listado-definitivo-erasmus-stt-2016-2017\/?wpdmdl=4038&refresh=69d2a3f4daab61775412212\">T\u00e9l\u00e9charger<\/a>\n            <\/div>\n        <\/div>\n    <\/div>\n<\/div>\n\n<\/div>[\/vc_column_text][vc_column_text]<div class='w3eden'><!-- WPDM Link Template: Default Template -->\n\n<div class=\"link-template-default card mb-2\">\n    <div class=\"card-body\">\n        <div class=\"media\">\n            <div class=\"mr-3 img-48\"><img decoding=\"async\" class=\"wpdm_icon\" alt=\"Ic\u00f4ne\" src=\"https:\/\/internacional.ulpgc.es\/wp-content\/plugins\/download-manager\/assets\/file-type-icons\/pdf.svg\" \/><\/div>\n            <div class=\"media-body\">\n                <h3 class=\"package-title\"><a href='https:\/\/internacional.ulpgc.es\/fr\/download\/listado-provisional-segunda-vuelta-erasmus-stt-2016-2017\/'>Listado provisional segunda vuelta Erasmus+ STT 2016-2017<\/a><\/h3>\n                <div class=\"text-muted text-small\"><i class=\"fas fa-copy\"><\/i> 1 fichier\u00b7s <i class=\"fas fa-hdd ml-3\"><\/i> 63.20 KB<\/div>\n            <\/div>\n            <div class=\"ml-3\">\n                <a class='wpdm-download-link download-on-click btn btn-primary ' rel='nofollow' href='#' data-downloadurl=\"https:\/\/internacional.ulpgc.es\/fr\/download\/listado-provisional-segunda-vuelta-erasmus-stt-2016-2017\/?wpdmdl=4039&refresh=69d2a3f4e43f51775412212\">T\u00e9l\u00e9charger<\/a>\n            <\/div>\n        <\/div>\n    <\/div>\n<\/div>\n\n<\/div>[\/vc_column_text][vc_column_text]<div class='w3eden'><!-- WPDM Link Template: Default Template -->\n\n<div class=\"link-template-default card mb-2\">\n    <div class=\"card-body\">\n        <div class=\"media\">\n            <div class=\"mr-3 img-48\"><img decoding=\"async\" class=\"wpdm_icon\" alt=\"Ic\u00f4ne\" src=\"https:\/\/internacional.ulpgc.es\/wp-content\/plugins\/download-manager\/assets\/file-type-icons\/pdf.svg\" \/><\/div>\n            <div class=\"media-body\">\n                <h3 class=\"package-title\"><a href='https:\/\/internacional.ulpgc.es\/fr\/download\/listado-definitivo-segunda-vuelta-erasmus-stt-2016-2017\/'>Listado definitivo segunda vuelta Erasmus+ STT 2016-2017<\/a><\/h3>\n                <div class=\"text-muted text-small\"><i class=\"fas fa-copy\"><\/i> 1 fichier\u00b7s <i class=\"fas fa-hdd ml-3\"><\/i> 62.00 KB<\/div>\n            <\/div>\n            <div class=\"ml-3\">\n                <a class='wpdm-download-link download-on-click btn btn-primary ' rel='nofollow' href='#' data-downloadurl=\"https:\/\/internacional.ulpgc.es\/fr\/download\/listado-definitivo-segunda-vuelta-erasmus-stt-2016-2017\/?wpdmdl=4040&refresh=69d2a3f4eb7811775412212\">T\u00e9l\u00e9charger<\/a>\n            <\/div>\n        <\/div>\n    <\/div>\n<\/div>\n\n<\/div>[\/vc_column_text][\/vc_column_inner][\/vc_row_inner][\/vc_column][\/vc_row]<\/p>\n<\/div>","protected":false},"excerpt":{"rendered":"<p>[vc_row][vc_column][vc_raw_html]JTNDZGl2JTIwY2xhc3MlM0QlMjJydC12Yy10ZXh0LXRpdGxlJTIwJTIwc3R5bGUxJTIyJTNFJTBBJTA5JTNDaDElMjBjbGFzcyUzRCUyMnJ0aW4tdGl0bGUlMjIlM0VFcmFzbXVzJTIwJTJCJTIwU1RUJTIwMjAxNi0yMDE3JTNDJTJGaDElM0UlMEElM0MlMkZkaXYlM0U=[\/vc_raw_html][\/vc_column][\/vc_row][vc_row][vc_column][\/vc_column][\/vc_row][vc_row full_width=&#8221;stretch_row_content&#8221;][vc_column][vc_column_text][\/vc_column_text][\/vc_column][\/vc_row][vc_row][vc_column][\/vc_column][\/vc_row][vc_row][vc_column][vc_basic_grid post_type=&#8221;post&#8221; max_items=&#8221;-1&#8243; item=&#8221;2713&#8243; grid_id=&#8221;vc_gid:1536334975072-a0c070fc-d5f5-2&#8243; taxonomies=&#8221;207&#8243;][\/vc_column][\/vc_row][vc_row][vc_column][vc_row_inner][vc_column_inner][vc_column_text][\/vc_column_text][vc_column_text][\/vc_column_text][vc_column_text][\/vc_column_text][\/vc_column_inner][\/vc_row_inner][\/vc_column][\/vc_row][vc_row][vc_column][vc_row_inner][vc_column_inner][vc_column_text][\/vc_column_text][vc_column_text][\/vc_column_text][vc_column_text][\/vc_column_text][vc_column_text][\/vc_column_text][vc_column_text][\/vc_column_text][\/vc_column_inner][\/vc_row_inner][\/vc_column][\/vc_row]<\/p>\n","protected":false},"author":37,"featured_media":0,"parent":2719,"menu_order":0,"comment_status":"closed","ping_status":"closed","template":"","meta":{"_acf_changed":false,"footnotes":""},"categories":[148],"tags":[],"class_list":["post-4013","page","type-page","status-publish","hentry","category-pas-outgoing"],"acf":[],"_links":{"self":[{"href":"https:\/\/internacional.ulpgc.es\/fr\/wp-json\/wp\/v2\/pages\/4013","targetHints":{"allow":["GET"]}}],"collection":[{"href":"https:\/\/internacional.ulpgc.es\/fr\/wp-json\/wp\/v2\/pages"}],"about":[{"href":"https:\/\/internacional.ulpgc.es\/fr\/wp-json\/wp\/v2\/types\/page"}],"author":[{"embeddable":true,"href":"https:\/\/internacional.ulpgc.es\/fr\/wp-json\/wp\/v2\/users\/37"}],"replies":[{"embeddable":true,"href":"https:\/\/internacional.ulpgc.es\/fr\/wp-json\/wp\/v2\/comments?post=4013"}],"version-history":[{"count":0,"href":"https:\/\/internacional.ulpgc.es\/fr\/wp-json\/wp\/v2\/pages\/4013\/revisions"}],"up":[{"embeddable":true,"href":"https:\/\/internacional.ulpgc.es\/fr\/wp-json\/wp\/v2\/pages\/2719"}],"wp:attachment":[{"href":"https:\/\/internacional.ulpgc.es\/fr\/wp-json\/wp\/v2\/media?parent=4013"}],"wp:term":[{"taxonomy":"category","embeddable":true,"href":"https:\/\/internacional.ulpgc.es\/fr\/wp-json\/wp\/v2\/categories?post=4013"},{"taxonomy":"post_tag","embeddable":true,"href":"https:\/\/internacional.ulpgc.es\/fr\/wp-json\/wp\/v2\/tags?post=4013"}],"curies":[{"name":"wp","href":"https:\/\/api.w.org\/{rel}","templated":true}]}}