{"id":4421,"date":"2018-10-24T18:05:59","date_gmt":"2018-10-24T18:05:59","guid":{"rendered":"https:\/\/internacional.ulpgc.es\/?page_id=4421"},"modified":"2020-08-25T15:23:40","modified_gmt":"2020-08-25T15:23:40","slug":"english-aviso-legal","status":"publish","type":"page","link":"https:\/\/internacional.ulpgc.es\/fr\/mentions-legales\/","title":{"rendered":"Mentions l\u00e9gales"},"content":{"rendered":"<div class=\"wpb-content-wrapper\"><p><\/p>\n<p>[vc_row][vc_column][vc_raw_html]JTNDZGl2JTIwY2xhc3MlM0QlMjJydC12Yy10ZXh0LXRpdGxlJTIwJTIwc3R5bGUxJTIyJTNFJTBBJTA5JTNDaDElMjBjbGFzcyUzRCUyMnJ0aW4tdGl0bGUlMjIlM0VMZWdhbCUyME5vdGljZSUzQyUyRmgxJTNFJTBBJTNDJTJGZGl2JTNF[\/vc_raw_html][vc_column_text]<strong>1. Objeto<\/strong><\/p>\n<p>Las presentes condiciones legales son establecidas por el portal Vicerrectorado de Internacionalizaci\u00f3n y Cooperaci\u00f3n de la Universidad de Las Palmas de Gran Canaria, en adelante Vicerrectorado de Internacionalizaci\u00f3n y Cooperaci\u00f3n, con el fin de determinar los criterios y condiciones de uso de la p\u00e1gina web: Vicerrectorado de Internacionalizaci\u00f3n y Cooperaci\u00f3n.ulpgc.es.<\/p>\n<p>Datos del Titular:<\/p>\n<p>Vicerrectorado de Internacionalizaci\u00f3n y Cooperaci\u00f3n, pone a disposici\u00f3n los datos del titular de la presente p\u00e1gina web:<\/p>\n<p>Universidad de Las Palmas de Gran Canaria<\/p>\n<p>NIF: Q3518001G<\/p>\n<p>Domicilio en: Sede Institucional ULPGC. Calle Juan de Quesada, 30. Las Palmas de Gran Canaria (Espa\u00f1a).<\/p>\n<p>Tel\u00e9fono: (+34) 928 458 013<\/p>\n<p>Correo electr\u00f3nico: svic@ulpgc.es<\/p>\n<p><strong>2. Usuarios<\/strong><\/p>\n<p>El acceso a y\/o uso del Portal atribuye a quien lo realiza la condici\u00f3n de usuario, aceptando, desde ese mismo momento, plenamente y sin reserva alguna, el presente aviso legal \u2013condiciones generales de uso- as\u00ed como los apartados complementarios que, en su caso, complementen, modifiquen o sustituyan las Condiciones Generales en relaci\u00f3n con determinados servicios y contenidos del Portal.<\/p>\n<p><strong>3. Uso de la p\u00e1gina web, sus servicios y contenidos.<\/strong><\/p>\n<p>El usuario se compromete a utilizar el portal, sus servicios y contenidos sin contravenir la legislaci\u00f3n vigente, la buena fe, los usos generalmente aceptados y el orden p\u00fablico. Asimismo, queda prohibido, el uso del portal con fines il\u00edcitos o lesivos contra Vicerrectorado de Internacionalizaci\u00f3n y Cooperaci\u00f3n o cualquier tercero, o que, de cualquier forma, puedan causar perjuicio o impedir el normal funcionamiento del portal.<\/p>\n<p>Respecto de los contenidos (informaciones, textos, gr\u00e1ficos, archivos de sonido y\/o imagen, fotograf\u00edas, dise\u00f1os, etc.), se proh\u00edbe:<\/p>\n<p>Su reproducci\u00f3n, distribuci\u00f3n o modificaci\u00f3n, a menos que se cuente con la autorizaci\u00f3n expresa y por escrito de sus leg\u00edtimos titulares o que resulte legalmente permitido.<\/p>\n<p>Cualquier vulneraci\u00f3n de los derechos del Vicerrectorado de Internacionalizaci\u00f3n y Cooperaci\u00f3n o de sus leg\u00edtimos titulares sobre los mismos.<\/p>\n<p>Su utilizaci\u00f3n para todo tipo de fines comerciales o publicitarios, distintos de los estrictamente permitidos.<\/p>\n<p>Cualquier intento de obtener los contenidos del portal por cualquier medio distinto de los que se pongan a disposici\u00f3n de los usuarios as\u00ed como de los que habitualmente se empleen en la red, siempre que no causen perjuicio alguno al portal del Vicerrectorado de Internacionalizaci\u00f3n y Cooperaci\u00f3n.<\/p>\n<p>Si quiere compartir o hacer uso de alguno de nuestros contenidos p\u00f3ngase en contacto con los titulares de la web, a trav\u00e9s de los datos de contacto facilitados.<\/p>\n<p><strong>4. Responsabilidad del usuario por da\u00f1os y perjuicios<\/strong><\/p>\n<p>El uso del portal se realizar\u00e1 bajo la \u00fanica y exclusiva responsabilidad del Usuario. Dicha responsabilidad se extender\u00e1 al uso, por parte del usuario o de cualquier tercero, de cualesquiera contrase\u00f1a o similares asignadas para el acceso al portal o a cualesquiera de sus servicios.<\/p>\n<p>Sin perjuicio de lo anterior Vicerrectorado de Internacionalizaci\u00f3n y Cooperaci\u00f3n, se reserva el derecho a denegar en cualquier momento y sin necesidad de aviso previo el acceso al portal, a aquellos usuarios que incumplan estas condiciones generales, o las particulares que en cada caso les sean de aplicaci\u00f3n.<\/p>\n<p><strong>5. Modificaci\u00f3n unilateral<\/strong><\/p>\n<p>Vicerrectorado de Internacionalizaci\u00f3n y Cooperaci\u00f3n podr\u00e1 modificar unilateralmente y sin previo aviso, siempre que lo considere oportuno, la estructura y dise\u00f1o del portal, as\u00ed como modificar o eliminar, los servicios, los contenidos y las condiciones de acceso y\/o uso del portal.<\/p>\n<p>En caso de que las modificaciones afecten los derechos de los usuarios, estos ser\u00e1n informados previamente a la entrada en vigor de los cambios.<\/p>\n<p><strong>6. Hiperenlaces<\/strong><\/p>\n<p>Las personas o entidades que pretendan realizar o realicen un hiperenlace desde una p\u00e1gina web de otro portal de internet a cualquiera de las p\u00e1ginas del portal del Vicerrectorado de Internacionalizaci\u00f3n y Cooperaci\u00f3n deber\u00e1n someterse a las siguientes condiciones:<\/p>\n<p>No se permite la reproducci\u00f3n total ni parcial de ninguno de los servicios ni contenidos del Portal del Vicerrectorado de Internacionalizaci\u00f3n y Cooperaci\u00f3n.<\/p>\n<p>No se establecer\u00e1n deep-links, ni enlaces IMG o de imagen, ni frames con las p\u00e1ginas del Portal del Vicerrectorado de Internacionalizaci\u00f3n y Cooperaci\u00f3n sin la previa autorizaci\u00f3n expresa del Vicerrectorado de Internacionalizaci\u00f3n y Cooperaci\u00f3n.<\/p>\n<p>No se incluir\u00e1 ninguna manifestaci\u00f3n falsa, inexacta o incorrecta sobre las p\u00e1ginas del Portal del Vicerrectorado de Internacionalizaci\u00f3n y Cooperaci\u00f3n ni sobre los servicios o contenidos del mismo.<\/p>\n<p>Salvo aquellos signos que formen parte del hiperenlace, la p\u00e1gina web en el que se establezca no contendr\u00e1 ninguna marca, nombre comercial, r\u00f3tulo de establecimiento, denominaci\u00f3n, logotipo, eslogan u otros signos distintivos pertenecientes a Vicerrectorado de Internacionalizaci\u00f3n y Cooperaci\u00f3n, salvo autorizaci\u00f3n expresa de \u00e9ste.<\/p>\n<p>El establecimiento del hiperenlace no implicar\u00e1 la existencia de relaciones entre Vicerrectorado de Internacionalizaci\u00f3n y Cooperaci\u00f3n y el titular de la p\u00e1gina web o del portal desde el cual se realice, ni el conocimiento y aceptaci\u00f3n del Vicerrectorado de Internacionalizaci\u00f3n y Cooperaci\u00f3n de los servicios y contenidos ofrecidos en dicho portal.<\/p>\n<p>Vicerrectorado de Internacionalizaci\u00f3n y Cooperaci\u00f3n no ser\u00e1 responsable de los contenidos o servicios puestos a disposici\u00f3n del p\u00fablico en la p\u00e1gina web o portal desde el cual se realice el &#8220;hiperenlace&#8221; ni de las informaciones y manifestaciones incluidas en las mismas.<\/p>\n<p>Cualquier hiperenlace al Portal del Vicerrectorado de Internacionalizaci\u00f3n y Cooperaci\u00f3n se efectuar\u00e1 a su p\u00e1gina principal o p\u00e1ginas principales de las secciones que contiene.<\/p>\n<p>El portal del Vicerrectorado de Internacionalizaci\u00f3n y Cooperaci\u00f3n pone a disposici\u00f3n de los usuarios conexiones y enlaces a otros sitios web gestionados y controlados por terceros. Dichos enlaces tienen como funci\u00f3n exclusiva la de facilitar a los usuarios la b\u00fasqueda de informaci\u00f3n, contenidos y servicios en Internet, sin que en ning\u00fan caso pueda considerarse una sugerencia, recomendaci\u00f3n o invitaci\u00f3n para la visita de los mismos. Vicerrectorado de Internacionalizaci\u00f3n y Cooperaci\u00f3n no comercializa, ni dirige, ni controla previamente, ni hace propios los contenidos, servicios, informaciones y manifestaciones disponibles en dichos sitios web.<\/p>\n<p>Vicerrectorado de Internacionalizaci\u00f3n y Cooperaci\u00f3n no asume ning\u00fan tipo de responsabilidad, ni siquiera de forma indirecta o subsidiaria, por los da\u00f1os y perjuicios de toda clase que pudieran derivarse del acceso, mantenimiento, uso, calidad, licitud, fiabilidad y utilidad de los contenidos, informaciones, comunicaciones, opiniones, manifestaciones, productos y servicios existentes u ofrecidos en los sitios web no gestionados por Vicerrectorado de Internacionalizaci\u00f3n y Cooperaci\u00f3n y que resulten accesibles a trav\u00e9s del portal del Vicerrectorado de Internacionalizaci\u00f3n y Cooperaci\u00f3n.<\/p>\n<p><strong>7. Protecci\u00f3n de datos de car\u00e1cter personal<\/strong><\/p>\n<p><strong>Pol\u00edtica de Privacidad<\/strong><\/p>\n<p>En cumplimiento del art\u00edculo 5 de la Ley Org\u00e1nica 15\/1999, de Protecci\u00f3n de Datos de Car\u00e1cter Personal, le informamos que Vicerrectorado de Internacionalizaci\u00f3n y Cooperaci\u00f3n, recaba a trav\u00e9s de diversos formularios del portal datos personales e informaci\u00f3n de los Usuarios, con el fin de almacenarla y\/o utilizarla en el desarrollo de la relaci\u00f3n con dicho Usuario. Los datos facilitados por los Usuarios se incorporar\u00e1n a los ficheros de los que es titular la Universidad de Las Palmas de Gran Canaria.<\/p>\n<p>Al facilitarnos sus datos a trav\u00e9s de cualquiera de los medios de contacto que ponemos a su disposici\u00f3n, usted consciente de forma expresa e inequ\u00edvoca el tratamiento de sus datos por parte del Vicerrectorado de Internacionalizaci\u00f3n y Cooperaci\u00f3n; la finalidad de dicho tratamiento ser\u00e1:<\/p>\n<p>Gestionar y contestar sus consultas y solicitudes.<\/p>\n<p>Remitirle informaci\u00f3n sobre nuestros servicios, eventos, actividades y publicaciones del blog. Estas comunicaciones se realizar\u00e1n por distintos medios de contacto, incluidos los electr\u00f3nicos (correo, sms, mms, apps, etc.)<\/p>\n<p>Gestionar su inscripci\u00f3n y participaci\u00f3n en nuestros concursos, cursos y dem\u00e1s eventos y actividades.<\/p>\n<p>Gestionar sus solicitudes para obtener nuestro sello de calidad.<\/p>\n<p>En los cuadros de contacto, as\u00ed como en los formularios de inscripci\u00f3n y\/o solicitud de gesti\u00f3n, debe cumplimentar todos los datos marcados como obligatorios, de lo contrario no podremos cursar su solicitud o atender su consulta. Por favor evite incluir datos especialmente protegidos en los campos de texto libre.<\/p>\n<p>Vicerrectorado de Internacionalizaci\u00f3n y Cooperaci\u00f3n se compromete a tratar los datos de car\u00e1cter personal de los Usuarios de conformidad con lo establecido en la normativa aplicable y, en particular:<\/p>\n<p>A tratar confidencialmente los datos de car\u00e1cter personal del Usuario a los que tenga acceso como consecuencia de su navegaci\u00f3n en el portal. No obstante, el Vicerrectorado de Internacionalizaci\u00f3n y Cooperaci\u00f3n podr\u00e1 revelar los datos de car\u00e1cter personal y cualquier otra informaci\u00f3n del Usuario cuando le sea requerida por autoridades p\u00fablicas en el ejercicio de las funciones que tienen leg\u00edtimamente atribuidas y conforme a las disposiciones legales que resulten aplicables.<\/p>\n<p>A adoptar las medidas de seguridad de \u00edndole t\u00e9cnica y organizativas necesarias para evitar la alteraci\u00f3n, p\u00e9rdida y el tratamiento o acceso no autorizado a dichos datos.<\/p>\n<p>Sin perjuicio de ello, debido a las actuales condiciones de seguridad en Internet, el Vicerrectorado de Internacionalizaci\u00f3n y Cooperaci\u00f3n no puede garantizar el uso il\u00edcito de la informaci\u00f3n de los Usuarios por parte de terceros. En consecuencia, Vicerrectorado de Internacionalizaci\u00f3n y Cooperaci\u00f3n no garantiza ni asumen responsabilidad alguna por los da\u00f1os y perjuicios, de cualquier naturaleza, que pudieran derivarse de alteraci\u00f3n, p\u00e9rdida, el tratamiento, acceso no autorizado o el uso il\u00edcito de la Informaci\u00f3n de los Usuarios por parte de terceros.<\/p>\n<p>El Usuario se compromete a mantener los datos proporcionados al Responsable del Fichero debidamente actualizados.<\/p>\n<p>El Usuario ser\u00e1 responsable de los da\u00f1os y perjuicios que Vicerrectorado de Internacionalizaci\u00f3n y Cooperaci\u00f3n y\/o terceros pudieran sufrir como consecuencia de la falta de veracidad, inexactitud, falta de vigencia y autenticidad de los datos facilitados.<\/p>\n<p>Los consentimientos que nos otorgue ahora, podr\u00e1n ser revocados en cualquier momento. De igual forma puede ejercer los derechos de acceso, rectificaci\u00f3n, cancelaci\u00f3n y oposici\u00f3n que le reconoce la normativa de protecci\u00f3n de datos, remitiendo su solicitud escrita a la direcci\u00f3n arriba mencionada, o al correo svic@ulpgc.es<\/p>\n<p>Puede darse de baja de nuestro servicio de mailing informativo remitiendo un correo a svic@ulpgc.es o siguiendo las indicaciones que aparecen en el pie de p\u00e1gina de nuestros boletines informativos.<\/p>\n<p>Con independencia de lo establecido en la presente pol\u00edtica de privacidad, en cada uno de los formularios relativos a actividades y eventos espec\u00edficos en los que se recaben datos de car\u00e1cter personal, el Usuario recibir\u00e1 la informaci\u00f3n detallada sobre todas las menciones requeridas por la legislaci\u00f3n aplicable en materia de protecci\u00f3n de datos de car\u00e1cter personal, las cu\u00e1les, en todo caso, deber\u00e1n ser aceptadas expresamente por el Usuario.<\/p>\n<p><strong>8. Duraci\u00f3n<\/strong><\/p>\n<p>La duraci\u00f3n de la prestaci\u00f3n del servicio del portal y de los servicios es de car\u00e1cter indefinido. Sin perjuicio de lo anterior, Vicerrectorado de Internacionalizaci\u00f3n y Cooperaci\u00f3n se reserva el derecho para, interrumpir, suspender o terminar la prestaci\u00f3n del servicio del portal o de cualquiera de los servicios que lo integran, en los mismos t\u00e9rminos que se recogen en la condici\u00f3n cuarta.<\/p>\n<p><strong>9. Ley aplicable y Jurisdicci\u00f3n competente<\/strong><\/p>\n<p>Estas normas se rigen por las leyes espa\u00f1olas.<\/p>\n<p>Consumidores y usuarios: En caso de controversia, los Juzgados y Tribunales que conocer\u00e1n del asunto, ser\u00e1n los dispone la normativa legal aplicable: el domicilio del comprador o el lugar del cumplimiento de la obligaci\u00f3n.<\/p>\n<p>Profesionales o empresas: En caso de controversia entre las partes, ambas, con renuncia expresa a su propio fuero se someten a la jurisdicci\u00f3n de los Tribunales y Juzgados de Las Palmas de Gran Canaria.[\/vc_column_text][\/vc_column][\/vc_row]<\/p>\n<p><\/p>\n<\/div>","protected":false},"excerpt":{"rendered":"<p>[vc_row][vc_column][vc_raw_html]JTNDZGl2JTIwY2xhc3MlM0QlMjJydC12Yy10ZXh0LXRpdGxlJTIwJTIwc3R5bGUxJTIyJTNFJTBBJTA5JTNDaDElMjBjbGFzcyUzRCUyMnJ0aW4tdGl0bGUlMjIlM0VMZWdhbCUyME5vdGljZSUzQyUyRmgxJTNFJTBBJTNDJTJGZGl2JTNF[\/vc_raw_html][vc_column_text]1. Objeto Las presentes condiciones legales son establecidas por el portal Vicerrectorado de Internacionalizaci\u00f3n y Cooperaci\u00f3n de la Universidad de Las Palmas de Gran Canaria, [&hellip;]<\/p>\n","protected":false},"author":37,"featured_media":0,"parent":0,"menu_order":0,"comment_status":"closed","ping_status":"closed","template":"","meta":{"_acf_changed":false,"footnotes":""},"categories":[111],"tags":[],"class_list":["post-4421","page","type-page","status-publish","hentry","category-portal"],"acf":[],"_links":{"self":[{"href":"https:\/\/internacional.ulpgc.es\/fr\/wp-json\/wp\/v2\/pages\/4421","targetHints":{"allow":["GET"]}}],"collection":[{"href":"https:\/\/internacional.ulpgc.es\/fr\/wp-json\/wp\/v2\/pages"}],"about":[{"href":"https:\/\/internacional.ulpgc.es\/fr\/wp-json\/wp\/v2\/types\/page"}],"author":[{"embeddable":true,"href":"https:\/\/internacional.ulpgc.es\/fr\/wp-json\/wp\/v2\/users\/37"}],"replies":[{"embeddable":true,"href":"https:\/\/internacional.ulpgc.es\/fr\/wp-json\/wp\/v2\/comments?post=4421"}],"version-history":[{"count":3,"href":"https:\/\/internacional.ulpgc.es\/fr\/wp-json\/wp\/v2\/pages\/4421\/revisions"}],"predecessor-version":[{"id":5655,"href":"https:\/\/internacional.ulpgc.es\/fr\/wp-json\/wp\/v2\/pages\/4421\/revisions\/5655"}],"wp:attachment":[{"href":"https:\/\/internacional.ulpgc.es\/fr\/wp-json\/wp\/v2\/media?parent=4421"}],"wp:term":[{"taxonomy":"category","embeddable":true,"href":"https:\/\/internacional.ulpgc.es\/fr\/wp-json\/wp\/v2\/categories?post=4421"},{"taxonomy":"post_tag","embeddable":true,"href":"https:\/\/internacional.ulpgc.es\/fr\/wp-json\/wp\/v2\/tags?post=4421"}],"curies":[{"name":"wp","href":"https:\/\/api.w.org\/{rel}","templated":true}]}}