{"id":4841,"date":"2019-01-24T14:48:28","date_gmt":"2019-01-24T14:48:28","guid":{"rendered":"https:\/\/internacional.ulpgc.es\/?page_id=4841"},"modified":"2026-03-12T09:50:06","modified_gmt":"2026-03-12T09:50:06","slug":"buscador-de-convenios","status":"publish","type":"page","link":"https:\/\/internacional.ulpgc.es\/fr\/consulta-de-plazas-de-los-programas-de-movilidad\/","title":{"rendered":"Consulta de plazas de los programas de movilidad"},"content":{"rendered":"<div class=\"wpb-content-wrapper\"><p><\/p>\n<p>[vc_row][vc_column][vc_raw_html]JTNDZGl2JTIwY2xhc3MlM0QlMjJydC12Yy10ZXh0LXRpdGxlJTIwJTIwc3R5bGUxJTIyJTNFJTBBJTA5JTNDaDElMjBjbGFzcyUzRCUyMnJ0aW4tdGl0bGUlMjIlM0VSZWNoZXJjaGUlMjBkJTI3YWNjb3JkcyUzQyUyRmgxJTNFJTBBJTNDJTJGZGl2JTNF[\/vc_raw_html][vc_column_text]\u00c0 partir de la page suivante, vous pourrez acc\u00e9der aux conventions des programmes de mobilit\u00e9 afin de v\u00e9rifier les places disponibles. Veuillez noter que les conventions seront t\u00e9l\u00e9charg\u00e9es petit \u00e0 petit et qu&#8217;elles ne sont peut-\u00eatre pas encore toutes t\u00e9l\u00e9charg\u00e9es ou mises \u00e0 jour. <strong>Vous devez toujours v\u00e9rifier le site web de l&#8217;universit\u00e9 d&#8217;accueil au cas o\u00f9 il y aurait eu des changements dans les exigences linguistiques ou tout autre aspect acad\u00e9mique.<\/strong>[\/vc_column_text][vc_btn title=&#8221;Consultation des accords&#8221; shape=&#8221;square&#8221; size=&#8221;lg&#8221; align=&#8221;center&#8221; i_align=&#8221;right&#8221; i_icon_fontawesome=&#8221;fas fa-globe-africa&#8221; add_icon=&#8221;true&#8221; link=&#8221;url:http%3A%2F%2Fapps.ulpgc.es%2Fpi%2FconsultaConvenios|target:_blank&#8221;][\/vc_column][\/vc_row][vc_row][vc_column][\/vc_column][\/vc_row]<\/p>\n<p><\/p>\n<\/div>","protected":false},"excerpt":{"rendered":"<p>[vc_row][vc_column][vc_raw_html]JTNDZGl2JTIwY2xhc3MlM0QlMjJydC12Yy10ZXh0LXRpdGxlJTIwJTIwc3R5bGUxJTIyJTNFJTBBJTA5JTNDaDElMjBjbGFzcyUzRCUyMnJ0aW4tdGl0bGUlMjIlM0VSZWNoZXJjaGUlMjBkJTI3YWNjb3JkcyUzQyUyRmgxJTNFJTBBJTNDJTJGZGl2JTNF[\/vc_raw_html][vc_column_text]\u00c0 partir de la page suivante, vous pourrez acc\u00e9der aux conventions des programmes de mobilit\u00e9 afin de v\u00e9rifier les places disponibles. Veuillez noter que les [&hellip;]<\/p>\n","protected":false},"author":37,"featured_media":0,"parent":0,"menu_order":0,"comment_status":"closed","ping_status":"closed","template":"","meta":{"_acf_changed":false,"footnotes":""},"categories":[141],"tags":[],"class_list":["post-4841","page","type-page","status-publish","hentry","category-outgoing"],"acf":[],"_links":{"self":[{"href":"https:\/\/internacional.ulpgc.es\/fr\/wp-json\/wp\/v2\/pages\/4841","targetHints":{"allow":["GET"]}}],"collection":[{"href":"https:\/\/internacional.ulpgc.es\/fr\/wp-json\/wp\/v2\/pages"}],"about":[{"href":"https:\/\/internacional.ulpgc.es\/fr\/wp-json\/wp\/v2\/types\/page"}],"author":[{"embeddable":true,"href":"https:\/\/internacional.ulpgc.es\/fr\/wp-json\/wp\/v2\/users\/37"}],"replies":[{"embeddable":true,"href":"https:\/\/internacional.ulpgc.es\/fr\/wp-json\/wp\/v2\/comments?post=4841"}],"version-history":[{"count":5,"href":"https:\/\/internacional.ulpgc.es\/fr\/wp-json\/wp\/v2\/pages\/4841\/revisions"}],"predecessor-version":[{"id":7728,"href":"https:\/\/internacional.ulpgc.es\/fr\/wp-json\/wp\/v2\/pages\/4841\/revisions\/7728"}],"wp:attachment":[{"href":"https:\/\/internacional.ulpgc.es\/fr\/wp-json\/wp\/v2\/media?parent=4841"}],"wp:term":[{"taxonomy":"category","embeddable":true,"href":"https:\/\/internacional.ulpgc.es\/fr\/wp-json\/wp\/v2\/categories?post=4841"},{"taxonomy":"post_tag","embeddable":true,"href":"https:\/\/internacional.ulpgc.es\/fr\/wp-json\/wp\/v2\/tags?post=4841"}],"curies":[{"name":"wp","href":"https:\/\/api.w.org\/{rel}","templated":true}]}}