{"id":5998,"date":"2019-11-19T12:42:01","date_gmt":"2019-11-19T12:42:01","guid":{"rendered":"https:\/\/internacional.ulpgc.es\/?page_id=5998"},"modified":"2021-01-19T13:20:55","modified_gmt":"2021-01-19T13:20:55","slug":"erasmus-practicas-2019-2020","status":"publish","type":"page","link":"https:\/\/internacional.ulpgc.es\/fr\/movilidad-outgoing\/estudiantes-outgoing\/espanol-erasmus-practicas-2019-2020\/","title":{"rendered":"(Espa\u00f1ol) Erasmus+ Pr\u00e1cticas 2019-2020"},"content":{"rendered":"<p class=\"qtranxs-available-languages-message qtranxs-available-languages-message-fr\">D\u00e9sol\u00e9, cet article est seulement disponible en <a href=\"https:\/\/internacional.ulpgc.es\/es\/wp-json\/wp\/v2\/pages\/5998\" class=\"qtranxs-available-language-link qtranxs-available-language-link-es\" title=\"Espa\u00f1ol\">Espa\u00f1ol<\/a> et <a href=\"https:\/\/internacional.ulpgc.es\/en\/wp-json\/wp\/v2\/pages\/5998\" class=\"qtranxs-available-language-link qtranxs-available-language-link-en\" title=\"English\">English<\/a>.<\/p>","protected":false},"excerpt":{"rendered":"<p>D\u00e9sol\u00e9, cet article est seulement disponible en Espa\u00f1ol.<\/p>\n","protected":false},"author":5,"featured_media":0,"parent":2716,"menu_order":0,"comment_status":"closed","ping_status":"closed","template":"","meta":{"_acf_changed":false,"footnotes":""},"categories":[146],"tags":[],"class_list":["post-5998","page","type-page","status-publish","hentry","category-estudiantes-outgoing"],"acf":[],"_links":{"self":[{"href":"https:\/\/internacional.ulpgc.es\/fr\/wp-json\/wp\/v2\/pages\/5998","targetHints":{"allow":["GET"]}}],"collection":[{"href":"https:\/\/internacional.ulpgc.es\/fr\/wp-json\/wp\/v2\/pages"}],"about":[{"href":"https:\/\/internacional.ulpgc.es\/fr\/wp-json\/wp\/v2\/types\/page"}],"author":[{"embeddable":true,"href":"https:\/\/internacional.ulpgc.es\/fr\/wp-json\/wp\/v2\/users\/5"}],"replies":[{"embeddable":true,"href":"https:\/\/internacional.ulpgc.es\/fr\/wp-json\/wp\/v2\/comments?post=5998"}],"version-history":[{"count":4,"href":"https:\/\/internacional.ulpgc.es\/fr\/wp-json\/wp\/v2\/pages\/5998\/revisions"}],"predecessor-version":[{"id":6942,"href":"https:\/\/internacional.ulpgc.es\/fr\/wp-json\/wp\/v2\/pages\/5998\/revisions\/6942"}],"up":[{"embeddable":true,"href":"https:\/\/internacional.ulpgc.es\/fr\/wp-json\/wp\/v2\/pages\/2716"}],"wp:attachment":[{"href":"https:\/\/internacional.ulpgc.es\/fr\/wp-json\/wp\/v2\/media?parent=5998"}],"wp:term":[{"taxonomy":"category","embeddable":true,"href":"https:\/\/internacional.ulpgc.es\/fr\/wp-json\/wp\/v2\/categories?post=5998"},{"taxonomy":"post_tag","embeddable":true,"href":"https:\/\/internacional.ulpgc.es\/fr\/wp-json\/wp\/v2\/tags?post=5998"}],"curies":[{"name":"wp","href":"https:\/\/api.w.org\/{rel}","templated":true}]}}