{"id":7531,"date":"2021-09-23T11:29:27","date_gmt":"2021-09-23T11:29:27","guid":{"rendered":"https:\/\/internacional.ulpgc.es\/?page_id=7531"},"modified":"2021-10-18T13:05:37","modified_gmt":"2021-10-18T13:05:37","slug":"semana-pobreza-21","status":"publish","type":"page","link":"https:\/\/internacional.ulpgc.es\/fr\/francais-semana-pobreza-21\/","title":{"rendered":"(Espa\u00f1ol) Semana Pobreza 21"},"content":{"rendered":"<p class=\"qtranxs-available-languages-message qtranxs-available-languages-message-fr\">D\u00e9sol\u00e9, cet article est seulement disponible en <a href=\"https:\/\/internacional.ulpgc.es\/es\/wp-json\/wp\/v2\/pages\/7531\" class=\"qtranxs-available-language-link qtranxs-available-language-link-es\" title=\"Espa\u00f1ol\">Espa\u00f1ol<\/a>.<\/p>","protected":false},"excerpt":{"rendered":"<p>D\u00e9sol\u00e9, cet article est seulement disponible en Espa\u00f1ol.<\/p>\n","protected":false},"author":5,"featured_media":0,"parent":0,"menu_order":0,"comment_status":"closed","ping_status":"closed","template":"","meta":{"_acf_changed":false,"footnotes":""},"categories":[259,116],"tags":[],"class_list":["post-7531","page","type-page","status-publish","hentry","category-eventos","category-proyectos"],"acf":[],"_links":{"self":[{"href":"https:\/\/internacional.ulpgc.es\/fr\/wp-json\/wp\/v2\/pages\/7531","targetHints":{"allow":["GET"]}}],"collection":[{"href":"https:\/\/internacional.ulpgc.es\/fr\/wp-json\/wp\/v2\/pages"}],"about":[{"href":"https:\/\/internacional.ulpgc.es\/fr\/wp-json\/wp\/v2\/types\/page"}],"author":[{"embeddable":true,"href":"https:\/\/internacional.ulpgc.es\/fr\/wp-json\/wp\/v2\/users\/5"}],"replies":[{"embeddable":true,"href":"https:\/\/internacional.ulpgc.es\/fr\/wp-json\/wp\/v2\/comments?post=7531"}],"version-history":[{"count":5,"href":"https:\/\/internacional.ulpgc.es\/fr\/wp-json\/wp\/v2\/pages\/7531\/revisions"}],"predecessor-version":[{"id":7630,"href":"https:\/\/internacional.ulpgc.es\/fr\/wp-json\/wp\/v2\/pages\/7531\/revisions\/7630"}],"wp:attachment":[{"href":"https:\/\/internacional.ulpgc.es\/fr\/wp-json\/wp\/v2\/media?parent=7531"}],"wp:term":[{"taxonomy":"category","embeddable":true,"href":"https:\/\/internacional.ulpgc.es\/fr\/wp-json\/wp\/v2\/categories?post=7531"},{"taxonomy":"post_tag","embeddable":true,"href":"https:\/\/internacional.ulpgc.es\/fr\/wp-json\/wp\/v2\/tags?post=7531"}],"curies":[{"name":"wp","href":"https:\/\/api.w.org\/{rel}","templated":true}]}}