{"id":7616,"date":"2021-10-18T10:20:35","date_gmt":"2021-10-18T10:20:35","guid":{"rendered":"https:\/\/internacional.ulpgc.es\/?page_id=7616"},"modified":"2021-10-18T10:24:56","modified_gmt":"2021-10-18T10:24:56","slug":"sesion-informativa-sobre-becas-fulbright","status":"publish","type":"page","link":"https:\/\/internacional.ulpgc.es\/fr\/espanol-sesion-informativa-sobre-becas-fulbright\/","title":{"rendered":"(Espa\u00f1ol) SESI\u00d3N INFORMATIVA SOBRE BECAS FULBRIGHT"},"content":{"rendered":"<p class=\"qtranxs-available-languages-message qtranxs-available-languages-message-fr\">D\u00e9sol\u00e9, cet article est seulement disponible en <a href=\"https:\/\/internacional.ulpgc.es\/es\/wp-json\/wp\/v2\/pages\/7616\" class=\"qtranxs-available-language-link qtranxs-available-language-link-es\" title=\"Espa\u00f1ol\">Espa\u00f1ol<\/a>.<\/p>","protected":false},"excerpt":{"rendered":"<p>D\u00e9sol\u00e9, cet article est seulement disponible en Espa\u00f1ol.<\/p>\n","protected":false},"author":5,"featured_media":0,"parent":0,"menu_order":0,"comment_status":"closed","ping_status":"closed","template":"","meta":{"_acf_changed":false,"footnotes":""},"categories":[259],"tags":[],"class_list":["post-7616","page","type-page","status-publish","hentry","category-eventos"],"acf":[],"_links":{"self":[{"href":"https:\/\/internacional.ulpgc.es\/fr\/wp-json\/wp\/v2\/pages\/7616","targetHints":{"allow":["GET"]}}],"collection":[{"href":"https:\/\/internacional.ulpgc.es\/fr\/wp-json\/wp\/v2\/pages"}],"about":[{"href":"https:\/\/internacional.ulpgc.es\/fr\/wp-json\/wp\/v2\/types\/page"}],"author":[{"embeddable":true,"href":"https:\/\/internacional.ulpgc.es\/fr\/wp-json\/wp\/v2\/users\/5"}],"replies":[{"embeddable":true,"href":"https:\/\/internacional.ulpgc.es\/fr\/wp-json\/wp\/v2\/comments?post=7616"}],"version-history":[{"count":3,"href":"https:\/\/internacional.ulpgc.es\/fr\/wp-json\/wp\/v2\/pages\/7616\/revisions"}],"predecessor-version":[{"id":7621,"href":"https:\/\/internacional.ulpgc.es\/fr\/wp-json\/wp\/v2\/pages\/7616\/revisions\/7621"}],"wp:attachment":[{"href":"https:\/\/internacional.ulpgc.es\/fr\/wp-json\/wp\/v2\/media?parent=7616"}],"wp:term":[{"taxonomy":"category","embeddable":true,"href":"https:\/\/internacional.ulpgc.es\/fr\/wp-json\/wp\/v2\/categories?post=7616"},{"taxonomy":"post_tag","embeddable":true,"href":"https:\/\/internacional.ulpgc.es\/fr\/wp-json\/wp\/v2\/tags?post=7616"}],"curies":[{"name":"wp","href":"https:\/\/api.w.org\/{rel}","templated":true}]}}