{"id":7665,"date":"2021-10-28T11:37:13","date_gmt":"2021-10-28T11:37:13","guid":{"rendered":"https:\/\/internacional.ulpgc.es\/?page_id=7665"},"modified":"2025-02-21T12:52:34","modified_gmt":"2025-02-21T12:52:34","slug":"contacta-con-nosotros","status":"publish","type":"page","link":"https:\/\/internacional.ulpgc.es\/fr\/contactez-nous\/","title":{"rendered":"Contactez nous"},"content":{"rendered":"<div class=\"wpb-content-wrapper\"><p>[vc_row][vc_column][vc_raw_html]JTNDZGl2JTIwY2xhc3MlM0QlMjJydC12Yy10ZXh0LXRpdGxlJTIwJTIwc3R5bGUxJTIyJTNFJTBBJTA5JTNDaDElMjBjbGFzcyUzRCUyMnJ0aW4tdGl0bGUlMjIlM0VDb250YWN0ZXolMjBub3VzJTNDJTJGaDElM0UlMEElM0MlMkZkaXYlM0U=[\/vc_raw_html][vc_column_text]Dans cette section, vous trouverez les coordonn\u00e9es des coordinateurs de mobilit\u00e9 des centres de mobilit\u00e9 et des bureaux de mobilit\u00e9 qui sont situ\u00e9s dans les diff\u00e9rents campus de l&#8217;ULPGC.[\/vc_column_text][\/vc_column][\/vc_row][vc_row][vc_column width=&#8221;1\/3&#8243;]<div class=\"\">\n\t<div class=\"rt-vc-imagetext\">\n\t\t\t\t\t<a href=\"https:\/\/internacional.ulpgc.es\/fr\/movilidad-outgoing\/estudiantes-outgoing\/coordinateurs\/\">\n\t\t\t\t\t\t<div class=\"rtin-item\">\n\t\t\t\t<div class=\"rtin-img\"><img loading=\"lazy\" decoding=\"async\" width=\"792\" height=\"499\" src=\"https:\/\/internacional.ulpgc.es\/wp-content\/uploads\/2018\/07\/fondo-boton.jpg\" class=\"attachment-full size-full\" alt=\"fondo-boton\" srcset=\"https:\/\/internacional.ulpgc.es\/wp-content\/uploads\/2018\/07\/fondo-boton.jpg 792w, https:\/\/internacional.ulpgc.es\/wp-content\/uploads\/2018\/07\/fondo-boton-300x189.jpg 300w, https:\/\/internacional.ulpgc.es\/wp-content\/uploads\/2018\/07\/fondo-boton-768x484.jpg 768w\" sizes=\"auto, (max-width: 792px) 100vw, 792px\" \/><\/div>\n\t\t\t\t<div class=\"rtin-overlay\">\n\t\t\t\t\t<div class=\"rtin-title\">Coordinateurs<\/div>\n\t\t\t\t\t<div class=\"rtin-subtitle\"><\/div>\t\t\n\t\t\t\t<\/div>\t\t\n\t\t\t<\/div>\n\t\t\t\t\t\t<\/a>\n\t\t\t<\/div>\n<\/div>[\/vc_column][vc_column width=&#8221;1\/3&#8243;]<div class=\"\">\n\t<div class=\"rt-vc-imagetext\">\n\t\t\t\t\t<a href=\"https:\/\/internacional.ulpgc.es\/fr\/contactez-nous\/\">\n\t\t\t\t\t\t<div class=\"rtin-item\">\n\t\t\t\t<div class=\"rtin-img\"><img loading=\"lazy\" decoding=\"async\" width=\"792\" height=\"499\" src=\"https:\/\/internacional.ulpgc.es\/wp-content\/uploads\/2018\/07\/fondo-boton.jpg\" class=\"attachment-full size-full\" alt=\"fondo-boton\" srcset=\"https:\/\/internacional.ulpgc.es\/wp-content\/uploads\/2018\/07\/fondo-boton.jpg 792w, https:\/\/internacional.ulpgc.es\/wp-content\/uploads\/2018\/07\/fondo-boton-300x189.jpg 300w, https:\/\/internacional.ulpgc.es\/wp-content\/uploads\/2018\/07\/fondo-boton-768x484.jpg 768w\" sizes=\"auto, (max-width: 792px) 100vw, 792px\" \/><\/div>\n\t\t\t\t<div class=\"rtin-overlay\">\n\t\t\t\t\t<div class=\"rtin-title\">Bureau Central<\/div>\n\t\t\t\t\t<div class=\"rtin-subtitle\"><\/div>\t\t\n\t\t\t\t<\/div>\t\t\n\t\t\t<\/div>\n\t\t\t\t\t\t<\/a>\n\t\t\t<\/div>\n<\/div>[\/vc_column][vc_column width=&#8221;1\/3&#8243;]<div class=\"\">\n\t<div class=\"rt-vc-imagetext\">\n\t\t\t\t\t<a href=\"https:\/\/internacional.ulpgc.es\/fr\/movilidad-outgoing\/estudiantes-outgoing\/bureaux-de-mobilite\/\">\n\t\t\t\t\t\t<div class=\"rtin-item\">\n\t\t\t\t<div class=\"rtin-img\"><img loading=\"lazy\" decoding=\"async\" width=\"792\" height=\"499\" src=\"https:\/\/internacional.ulpgc.es\/wp-content\/uploads\/2018\/07\/fondo-boton.jpg\" class=\"attachment-full size-full\" alt=\"fondo-boton\" srcset=\"https:\/\/internacional.ulpgc.es\/wp-content\/uploads\/2018\/07\/fondo-boton.jpg 792w, https:\/\/internacional.ulpgc.es\/wp-content\/uploads\/2018\/07\/fondo-boton-300x189.jpg 300w, https:\/\/internacional.ulpgc.es\/wp-content\/uploads\/2018\/07\/fondo-boton-768x484.jpg 768w\" sizes=\"auto, (max-width: 792px) 100vw, 792px\" \/><\/div>\n\t\t\t\t<div class=\"rtin-overlay\">\n\t\t\t\t\t<div class=\"rtin-title\">Mobility offices<\/div>\n\t\t\t\t\t<div class=\"rtin-subtitle\"><\/div>\t\t\n\t\t\t\t<\/div>\t\t\n\t\t\t<\/div>\n\t\t\t\t\t\t<\/a>\n\t\t\t<\/div>\n<\/div>[\/vc_column][\/vc_row]<\/p>\n<\/div>","protected":false},"excerpt":{"rendered":"<p>[vc_row][vc_column][vc_raw_html]JTNDZGl2JTIwY2xhc3MlM0QlMjJydC12Yy10ZXh0LXRpdGxlJTIwJTIwc3R5bGUxJTIyJTNFJTBBJTA5JTNDaDElMjBjbGFzcyUzRCUyMnJ0aW4tdGl0bGUlMjIlM0VDb250YWN0ZXolMjBub3VzJTNDJTJGaDElM0UlMEElM0MlMkZkaXYlM0U=[\/vc_raw_html][vc_column_text]Dans cette section, vous trouverez les coordonn\u00e9es des coordinateurs de mobilit\u00e9 des centres de mobilit\u00e9 et des bureaux de mobilit\u00e9 qui sont situ\u00e9s dans les [&hellip;]<\/p>\n","protected":false},"author":5,"featured_media":0,"parent":0,"menu_order":0,"comment_status":"closed","ping_status":"closed","template":"","meta":{"_acf_changed":false,"footnotes":""},"categories":[141],"tags":[],"class_list":["post-7665","page","type-page","status-publish","hentry","category-outgoing"],"acf":[],"_links":{"self":[{"href":"https:\/\/internacional.ulpgc.es\/fr\/wp-json\/wp\/v2\/pages\/7665","targetHints":{"allow":["GET"]}}],"collection":[{"href":"https:\/\/internacional.ulpgc.es\/fr\/wp-json\/wp\/v2\/pages"}],"about":[{"href":"https:\/\/internacional.ulpgc.es\/fr\/wp-json\/wp\/v2\/types\/page"}],"author":[{"embeddable":true,"href":"https:\/\/internacional.ulpgc.es\/fr\/wp-json\/wp\/v2\/users\/5"}],"replies":[{"embeddable":true,"href":"https:\/\/internacional.ulpgc.es\/fr\/wp-json\/wp\/v2\/comments?post=7665"}],"version-history":[{"count":6,"href":"https:\/\/internacional.ulpgc.es\/fr\/wp-json\/wp\/v2\/pages\/7665\/revisions"}],"predecessor-version":[{"id":10995,"href":"https:\/\/internacional.ulpgc.es\/fr\/wp-json\/wp\/v2\/pages\/7665\/revisions\/10995"}],"wp:attachment":[{"href":"https:\/\/internacional.ulpgc.es\/fr\/wp-json\/wp\/v2\/media?parent=7665"}],"wp:term":[{"taxonomy":"category","embeddable":true,"href":"https:\/\/internacional.ulpgc.es\/fr\/wp-json\/wp\/v2\/categories?post=7665"},{"taxonomy":"post_tag","embeddable":true,"href":"https:\/\/internacional.ulpgc.es\/fr\/wp-json\/wp\/v2\/tags?post=7665"}],"curies":[{"name":"wp","href":"https:\/\/api.w.org\/{rel}","templated":true}]}}