{"id":7679,"date":"2021-10-28T11:17:44","date_gmt":"2021-10-28T11:17:44","guid":{"rendered":"https:\/\/internacional.ulpgc.es\/?page_id=7679"},"modified":"2025-02-21T12:05:34","modified_gmt":"2025-02-21T12:05:34","slug":"oficinas-de-movilidad-en-los-campus","status":"publish","type":"page","link":"https:\/\/internacional.ulpgc.es\/fr\/movilidad-outgoing\/estudiantes-outgoing\/bureaux-de-mobilite\/","title":{"rendered":"Bureaux de Mobile"},"content":{"rendered":"<div class=\"wpb-content-wrapper\"><p>[vc_row][vc_column width=&#8221;2\/3&#8243;][vc_raw_html]JTNDZGl2JTIwY2xhc3MlM0QlMjJydC12Yy10ZXh0LXRpdGxlJTIwJTIwc3R5bGUxJTIyJTNFJTBBJTA5JTNDaDElMjBjbGFzcyUzRCUyMnJ0aW4tdGl0bGUlMjIlM0VCdXJlYXV4JTIwZGUlMjBtb2JpbGl0JUMzJUE5JTNDJTJGaDElM0UlMEElM0MlMkZkaXYlM0U=[\/vc_raw_html][\/vc_column][vc_column width=&#8221;1\/3&#8243;][vc_raw_html]JTNDZGl2JTIwY2xhc3MlM0QlMjJ2Y19idG4zLWNvbnRhaW5lciUyMHZjX2J0bjMtcmlnaHQlMjIlM0UlMEElMDklM0NhJTIwY2xhc3MlM0QlMjJ2Y19nZW5lcmFsJTIwdmNfYnRuMyUyMHZjX2J0bjMtc2l6ZS1tZCUyMHZjX2J0bjMtc2hhcGUtc3F1YXJlJTIwdmNfYnRuMy1zdHlsZS1tb2Rlcm4lMjB2Y19idG4zLWNvbG9yLWdyZXklMjIlMjBocmVmJTNEJTIyamF2YXNjcmlwdCUzQWhpc3RvcnkuYmFjayUyOCUyOSUyMiUyMHRpdGxlJTNEJTIyJTIyJTNFUkVUT1VSJTNDJTJGYSUzRSUzQyUyRmRpdiUzRQ==[\/vc_raw_html][\/vc_column][\/vc_row][vc_row][vc_column]<div class=\"rt-vc-text-title  style2\" style=\"\">\n\t\t\t<h2 class=\"rtin-title\">Campus de Tafira<\/h2>\n\t\t\t<\/div>[\/vc_column][\/vc_row][vc_row][vc_column width=&#8221;1\/2&#8243;][vc_raw_html]JTNDZGl2JTIwY2xhc3MlM0QlMjJydC12Yy10ZXh0LXRpdGxlJTIwJTIwc3R5bGUxJTIyJTNFJTBBJTA5JTNDaDIlMjBjbGFzcyUzRCUyMnJ0aW4tdGl0bGUlMjIlM0VCJUMzJUEydGltZW50JTIwZCUyN2luZyVDMyVBOW5pZXJpZSUzQyUyRmgyJTNFJTBBJTNDJTJGZGl2JTNF[\/vc_raw_html][vc_column_text]<i class=\"fa fa-user\"><\/i> Marie-Line Jobert<br \/>\n<i class=\"fa fa-envelope\"><\/i> <a class=\"c-link\" href=\"mailto:rrii_tafira@ulpgc.es\" target=\"_blank\" rel=\"noopener noreferrer\" data-stringify-link=\"mailto:rrii_tafira@ulpgc.es\" data-sk=\"tooltip_parent\">rrii_tafira@ulpgc.es<\/a><\/p>\n<p><span style=\"text-decoration: underline;\">Centres associ\u00e9s<\/span><\/p>\n<ul>\n<li>\u00c9cole d&#8217;architecture<\/li>\n<li>\u00c9cole d&#8217;ing\u00e9nieurs en t\u00e9l\u00e9communications et en \u00e9lectronique<\/li>\n<li>Facult\u00e9 des sciences de l&#8217;activit\u00e9 physique et du sport<\/li>\n<li>\u00c9cole d&#8217;ing\u00e9nierie industrielle et civile<\/li>\n<\/ul>\n<p>[\/vc_column_text][\/vc_column][vc_column width=&#8221;1\/2&#8243;][vc_raw_html]JTNDZGl2JTIwY2xhc3MlM0QlMjJydC12Yy10ZXh0LXRpdGxlJTIwJTIwc3R5bGUxJTIyJTNFJTBBJTA5JTNDaDIlMjBjbGFzcyUzRCUyMnJ0aW4tdGl0bGUlMjIlM0VCJUMzJUEydGltZW50JTIwZGVzJTIwJUMzJUE5dHVkZXMlMjBjb21tZXJjaWFsZXMlM0MlMkZoMiUzRSUwQSUzQyUyRmRpdiUzRQ==[\/vc_raw_html][vc_column_text]<i class=\"fa fa-user\"><\/i> Sara Otero<br \/>\n<i class=\"fa fa-envelope\"><\/i> <a class=\"c-link\" href=\"mailto:rrii@ulpgc.es\" target=\"_blank\" rel=\"noopener noreferrer\" data-stringify-link=\"mailto:rrii@ulpgc.es\" data-sk=\"tooltip_parent\">rrii@ulpgc.es<\/a><\/p>\n<p><span style=\"text-decoration: underline;\">Centres associ\u00e9s<\/span><\/p>\n<ul>\n<li>\u00c9cole d&#8217;ing\u00e9nierie informatique<\/li>\n<li>Facult\u00e9 d&#8217;\u00e9conomie, de commerce et de tourisme<\/li>\n<li>Facult\u00e9 des sciences juridiques<\/li>\n<li>Facult\u00e9 des sciences de la mer<\/li>\n<\/ul>\n<p>[\/vc_column_text][\/vc_column][\/vc_row][vc_row][vc_column]<div class=\"rt-vc-text-title  style2\" style=\"\">\n\t\t\t<h2 class=\"rtin-title\">Campus de l&#039;Ob\u00e9lisque<\/h2>\n\t\t\t<\/div>[\/vc_column][\/vc_row][vc_row][\/vc_row][vc_column][vc_raw_html]JTNDZGl2JTIwY2xhc3MlM0QlMjJydC12Yy10ZXh0LXRpdGxlJTIwJTIwc3R5bGUxJTIyJTNFJTBBJTA5JTNDaDIlMjBjbGFzcyUzRCUyMnJ0aW4tdGl0bGUlMjIlM0VCJUMzJUEydGltZW50JTIwZGVzJTIwc2NpZW5jZXMlMjBodW1haW5lcyUzQyUyRmgyJTNFJTBBJTNDJTJGZGl2JTNF[\/vc_raw_html][vc_column_text]<i class=\"fa fa-user\"><\/i> Nereida Castro<br \/>\n<i class=\"fa fa-envelope\"><\/i> <a class=\"c-link\" href=\"mailto:rrii_humanidades@ulpgc.es\" target=\"_blank\" rel=\"noopener noreferrer\" data-stringify-link=\"mailto:rrii_humanidades@ulpgc.es\" data-sk=\"tooltip_parent\">rrii_humanidades@ulpgc.es<\/a><\/p>\n<p><span style=\"text-decoration: underline;\">Centres associ\u00e9s<\/span><\/p>\n<ul>\n<li>Facult\u00e9 des sciences de l&#8217;\u00e9ducation<\/li>\n<li>Facult\u00e9 des sciences de la sant\u00e9<\/li>\n<li>Facult\u00e9 de philologie<\/li>\n<li>Facult\u00e9 de g\u00e9ographie et d&#8217;histoire<\/li>\n<li>Facult\u00e9 de traduction et d&#8217;interpr\u00e9tation<\/li>\n<li>Facult\u00e9 de m\u00e9decine v\u00e9t\u00e9rinaire<\/li>\n<\/ul>\n<p>[\/vc_column_text][\/vc_column]<\/p>\n<\/div>","protected":false},"excerpt":{"rendered":"<p>[vc_row][vc_column width=&#8221;2\/3&#8243;][vc_raw_html]JTNDZGl2JTIwY2xhc3MlM0QlMjJydC12Yy10ZXh0LXRpdGxlJTIwJTIwc3R5bGUxJTIyJTNFJTBBJTA5JTNDaDElMjBjbGFzcyUzRCUyMnJ0aW4tdGl0bGUlMjIlM0VCdXJlYXV4JTIwZGUlMjBtb2JpbGl0JUMzJUE5JTNDJTJGaDElM0UlMEElM0MlMkZkaXYlM0U=[\/vc_raw_html][\/vc_column][vc_column width=&#8221;1\/3&#8243;][vc_raw_html]JTNDZGl2JTIwY2xhc3MlM0QlMjJ2Y19idG4zLWNvbnRhaW5lciUyMHZjX2J0bjMtcmlnaHQlMjIlM0UlMEElMDklM0NhJTIwY2xhc3MlM0QlMjJ2Y19nZW5lcmFsJTIwdmNfYnRuMyUyMHZjX2J0bjMtc2l6ZS1tZCUyMHZjX2J0bjMtc2hhcGUtc3F1YXJlJTIwdmNfYnRuMy1zdHlsZS1tb2Rlcm4lMjB2Y19idG4zLWNvbG9yLWdyZXklMjIlMjBocmVmJTNEJTIyamF2YXNjcmlwdCUzQWhpc3RvcnkuYmFjayUyOCUyOSUyMiUyMHRpdGxlJTNEJTIyJTIyJTNFUkVUT1VSJTNDJTJGYSUzRSUzQyUyRmRpdiUzRQ==[\/vc_raw_html][\/vc_column][\/vc_row][vc_row][vc_column][\/vc_column][\/vc_row][vc_row][vc_column width=&#8221;1\/2&#8243;][vc_raw_html]JTNDZGl2JTIwY2xhc3MlM0QlMjJydC12Yy10ZXh0LXRpdGxlJTIwJTIwc3R5bGUxJTIyJTNFJTBBJTA5JTNDaDIlMjBjbGFzcyUzRCUyMnJ0aW4tdGl0bGUlMjIlM0VCJUMzJUEydGltZW50JTIwZCUyN2luZyVDMyVBOW5pZXJpZSUzQyUyRmgyJTNFJTBBJTNDJTJGZGl2JTNF[\/vc_raw_html][vc_column_text] Marie-Line Jobert rrii_tafira@ulpgc.es Centres associ\u00e9s \u00c9cole d&#8217;architecture \u00c9cole d&#8217;ing\u00e9nieurs en t\u00e9l\u00e9communications et en \u00e9lectronique Facult\u00e9 des sciences de l&#8217;activit\u00e9 physique et [&hellip;]<\/p>\n","protected":false},"author":5,"featured_media":0,"parent":2716,"menu_order":0,"comment_status":"closed","ping_status":"closed","template":"","meta":{"_acf_changed":false,"footnotes":""},"categories":[141],"tags":[],"class_list":["post-7679","page","type-page","status-publish","hentry","category-outgoing"],"acf":[],"_links":{"self":[{"href":"https:\/\/internacional.ulpgc.es\/fr\/wp-json\/wp\/v2\/pages\/7679","targetHints":{"allow":["GET"]}}],"collection":[{"href":"https:\/\/internacional.ulpgc.es\/fr\/wp-json\/wp\/v2\/pages"}],"about":[{"href":"https:\/\/internacional.ulpgc.es\/fr\/wp-json\/wp\/v2\/types\/page"}],"author":[{"embeddable":true,"href":"https:\/\/internacional.ulpgc.es\/fr\/wp-json\/wp\/v2\/users\/5"}],"replies":[{"embeddable":true,"href":"https:\/\/internacional.ulpgc.es\/fr\/wp-json\/wp\/v2\/comments?post=7679"}],"version-history":[{"count":7,"href":"https:\/\/internacional.ulpgc.es\/fr\/wp-json\/wp\/v2\/pages\/7679\/revisions"}],"predecessor-version":[{"id":10989,"href":"https:\/\/internacional.ulpgc.es\/fr\/wp-json\/wp\/v2\/pages\/7679\/revisions\/10989"}],"up":[{"embeddable":true,"href":"https:\/\/internacional.ulpgc.es\/fr\/wp-json\/wp\/v2\/pages\/2716"}],"wp:attachment":[{"href":"https:\/\/internacional.ulpgc.es\/fr\/wp-json\/wp\/v2\/media?parent=7679"}],"wp:term":[{"taxonomy":"category","embeddable":true,"href":"https:\/\/internacional.ulpgc.es\/fr\/wp-json\/wp\/v2\/categories?post=7679"},{"taxonomy":"post_tag","embeddable":true,"href":"https:\/\/internacional.ulpgc.es\/fr\/wp-json\/wp\/v2\/tags?post=7679"}],"curies":[{"name":"wp","href":"https:\/\/api.w.org\/{rel}","templated":true}]}}