{"id":7860,"date":"2021-12-23T12:27:52","date_gmt":"2021-12-23T12:27:52","guid":{"rendered":"https:\/\/internacional.ulpgc.es\/?page_id=7860"},"modified":"2025-10-28T13:03:43","modified_gmt":"2025-10-28T13:03:43","slug":"competencias","status":"publish","type":"page","link":"https:\/\/internacional.ulpgc.es\/fr\/espanol-estrategia\/competences\/","title":{"rendered":"COMP\u00c9TENCES"},"content":{"rendered":"<div class=\"wpb-content-wrapper\"><p>[vc_row][vc_column][vc_raw_html]JTNDZGl2JTIwY2xhc3MlM0QlMjJydC12Yy10ZXh0LXRpdGxlJTIwJTIwc3R5bGUxJTIyJTNFJTBBJTA5JTNDaDElMjBjbGFzcyUzRCUyMnJ0aW4tdGl0bGUlMjIlM0UlMjBDb21wJUMzJUE5dGVuY2VzJTNDJTJGaDElM0UlMEElM0MlMkZkaXYlM0U=[\/vc_raw_html][vc_column_text css=&#8221;&#8221;]<strong>\u00e9solution du 17 octobre 2025, \u00e9mise par le Recteur, par laquelle sont d\u00e9l\u00e9gu\u00e9es \u00e0 divers organes unipersonnels de cette Universit\u00e9 les comp\u00e9tences qui leur sont attribu\u00e9es, et est \u00e9tabli le r\u00e9gime de suppl\u00e9ance. Les comp\u00e9tences suivantes sont d\u00e9l\u00e9gu\u00e9es au Vice-recteur \u00e0 l\u2019Internationalisation et \u00e0 la Coop\u00e9ration :<\/strong><\/p>\n<p>a) L\u2019\u00e9tablissement de relations avec des institutions internationales dans les domaines scientifique, culturel et acad\u00e9mique.<\/p>\n<p>b) La cr\u00e9ation, le maintien, le d\u00e9veloppement et la consolidation de r\u00e9seaux de coop\u00e9ration et de conventions avec des institutions ou organismes de caract\u00e8re international.<\/p>\n<p>c) La cr\u00e9ation, le maintien, le d\u00e9veloppement, la consolidation et la gestion de programmes de mobilit\u00e9 \u00e0 l\u2019\u00e9chelle internationale, ainsi que de programmes de mobilit\u00e9 nationale pour les \u00e9tudiants, en coordination avec le Vice-rectorat aux \u00c9tudiants.<\/p>\n<p>d) La cr\u00e9ation, le maintien, le d\u00e9veloppement, la consolidation et la gestion de programmes et projets de coop\u00e9ration et de recherche appliqu\u00e9e au d\u00e9veloppement, visant \u00e0 favoriser la transformation sociale des pays et des r\u00e9gions les plus d\u00e9favoris\u00e9s.<\/p>\n<p>e) La promotion et la participation \u00e0 des actions de volontariat impliquant l\u2019ensemble de la communaut\u00e9 universitaire, ainsi que la collaboration en faveur de la paix, de l\u2019\u00e9quit\u00e9, du d\u00e9veloppement humain et de la durabilit\u00e9 environnementale, en coordination avec le Vice-rectorat aux \u00c9tudiants et la Direction administrative.<\/p>\n<p>f) Le d\u00e9veloppement et la promotion de relations avec des organismes et forums nationaux et internationaux pour la recherche et la gestion de sources de financement d\u2019int\u00e9r\u00eat strat\u00e9gique pour l\u2019Universit\u00e9 de Las Palmas de Gran Canaria.<\/p>\n<p>g) La direction du Bureau des Relations Internationales et sa coordination avec les organes de Coop\u00e9ration au D\u00e9veloppement de l\u2019Universit\u00e9 de Las Palmas de Gran Canaria.<\/p>\n<p>h) L\u2019\u00e9laboration de dispositions r\u00e9glementaires relevant de son champ de comp\u00e9tence.<\/p>\n<p>i) La coordination et la promotion de l\u2019accueil d\u2019\u00e9tudiants internationaux, en collaboration avec le Vice-rectorat aux \u00c9tudiants.<\/p>\n<p>j) La supervision des centres internationaux de l\u2019ULPGC, ainsi que des projets strat\u00e9giques de l\u2019ULPGC ou des alliances europ\u00e9ennes ou internationales d\u2019universit\u00e9s.<\/p>\n<p>k) La pr\u00e9paration et le suivi des conventions et contrats sp\u00e9cifiques, nationaux et internationaux, relevant de ses comp\u00e9tences.<\/p>\n<p>l) La pr\u00e9sidence et le suivi des commissions d\u00e9l\u00e9gu\u00e9es du Conseil de Gouvernement sur les questions relevant de sa comp\u00e9tence, ainsi que l\u2019ex\u00e9cution de leurs d\u00e9cisions.<\/p>\n<p>m) L\u2019exercice des fonctions que le cadre juridique attribue \u00e0 l\u2019autorit\u00e9 contractante dans les proc\u00e9dures relatives aux march\u00e9s publics de faible montant pour la fourniture de biens et de services dans le cadre de ses comp\u00e9tences et des cr\u00e9dits budg\u00e9taires dont elle est responsable. La gestion \u00e9conomique et financi\u00e8re d\u00e9coulant de ces comp\u00e9tences est \u00e9galement d\u00e9l\u00e9gu\u00e9e, y compris l\u2019autorisation et l\u2019engagement des d\u00e9penses, la reconnaissance des obligations et la proposition de paiements.<\/p>\n<p>n) La convocation et la r\u00e9solution de l\u2019octroi d\u2019aides, de prix et de subventions li\u00e9s \u00e0 ce Vice-rectorat.<\/p>\n<p>o) L\u2019identification, la proposition et la gestion de demandes de financement externe d\u2019int\u00e9r\u00eat pour l\u2019ULPGC dans le cadre de ses comp\u00e9tences.[\/vc_column_text][\/vc_column][\/vc_row]<\/p>\n<\/div>","protected":false},"excerpt":{"rendered":"<p>[vc_row][vc_column][vc_raw_html]JTNDZGl2JTIwY2xhc3MlM0QlMjJydC12Yy10ZXh0LXRpdGxlJTIwJTIwc3R5bGUxJTIyJTNFJTBBJTA5JTNDaDElMjBjbGFzcyUzRCUyMnJ0aW4tdGl0bGUlMjIlM0UlMjBDb21wJUMzJUE5dGVuY2VzJTNDJTJGaDElM0UlMEElM0MlMkZkaXYlM0U=[\/vc_raw_html][vc_column_text css=&#8221;&#8221;]\u00e9solution du 17 octobre 2025, \u00e9mise par le Recteur, par laquelle sont d\u00e9l\u00e9gu\u00e9es \u00e0 divers organes unipersonnels de cette Universit\u00e9 les comp\u00e9tences qui leur [&hellip;]<\/p>\n","protected":false},"author":5,"featured_media":0,"parent":1706,"menu_order":0,"comment_status":"closed","ping_status":"closed","template":"","meta":{"_acf_changed":false,"footnotes":""},"categories":[118],"tags":[],"class_list":["post-7860","page","type-page","status-publish","hentry","category-estrategia"],"acf":[],"_links":{"self":[{"href":"https:\/\/internacional.ulpgc.es\/fr\/wp-json\/wp\/v2\/pages\/7860","targetHints":{"allow":["GET"]}}],"collection":[{"href":"https:\/\/internacional.ulpgc.es\/fr\/wp-json\/wp\/v2\/pages"}],"about":[{"href":"https:\/\/internacional.ulpgc.es\/fr\/wp-json\/wp\/v2\/types\/page"}],"author":[{"embeddable":true,"href":"https:\/\/internacional.ulpgc.es\/fr\/wp-json\/wp\/v2\/users\/5"}],"replies":[{"embeddable":true,"href":"https:\/\/internacional.ulpgc.es\/fr\/wp-json\/wp\/v2\/comments?post=7860"}],"version-history":[{"count":6,"href":"https:\/\/internacional.ulpgc.es\/fr\/wp-json\/wp\/v2\/pages\/7860\/revisions"}],"predecessor-version":[{"id":12710,"href":"https:\/\/internacional.ulpgc.es\/fr\/wp-json\/wp\/v2\/pages\/7860\/revisions\/12710"}],"up":[{"embeddable":true,"href":"https:\/\/internacional.ulpgc.es\/fr\/wp-json\/wp\/v2\/pages\/1706"}],"wp:attachment":[{"href":"https:\/\/internacional.ulpgc.es\/fr\/wp-json\/wp\/v2\/media?parent=7860"}],"wp:term":[{"taxonomy":"category","embeddable":true,"href":"https:\/\/internacional.ulpgc.es\/fr\/wp-json\/wp\/v2\/categories?post=7860"},{"taxonomy":"post_tag","embeddable":true,"href":"https:\/\/internacional.ulpgc.es\/fr\/wp-json\/wp\/v2\/tags?post=7860"}],"curies":[{"name":"wp","href":"https:\/\/api.w.org\/{rel}","templated":true}]}}