{"id":7901,"date":"2022-01-13T12:51:27","date_gmt":"2022-01-13T12:51:27","guid":{"rendered":"https:\/\/internacional.ulpgc.es\/?page_id=7901"},"modified":"2024-10-01T12:23:34","modified_gmt":"2024-10-01T12:23:34","slug":"estructura-continental","status":"publish","type":"page","link":"https:\/\/internacional.ulpgc.es\/fr\/campus-international\/structure-continentale\/","title":{"rendered":"STRUCTURE CONTINENTALE"},"content":{"rendered":"<div class=\"wpb-content-wrapper\"><p>[vc_row][vc_column][vc_raw_html]JTNDZGl2JTIwY2xhc3MlM0QlMjJydC12Yy10ZXh0LXRpdGxlJTIwJTIwc3R5bGUxJTIyJTNFJTBBJTA5JTNDaDElMjBjbGFzcyUzRCUyMnJ0aW4tdGl0bGUlMjIlM0VTdHJ1Y3R1cmUlMjBjb250aW5lbnRhbGUlM0MlMkZoMSUzRSUwQSUzQyUyRmRpdiUzRQ==[\/vc_raw_html][vc_column_text]La <strong>structure continentale<\/strong> des relations internationales vise \u00e0 r\u00e9organiser les diff\u00e9rentes activit\u00e9s acad\u00e9miques (enseignement et recherche), la politique linguistique de l&#8217;universit\u00e9 et la coordination des \u00e9v\u00e9nements culturels, renfor\u00e7ant ainsi l&#8217;id\u00e9e du r\u00f4le g\u00e9ostrat\u00e9gique de l&#8217;archipel. L&#8217;<strong>Unit\u00e9 pour les relations avec l&#8217;Union europ\u00e9enne<\/strong> est le r\u00e9sultat de la refondation de la DIRUE ; l&#8217;<strong>Unit\u00e9 pour les relations avec l&#8217;Asie<\/strong> est consolid\u00e9e avec la pr\u00e9sence de l&#8217;Institut Confucius de l&#8217;Universit\u00e9 Normale de Changchun, de l&#8217;Institut King Sejong et des relations avec la Fondation du Japon ; la cr\u00e9ation r\u00e9cente de l&#8217;<strong>Unit\u00e9 pour les relations avec l&#8217;Afrique<\/strong> en fait une contrepartie et un interlocuteur universitaire de valeur avec l&#8217;institution de Casa \u00c1frica. D&#8217;autre part, des d\u00e9marches ont \u00e9t\u00e9 initi\u00e9es pour la gestation de l&#8217;<strong>Unit\u00e9 pour les relations avec l&#8217;Am\u00e9rique<\/strong> et on esp\u00e8re pouvoir consolider la strat\u00e9gie de structure continentale avec la cr\u00e9ation de l&#8217;<strong>Unit\u00e9 pour les relations avec l&#8217;Oc\u00e9anie<\/strong>.[\/vc_column_text][\/vc_column][\/vc_row][vc_row][vc_column width=&#8221;1\/4&#8243;]<div class=\"\">\n\t<div class=\"rt-vc-imagetext\">\n\t\t\t\t\t<a href=\"\/fr\/campus-internacional\/estructura-continental\/europa\/\">\n\t\t\t\t\t\t<div class=\"rtin-item\">\n\t\t\t\t<div class=\"rtin-img\"><img loading=\"lazy\" decoding=\"async\" width=\"792\" height=\"499\" src=\"https:\/\/internacional.ulpgc.es\/wp-content\/uploads\/2018\/07\/fondo-boton.jpg\" class=\"attachment-full size-full\" alt=\"fondo-boton\" srcset=\"https:\/\/internacional.ulpgc.es\/wp-content\/uploads\/2018\/07\/fondo-boton.jpg 792w, https:\/\/internacional.ulpgc.es\/wp-content\/uploads\/2018\/07\/fondo-boton-300x189.jpg 300w, https:\/\/internacional.ulpgc.es\/wp-content\/uploads\/2018\/07\/fondo-boton-768x484.jpg 768w\" sizes=\"auto, (max-width: 792px) 100vw, 792px\" \/><\/div>\n\t\t\t\t<div class=\"rtin-overlay\">\n\t\t\t\t\t<div class=\"rtin-title\">Europe<\/div>\n\t\t\t\t\t<div class=\"rtin-subtitle\"><\/div>\t\t\n\t\t\t\t<\/div>\t\t\n\t\t\t<\/div>\n\t\t\t\t\t\t<\/a>\n\t\t\t<\/div>\n<\/div>[\/vc_column][vc_column width=&#8221;1\/4&#8243;]<div class=\"\">\n\t<div class=\"rt-vc-imagetext\">\n\t\t\t\t\t<a href=\"\/fr\/campus-internacional\/estructura-continental\/asia\/\">\n\t\t\t\t\t\t<div class=\"rtin-item\">\n\t\t\t\t<div class=\"rtin-img\"><img loading=\"lazy\" decoding=\"async\" width=\"792\" height=\"499\" src=\"https:\/\/internacional.ulpgc.es\/wp-content\/uploads\/2018\/07\/fondo-boton.jpg\" class=\"attachment-full size-full\" alt=\"fondo-boton\" srcset=\"https:\/\/internacional.ulpgc.es\/wp-content\/uploads\/2018\/07\/fondo-boton.jpg 792w, https:\/\/internacional.ulpgc.es\/wp-content\/uploads\/2018\/07\/fondo-boton-300x189.jpg 300w, https:\/\/internacional.ulpgc.es\/wp-content\/uploads\/2018\/07\/fondo-boton-768x484.jpg 768w\" sizes=\"auto, (max-width: 792px) 100vw, 792px\" \/><\/div>\n\t\t\t\t<div class=\"rtin-overlay\">\n\t\t\t\t\t<div class=\"rtin-title\">Asie<\/div>\n\t\t\t\t\t<div class=\"rtin-subtitle\"><\/div>\t\t\n\t\t\t\t<\/div>\t\t\n\t\t\t<\/div>\n\t\t\t\t\t\t<\/a>\n\t\t\t<\/div>\n<\/div>[\/vc_column][vc_column width=&#8221;1\/4&#8243;]<div class=\"\">\n\t<div class=\"rt-vc-imagetext\">\n\t\t\t\t\t<a href=\"\/fr\/campus-internacional\/estructura-continental\/africa\/\">\n\t\t\t\t\t\t<div class=\"rtin-item\">\n\t\t\t\t<div class=\"rtin-img\"><img loading=\"lazy\" decoding=\"async\" width=\"792\" height=\"499\" src=\"https:\/\/internacional.ulpgc.es\/wp-content\/uploads\/2018\/07\/fondo-boton.jpg\" class=\"attachment-full size-full\" alt=\"fondo-boton\" srcset=\"https:\/\/internacional.ulpgc.es\/wp-content\/uploads\/2018\/07\/fondo-boton.jpg 792w, https:\/\/internacional.ulpgc.es\/wp-content\/uploads\/2018\/07\/fondo-boton-300x189.jpg 300w, https:\/\/internacional.ulpgc.es\/wp-content\/uploads\/2018\/07\/fondo-boton-768x484.jpg 768w\" sizes=\"auto, (max-width: 792px) 100vw, 792px\" \/><\/div>\n\t\t\t\t<div class=\"rtin-overlay\">\n\t\t\t\t\t<div class=\"rtin-title\">Afrique<\/div>\n\t\t\t\t\t<div class=\"rtin-subtitle\"><\/div>\t\t\n\t\t\t\t<\/div>\t\t\n\t\t\t<\/div>\n\t\t\t\t\t\t<\/a>\n\t\t\t<\/div>\n<\/div>[\/vc_column][vc_column width=&#8221;1\/4&#8243;]<div class=\"\">\n\t<div class=\"rt-vc-imagetext\">\n\t\t\t\t\t<a href=\"\/fr\/campus-internacional\/estructura-continental\/america\/\">\n\t\t\t\t\t\t<div class=\"rtin-item\">\n\t\t\t\t<div class=\"rtin-img\"><img loading=\"lazy\" decoding=\"async\" width=\"792\" height=\"499\" src=\"https:\/\/internacional.ulpgc.es\/wp-content\/uploads\/2018\/07\/fondo-boton.jpg\" class=\"attachment-full size-full\" alt=\"fondo-boton\" srcset=\"https:\/\/internacional.ulpgc.es\/wp-content\/uploads\/2018\/07\/fondo-boton.jpg 792w, https:\/\/internacional.ulpgc.es\/wp-content\/uploads\/2018\/07\/fondo-boton-300x189.jpg 300w, https:\/\/internacional.ulpgc.es\/wp-content\/uploads\/2018\/07\/fondo-boton-768x484.jpg 768w\" sizes=\"auto, (max-width: 792px) 100vw, 792px\" \/><\/div>\n\t\t\t\t<div class=\"rtin-overlay\">\n\t\t\t\t\t<div class=\"rtin-title\">Am\u00e9rique<\/div>\n\t\t\t\t\t<div class=\"rtin-subtitle\"><\/div>\t\t\n\t\t\t\t<\/div>\t\t\n\t\t\t<\/div>\n\t\t\t\t\t\t<\/a>\n\t\t\t<\/div>\n<\/div>[\/vc_column][\/vc_row]<\/p>\n<\/div>","protected":false},"excerpt":{"rendered":"<p>[vc_row][vc_column][vc_raw_html]JTNDZGl2JTIwY2xhc3MlM0QlMjJydC12Yy10ZXh0LXRpdGxlJTIwJTIwc3R5bGUxJTIyJTNFJTBBJTA5JTNDaDElMjBjbGFzcyUzRCUyMnJ0aW4tdGl0bGUlMjIlM0VTdHJ1Y3R1cmUlMjBjb250aW5lbnRhbGUlM0MlMkZoMSUzRSUwQSUzQyUyRmRpdiUzRQ==[\/vc_raw_html][vc_column_text]La structure continentale des relations internationales vise \u00e0 r\u00e9organiser les diff\u00e9rentes activit\u00e9s acad\u00e9miques (enseignement et recherche), la politique linguistique de l&#8217;universit\u00e9 et la coordination des [&hellip;]<\/p>\n","protected":false},"author":5,"featured_media":0,"parent":7897,"menu_order":0,"comment_status":"closed","ping_status":"closed","template":"","meta":{"_acf_changed":false,"footnotes":""},"categories":[261],"tags":[],"class_list":["post-7901","page","type-page","status-publish","hentry","category-campus-internacional"],"acf":[],"_links":{"self":[{"href":"https:\/\/internacional.ulpgc.es\/fr\/wp-json\/wp\/v2\/pages\/7901","targetHints":{"allow":["GET"]}}],"collection":[{"href":"https:\/\/internacional.ulpgc.es\/fr\/wp-json\/wp\/v2\/pages"}],"about":[{"href":"https:\/\/internacional.ulpgc.es\/fr\/wp-json\/wp\/v2\/types\/page"}],"author":[{"embeddable":true,"href":"https:\/\/internacional.ulpgc.es\/fr\/wp-json\/wp\/v2\/users\/5"}],"replies":[{"embeddable":true,"href":"https:\/\/internacional.ulpgc.es\/fr\/wp-json\/wp\/v2\/comments?post=7901"}],"version-history":[{"count":5,"href":"https:\/\/internacional.ulpgc.es\/fr\/wp-json\/wp\/v2\/pages\/7901\/revisions"}],"predecessor-version":[{"id":8476,"href":"https:\/\/internacional.ulpgc.es\/fr\/wp-json\/wp\/v2\/pages\/7901\/revisions\/8476"}],"up":[{"embeddable":true,"href":"https:\/\/internacional.ulpgc.es\/fr\/wp-json\/wp\/v2\/pages\/7897"}],"wp:attachment":[{"href":"https:\/\/internacional.ulpgc.es\/fr\/wp-json\/wp\/v2\/media?parent=7901"}],"wp:term":[{"taxonomy":"category","embeddable":true,"href":"https:\/\/internacional.ulpgc.es\/fr\/wp-json\/wp\/v2\/categories?post=7901"},{"taxonomy":"post_tag","embeddable":true,"href":"https:\/\/internacional.ulpgc.es\/fr\/wp-json\/wp\/v2\/tags?post=7901"}],"curies":[{"name":"wp","href":"https:\/\/api.w.org\/{rel}","templated":true}]}}