{"id":7908,"date":"2022-01-13T13:04:10","date_gmt":"2022-01-13T13:04:10","guid":{"rendered":"https:\/\/internacional.ulpgc.es\/?page_id=7908"},"modified":"2024-10-04T11:15:18","modified_gmt":"2024-10-04T11:15:18","slug":"europa","status":"publish","type":"page","link":"https:\/\/internacional.ulpgc.es\/fr\/campus-international\/structure-continentale\/europa\/","title":{"rendered":"EUROPA"},"content":{"rendered":"<div class=\"wpb-content-wrapper\"><p>[vc_row][vc_column][vc_raw_html]JTNDZGl2JTIwY2xhc3MlM0QlMjJydC12Yy10ZXh0LXRpdGxlJTIwJTIwc3R5bGUxJTIyJTNFJTBBJTA5JTNDaDElMjBjbGFzcyUzRCUyMnJ0aW4tdGl0bGUlMjIlM0VFdXJvcGUlM0MlMkZoMSUzRSUwQSUzQyUyRmRpdiUzRQ==[\/vc_raw_html][vc_column_text]L&#8217;<strong>Unit\u00e9 des Relations avec l&#8217;Union Europ\u00e9enne<\/strong> est le r\u00e9sultat de la refondation de la DIRUE (Direction des Relations avec l&#8217;Union Europ\u00e9enne).\u00a0L&#8217;Universit\u00e9 de Las Palmas de Gran Canaria a inscrit dans l&#8217;une des lignes d&#8217;action de son plan strat\u00e9gique le renforcement des liens internationaux, et avec l&#8217;Union europ\u00e9enne en particulier, dans l&#8217;int\u00e9r\u00eat de ses \u00e9tudiants, de ses enseignants, de ses chercheurs, de son personnel administratif et de service et de l&#8217;institution en g\u00e9n\u00e9ral. La fonction principale de l&#8217;Unit\u00e9 pour les relations avec l&#8217;Union europ\u00e9enne est de renforcer ces liens et d&#8217;apporter des informations d&#8217;int\u00e9r\u00eat \u00e0 la communaut\u00e9 universitaire. A l&#8217;URUE, nous voulons nous conformer \u00e0 la devise de l&#8217;UE, Unis dans la diversit\u00e9, \u00e0 partir de la vision d&#8217;une ULPGC et d&#8217;une Canarie absolument Diverses dans l&#8217;Union.[\/vc_column_text][\/vc_column][\/vc_row][vc_row][vc_column]<div class=\"rt-vc-text-title  style2\" style=\"\">\n\t\t\t<h2 class=\"rtin-title\">OBJECTIFS DE L&#039;UNIT\u00c9 RELATIONS AVEC L&#039;EUROPE<\/h2>\n\t\t\t<\/div>[vc_column_text]<\/p>\n<ul>\n<li>Coordonner la politique de l&#8217;ULPGC vis-\u00e0-vis de l&#8217;Europe.<\/li>\n<li>Promouvoir la cr\u00e9ation d&#8217;un groupe d&#8217;\u00e9tudes europ\u00e9ennes \u00e0 l&#8217;ULPGC.<\/li>\n<li>Encourager les \u00e9changes et la mobilit\u00e9 des membres de l&#8217;ULPGC avec l&#8217;Europe et des \u00e9tudiants, professeurs et chercheurs europ\u00e9ens avec l&#8217;ULPGC.<\/li>\n<li>Mener les relations institutionnelles de l&#8217;ULPGC avec les institutions espagnoles li\u00e9es \u00e0 l&#8217;Europe.<\/li>\n<li>Mener les relations institutionnelles avec les consulats des pays europ\u00e9ens.<\/li>\n<li>Soutenir la coop\u00e9ration de l&#8217;ULPGC avec l&#8217;Europe.<\/li>\n<li>Promouvoir la diffusion des travaux men\u00e9s par l&#8217;ULPGC en direction de l&#8217;Europe.<\/li>\n<li>Contribuer \u00e0 la formation du personnel europ\u00e9en de l&#8217;ULPGC et du personnel de l&#8217;ULPGC en Europe.<\/li>\n<li>Promouvoir le volontariat.<\/li>\n<li>Coordonner avec les autres vice-rectorats, directions et unit\u00e9s de l&#8217;ULPGC dans le domaine des relations avec l&#8217;Europe.<\/li>\n<li>Offrir l&#8217;hospitalit\u00e9 aux repr\u00e9sentants des universit\u00e9s et centres europ\u00e9ens en visite \u00e0 l&#8217;ULPGC.<\/li>\n<li>Assurer la couverture des manifestations culturelles organis\u00e9es \u00e0 l&#8217;ULPGC en relation avec l&#8217;Europe.<\/li>\n<li>Mettre en contact les travaux de recherche de l&#8217;ULPGC avec des entreprises, organisations et institutions espagnoles pour leur promotion en Europe.<\/li>\n<\/ul>\n<p>[\/vc_column_text][\/vc_column][\/vc_row][vc_row][vc_column width=&#8221;1\/3&#8243;]<div class=\"\">\n\t<div class=\"rt-vc-imagetext\">\n\t\t\t\t\t<a href=\"https:\/\/internacional.ulpgc.es\/campus-internacional\/estructura-continental\/europa\/aula-internacional-de-colliere\/\">\n\t\t\t\t\t\t<div class=\"rtin-item\">\n\t\t\t\t<div class=\"rtin-img\"><img loading=\"lazy\" decoding=\"async\" width=\"792\" height=\"499\" src=\"https:\/\/internacional.ulpgc.es\/wp-content\/uploads\/2018\/07\/fondo-boton.jpg\" class=\"attachment-full size-full\" alt=\"fondo-boton\" srcset=\"https:\/\/internacional.ulpgc.es\/wp-content\/uploads\/2018\/07\/fondo-boton.jpg 792w, https:\/\/internacional.ulpgc.es\/wp-content\/uploads\/2018\/07\/fondo-boton-300x189.jpg 300w, https:\/\/internacional.ulpgc.es\/wp-content\/uploads\/2018\/07\/fondo-boton-768x484.jpg 768w\" sizes=\"auto, (max-width: 792px) 100vw, 792px\" \/><\/div>\n\t\t\t\t<div class=\"rtin-overlay\">\n\t\t\t\t\t<div class=\"rtin-title\">MARIE-FRAN\u00c7OISE COLLI\u00c8RE Classe internationale<\/div>\n\t\t\t\t\t<div class=\"rtin-subtitle\"><\/div>\t\t\n\t\t\t\t<\/div>\t\t\n\t\t\t<\/div>\n\t\t\t\t\t\t<\/a>\n\t\t\t<\/div>\n<\/div>[\/vc_column][vc_column width=&#8221;1\/3&#8243;]<div class=\"\">\n\t<div class=\"rt-vc-imagetext\">\n\t\t\t\t\t<a href=\"https:\/\/internacional.ulpgc.es\/campus-internacional\/estructura-continental\/europa\/aula-de-portugal\/\">\n\t\t\t\t\t\t<div class=\"rtin-item\">\n\t\t\t\t<div class=\"rtin-img\"><img loading=\"lazy\" decoding=\"async\" width=\"792\" height=\"499\" src=\"https:\/\/internacional.ulpgc.es\/wp-content\/uploads\/2018\/07\/fondo-boton.jpg\" class=\"attachment-full size-full\" alt=\"fondo-boton\" srcset=\"https:\/\/internacional.ulpgc.es\/wp-content\/uploads\/2018\/07\/fondo-boton.jpg 792w, https:\/\/internacional.ulpgc.es\/wp-content\/uploads\/2018\/07\/fondo-boton-300x189.jpg 300w, https:\/\/internacional.ulpgc.es\/wp-content\/uploads\/2018\/07\/fondo-boton-768x484.jpg 768w\" sizes=\"auto, (max-width: 792px) 100vw, 792px\" \/><\/div>\n\t\t\t\t<div class=\"rtin-overlay\">\n\t\t\t\t\t<div class=\"rtin-title\">Aula International de Portugal<\/div>\n\t\t\t\t\t<div class=\"rtin-subtitle\"><\/div>\t\t\n\t\t\t\t<\/div>\t\t\n\t\t\t<\/div>\n\t\t\t\t\t\t<\/a>\n\t\t\t<\/div>\n<\/div>[\/vc_column][vc_column width=&#8221;1\/3&#8243;]<div class=\"\">\n\t<div class=\"rt-vc-imagetext\">\n\t\t\t\t\t<a href=\"https:\/\/internacional.ulpgc.es\/campus-internacional\/estructura-continental\/europa\/erua-european-reform-university-alliance\/\">\n\t\t\t\t\t\t<div class=\"rtin-item\">\n\t\t\t\t<div class=\"rtin-img\"><img loading=\"lazy\" decoding=\"async\" width=\"792\" height=\"499\" src=\"https:\/\/internacional.ulpgc.es\/wp-content\/uploads\/2018\/07\/fondo-boton.jpg\" class=\"attachment-full size-full\" alt=\"fondo-boton\" srcset=\"https:\/\/internacional.ulpgc.es\/wp-content\/uploads\/2018\/07\/fondo-boton.jpg 792w, https:\/\/internacional.ulpgc.es\/wp-content\/uploads\/2018\/07\/fondo-boton-300x189.jpg 300w, https:\/\/internacional.ulpgc.es\/wp-content\/uploads\/2018\/07\/fondo-boton-768x484.jpg 768w\" sizes=\"auto, (max-width: 792px) 100vw, 792px\" \/><\/div>\n\t\t\t\t<div class=\"rtin-overlay\">\n\t\t\t\t\t<div class=\"rtin-title\">ERUA - European Reform University Alliance<\/div>\n\t\t\t\t\t<div class=\"rtin-subtitle\"><\/div>\t\t\n\t\t\t\t<\/div>\t\t\n\t\t\t<\/div>\n\t\t\t\t\t\t<\/a>\n\t\t\t<\/div>\n<\/div>[\/vc_column][\/vc_row][vc_row][vc_column]<div class=\"rt-vc-text-title  style2\" style=\"\">\n\t\t\t<h2 class=\"rtin-title\">\u00c9v\u00e9nements<\/h2>\n\t\t\t<\/div>[vc_basic_grid post_type=&#8221;page&#8221; max_items=&#8221;3&#8243; item=&#8221;2713&#8243; grid_id=&#8221;vc_gid:1727695344038-e01260ed-d117-8&#8243; taxonomies=&#8221;259&#8243;][\/vc_column][\/vc_row]<\/p>\n<\/div>","protected":false},"excerpt":{"rendered":"<p>[vc_row][vc_column][vc_raw_html]JTNDZGl2JTIwY2xhc3MlM0QlMjJydC12Yy10ZXh0LXRpdGxlJTIwJTIwc3R5bGUxJTIyJTNFJTBBJTA5JTNDaDElMjBjbGFzcyUzRCUyMnJ0aW4tdGl0bGUlMjIlM0VFdXJvcGUlM0MlMkZoMSUzRSUwQSUzQyUyRmRpdiUzRQ==[\/vc_raw_html][vc_column_text]L&#8217;Unit\u00e9 des Relations avec l&#8217;Union Europ\u00e9enne est le r\u00e9sultat de la refondation de la DIRUE (Direction des Relations avec l&#8217;Union Europ\u00e9enne).\u00a0L&#8217;Universit\u00e9 de Las Palmas de [&hellip;]<\/p>\n","protected":false},"author":5,"featured_media":0,"parent":7901,"menu_order":0,"comment_status":"closed","ping_status":"closed","template":"","meta":{"_acf_changed":false,"footnotes":""},"categories":[261],"tags":[],"class_list":["post-7908","page","type-page","status-publish","hentry","category-campus-internacional"],"acf":[],"_links":{"self":[{"href":"https:\/\/internacional.ulpgc.es\/fr\/wp-json\/wp\/v2\/pages\/7908","targetHints":{"allow":["GET"]}}],"collection":[{"href":"https:\/\/internacional.ulpgc.es\/fr\/wp-json\/wp\/v2\/pages"}],"about":[{"href":"https:\/\/internacional.ulpgc.es\/fr\/wp-json\/wp\/v2\/types\/page"}],"author":[{"embeddable":true,"href":"https:\/\/internacional.ulpgc.es\/fr\/wp-json\/wp\/v2\/users\/5"}],"replies":[{"embeddable":true,"href":"https:\/\/internacional.ulpgc.es\/fr\/wp-json\/wp\/v2\/comments?post=7908"}],"version-history":[{"count":10,"href":"https:\/\/internacional.ulpgc.es\/fr\/wp-json\/wp\/v2\/pages\/7908\/revisions"}],"predecessor-version":[{"id":10709,"href":"https:\/\/internacional.ulpgc.es\/fr\/wp-json\/wp\/v2\/pages\/7908\/revisions\/10709"}],"up":[{"embeddable":true,"href":"https:\/\/internacional.ulpgc.es\/fr\/wp-json\/wp\/v2\/pages\/7901"}],"wp:attachment":[{"href":"https:\/\/internacional.ulpgc.es\/fr\/wp-json\/wp\/v2\/media?parent=7908"}],"wp:term":[{"taxonomy":"category","embeddable":true,"href":"https:\/\/internacional.ulpgc.es\/fr\/wp-json\/wp\/v2\/categories?post=7908"},{"taxonomy":"post_tag","embeddable":true,"href":"https:\/\/internacional.ulpgc.es\/fr\/wp-json\/wp\/v2\/tags?post=7908"}],"curies":[{"name":"wp","href":"https:\/\/api.w.org\/{rel}","templated":true}]}}