{"id":7912,"date":"2022-01-13T13:11:29","date_gmt":"2022-01-13T13:11:29","guid":{"rendered":"https:\/\/internacional.ulpgc.es\/?page_id=7912"},"modified":"2022-01-19T10:04:42","modified_gmt":"2022-01-19T10:04:42","slug":"america","status":"publish","type":"page","link":"https:\/\/internacional.ulpgc.es\/fr\/campus-international\/structure-continentale\/america\/","title":{"rendered":"AMERICA"},"content":{"rendered":"<div class=\"wpb-content-wrapper\"><p>[vc_row][vc_column][vc_raw_html]JTNDZGl2JTIwY2xhc3MlM0QlMjJydC12Yy10ZXh0LXRpdGxlJTIwJTIwc3R5bGUxJTIyJTNFJTBBJTA5JTNDaDElMjBjbGFzcyUzRCUyMnJ0aW4tdGl0bGUlMjIlM0VBbSVDMyVBOXJpcXVlJTNDJTJGaDElM0UlMEElM0MlMkZkaXYlM0U=[\/vc_raw_html][vc_column_text]La nouvelle <strong>Unit\u00e9 des relations avec les Am\u00e9riques<\/strong> esp\u00e8re consolider les relations universitaires et culturelles avec l&#8217;Am\u00e9rique latine, les \u00c9tats-Unis et le Canada.[\/vc_column_text][\/vc_column][\/vc_row][vc_row][vc_column]<div class=\"rt-vc-text-title  style2\" style=\"\">\n\t\t\t<h2 class=\"rtin-title\">OBJECTIFS DE L&#039;UNIT\u00c9 DE RELATIONS AVEC LES AM\u00c9RICAINS<\/h2>\n\t\t\t<\/div>[vc_column_text]<\/p>\n<ul>\n<li>Coordonner la politique de l&#8217;ULPGC \u00e0 l&#8217;\u00e9gard des Am\u00e9riques.<\/li>\n<li>Promouvoir la cr\u00e9ation d&#8217;un groupe d&#8217;\u00e9tudes am\u00e9ricaines \u00e0 l&#8217;ULPGC.<\/li>\n<li>Encourager les \u00e9changes et la mobilit\u00e9 des membres de l&#8217;ULPGC avec les Am\u00e9riques et des \u00e9tudiants, professeurs et chercheurs am\u00e9ricains avec l&#8217;ULPGC.<\/li>\n<li>Animer les relations institutionnelles de l&#8217;ULPGC avec les institutions espagnoles li\u00e9es aux Am\u00e9riques.<\/li>\n<li>Assurer les relations institutionnelles avec les consulats am\u00e9ricains.<\/li>\n<li>Soutenir la coop\u00e9ration de l&#8217;ULPGC avec les Am\u00e9riques.<\/li>\n<li>Promouvoir la diffusion des travaux r\u00e9alis\u00e9s par l&#8217;ULPGC vers l&#8217;Am\u00e9rique.<\/li>\n<li>Contribuer \u00e0 la formation du personnel am\u00e9ricain de l&#8217;ULPGC et du personnel de l&#8217;ULPGC en Am\u00e9rique.<\/li>\n<li>Promouvoir le travail b\u00e9n\u00e9vole.<\/li>\n<li>Coordonner avec les autres vice-rectorats, d\u00e9partements et unit\u00e9s de l&#8217;ULPGC dans le domaine des relations avec l&#8217;Am\u00e9rique.<\/li>\n<li>Offrir l&#8217;hospitalit\u00e9 aux repr\u00e9sentants des universit\u00e9s et centres am\u00e9ricains en visite \u00e0 l&#8217;ULPGC.<\/li>\n<li>Assurer la couverture des \u00e9v\u00e9nements culturels organis\u00e9s \u00e0 l&#8217;ULPGC en relation avec l&#8217;Am\u00e9rique.<\/li>\n<li>Mettre en contact les travaux de recherche de l&#8217;ULPGC avec des entreprises, des organisations et des institutions espagnoles pour leur promotion en Am\u00e9rique.<\/li>\n<\/ul>\n<p>[\/vc_column_text][\/vc_column][\/vc_row][vc_row][vc_column]<div class=\"rt-vc-text-title  style2\" style=\"\">\n\t\t\t<h2 class=\"rtin-title\">\u00c9v\u00e9nements<\/h2>\n\t\t\t<\/div>[vc_basic_grid post_type=&#8221;page&#8221; max_items=&#8221;3&#8243; item=&#8221;2713&#8243; grid_id=&#8221;vc_gid:1642512974616-6c1bfcbc-3ba3-5&#8243; taxonomies=&#8221;259&#8243;][\/vc_column][\/vc_row]<\/p>\n<\/div>","protected":false},"excerpt":{"rendered":"<p>[vc_row][vc_column][vc_raw_html]JTNDZGl2JTIwY2xhc3MlM0QlMjJydC12Yy10ZXh0LXRpdGxlJTIwJTIwc3R5bGUxJTIyJTNFJTBBJTA5JTNDaDElMjBjbGFzcyUzRCUyMnJ0aW4tdGl0bGUlMjIlM0VBbSVDMyVBOXJpcXVlJTNDJTJGaDElM0UlMEElM0MlMkZkaXYlM0U=[\/vc_raw_html][vc_column_text]La nouvelle Unit\u00e9 des relations avec les Am\u00e9riques esp\u00e8re consolider les relations universitaires et culturelles avec l&#8217;Am\u00e9rique latine, les \u00c9tats-Unis et le Canada.[\/vc_column_text][\/vc_column][\/vc_row][vc_row][vc_column][vc_column_text] Coordonner la [&hellip;]<\/p>\n","protected":false},"author":5,"featured_media":0,"parent":7901,"menu_order":0,"comment_status":"closed","ping_status":"closed","template":"","meta":{"_acf_changed":false,"footnotes":""},"categories":[261,114],"tags":[],"class_list":["post-7912","page","type-page","status-publish","hentry","category-campus-internacional","category-idiomas"],"acf":[],"_links":{"self":[{"href":"https:\/\/internacional.ulpgc.es\/fr\/wp-json\/wp\/v2\/pages\/7912","targetHints":{"allow":["GET"]}}],"collection":[{"href":"https:\/\/internacional.ulpgc.es\/fr\/wp-json\/wp\/v2\/pages"}],"about":[{"href":"https:\/\/internacional.ulpgc.es\/fr\/wp-json\/wp\/v2\/types\/page"}],"author":[{"embeddable":true,"href":"https:\/\/internacional.ulpgc.es\/fr\/wp-json\/wp\/v2\/users\/5"}],"replies":[{"embeddable":true,"href":"https:\/\/internacional.ulpgc.es\/fr\/wp-json\/wp\/v2\/comments?post=7912"}],"version-history":[{"count":3,"href":"https:\/\/internacional.ulpgc.es\/fr\/wp-json\/wp\/v2\/pages\/7912\/revisions"}],"predecessor-version":[{"id":7962,"href":"https:\/\/internacional.ulpgc.es\/fr\/wp-json\/wp\/v2\/pages\/7912\/revisions\/7962"}],"up":[{"embeddable":true,"href":"https:\/\/internacional.ulpgc.es\/fr\/wp-json\/wp\/v2\/pages\/7901"}],"wp:attachment":[{"href":"https:\/\/internacional.ulpgc.es\/fr\/wp-json\/wp\/v2\/media?parent=7912"}],"wp:term":[{"taxonomy":"category","embeddable":true,"href":"https:\/\/internacional.ulpgc.es\/fr\/wp-json\/wp\/v2\/categories?post=7912"},{"taxonomy":"post_tag","embeddable":true,"href":"https:\/\/internacional.ulpgc.es\/fr\/wp-json\/wp\/v2\/tags?post=7912"}],"curies":[{"name":"wp","href":"https:\/\/api.w.org\/{rel}","templated":true}]}}