{"id":8584,"date":"2022-09-28T10:22:06","date_gmt":"2022-09-28T10:22:06","guid":{"rendered":"https:\/\/internacional.ulpgc.es\/?page_id=8584"},"modified":"2025-11-14T10:02:48","modified_gmt":"2025-11-14T10:02:48","slug":"semana-internacional-coreana","status":"publish","type":"page","link":"https:\/\/internacional.ulpgc.es\/fr\/semana-internacional-coreana-fr\/","title":{"rendered":"Semana Internacional &#8211; Coreana"},"content":{"rendered":"<div class=\"wpb-content-wrapper\"><p><\/p>\n<p>[vc_row][vc_column][vc_raw_html]JTNDZGl2JTIwY2xhc3MlM0QlMjJydC12Yy10ZXh0LXRpdGxlJTIwJTIwc3R5bGUxJTIyJTNFJTBBJTA5JTNDaDElMjBjbGFzcyUzRCUyMnJ0aW4tdGl0bGUlMjIlM0VTZW1hbmElMjBJbnRlcm5hY2lvbmFsJTIwLSUyMENvcmVhbmElM0MlMkZoMSUzRSUwQSUzQyUyRmRpdiUzRQ==[\/vc_raw_html][\/vc_column][\/vc_row][vc_row][vc_column][vc_column_text]La Universidad de Las Palmas de Gran Canaria, desde el Vicerrectorado de Internacionalizaci\u00f3n, Movilidad y Proyecci\u00f3n Internacional, con el apoyo del Consulado de la Rep\u00fablica de Corea en Las Palmas, la Korea Corner, el Instituto King Sejong de la ULPGC, las Facultades de Filolog\u00eda y de Ciencias de la Actividad F\u00edsica y del Deporte, el Instituto Universitario de Investigaci\u00f3n en Acuicultura Sostenible y Ecosistemas Marinos (IU-ECOAQUA), el Korean Maritim Institute, Studio MTartspace, SOLSTICE, se complacen a invitarles a asistir a la cuarta SEMANA INTERNACIONAL dedicada a COREA, en una apuesta por la internacionalizaci\u00f3n en casa.<\/p>\n<p>La semana se iniciar\u00e1 el lunes 3 de octubre a las 17,00 horas en el Edificio Central de la Biblioteca Universitaria con el acto de inauguraci\u00f3n de la Korea Corner, espacio que aportar\u00e1 a la comunidad universitaria contenidos coreanos a trav\u00e9s de videos, libros y espacios inviten al estudiantado al conocimiento cultural y acad\u00e9mico de Corea. Ser\u00e1 un espacio que se unir\u00e1 a nuestra oferta de ense\u00f1anza del idioma coreano a trav\u00e9s del Instituto King Sejong, en este caso centrados en la cultura y literatura de Corea. La semana se celebrar\u00e1 del d\u00eda 3 al 6 de octubre de 2022. Tienen toda la informaci\u00f3n del programa en los documentos adjuntos.<\/p>\n<p><strong>Acompa\u00f1amos el programa resumido. La entrada a todos los eventos ser\u00e1 libre hasta completar el aforo.<\/strong>[\/vc_column_text][\/vc_column][\/vc_row][vc_row][vc_column width=&#8221;1\/2&#8243;][vc_single_image image=&#8221;8585&#8243; img_size=&#8221;large&#8221; alignment=&#8221;center&#8221; onclick=&#8221;link_image&#8221;][\/vc_column][vc_column width=&#8221;1\/2&#8243;][vc_single_image image=&#8221;8586&#8243; img_size=&#8221;large&#8221; alignment=&#8221;center&#8221; onclick=&#8221;link_image&#8221;][\/vc_column][\/vc_row][vc_row][vc_column][\/vc_column][\/vc_row]<\/p>\n<p><\/p>\n<\/div>","protected":false},"excerpt":{"rendered":"<p>[vc_row][vc_column][vc_raw_html]JTNDZGl2JTIwY2xhc3MlM0QlMjJydC12Yy10ZXh0LXRpdGxlJTIwJTIwc3R5bGUxJTIyJTNFJTBBJTA5JTNDaDElMjBjbGFzcyUzRCUyMnJ0aW4tdGl0bGUlMjIlM0VTZW1hbmElMjBJbnRlcm5hY2lvbmFsJTIwLSUyMENvcmVhbmElM0MlMkZoMSUzRSUwQSUzQyUyRmRpdiUzRQ==[\/vc_raw_html][\/vc_column][\/vc_row][vc_row][vc_column][vc_column_text]La Universidad de Las Palmas de Gran Canaria, desde el Vicerrectorado de Internacionalizaci\u00f3n, Movilidad y Proyecci\u00f3n Internacional, con el apoyo del Consulado de la Rep\u00fablica [&hellip;]<\/p>\n","protected":false},"author":37,"featured_media":0,"parent":0,"menu_order":0,"comment_status":"closed","ping_status":"closed","template":"","meta":{"_acf_changed":false,"footnotes":""},"categories":[318,259],"tags":[],"class_list":["post-8584","page","type-page","status-publish","hentry","category-semana-internacional","category-eventos"],"acf":[],"_links":{"self":[{"href":"https:\/\/internacional.ulpgc.es\/fr\/wp-json\/wp\/v2\/pages\/8584","targetHints":{"allow":["GET"]}}],"collection":[{"href":"https:\/\/internacional.ulpgc.es\/fr\/wp-json\/wp\/v2\/pages"}],"about":[{"href":"https:\/\/internacional.ulpgc.es\/fr\/wp-json\/wp\/v2\/types\/page"}],"author":[{"embeddable":true,"href":"https:\/\/internacional.ulpgc.es\/fr\/wp-json\/wp\/v2\/users\/37"}],"replies":[{"embeddable":true,"href":"https:\/\/internacional.ulpgc.es\/fr\/wp-json\/wp\/v2\/comments?post=8584"}],"version-history":[{"count":6,"href":"https:\/\/internacional.ulpgc.es\/fr\/wp-json\/wp\/v2\/pages\/8584\/revisions"}],"predecessor-version":[{"id":12847,"href":"https:\/\/internacional.ulpgc.es\/fr\/wp-json\/wp\/v2\/pages\/8584\/revisions\/12847"}],"wp:attachment":[{"href":"https:\/\/internacional.ulpgc.es\/fr\/wp-json\/wp\/v2\/media?parent=8584"}],"wp:term":[{"taxonomy":"category","embeddable":true,"href":"https:\/\/internacional.ulpgc.es\/fr\/wp-json\/wp\/v2\/categories?post=8584"},{"taxonomy":"post_tag","embeddable":true,"href":"https:\/\/internacional.ulpgc.es\/fr\/wp-json\/wp\/v2\/tags?post=8584"}],"curies":[{"name":"wp","href":"https:\/\/api.w.org\/{rel}","templated":true}]}}