{"id":8594,"date":"2022-10-04T12:49:42","date_gmt":"2022-10-04T12:49:42","guid":{"rendered":"https:\/\/internacional.ulpgc.es\/?page_id=8594"},"modified":"2022-10-04T13:09:57","modified_gmt":"2022-10-04T13:09:57","slug":"evento-ano-europeo-de-la-juventud-la-salud-mental-en-la-juventud-10-10-1700-horas","status":"publish","type":"page","link":"https:\/\/internacional.ulpgc.es\/fr\/year-europeo-de-la-juventud-la-salud-mental-en-la-juventud-10-10-1700-horas-fr\/","title":{"rendered":"Evento A\u00f1o Europeo de la Juventud, la salud mental en la juventud, 10 de octubre a las 17h"},"content":{"rendered":"<div class=\"wpb-content-wrapper\"><p>[vc_row][vc_column][vc_raw_html]JTNDZGl2JTIwY2xhc3MlM0QlMjJydC12Yy10ZXh0LXRpdGxlJTIwJTIwc3R5bGUxJTIwY2VudGVyJTIyJTNFJTBBJTA5JTNDaDElMjBjbGFzcyUzRCUyMnJ0aW4tdGl0bGUlMjIlM0VBJUMzJUIxbyUyMEV1cm9wZW8lMjBkZSUyMGxhJTIwSnV2ZW50dWQlMkMlMjBsYSUyMHNhbHVkJTIwbWVudGFsJTIwZW4lMjBsYSUyMGp1dmVudHVkJTNDJTJGaDElM0UlMEElM0NoMiUzRTEwJTIwZGUlMjBPY3R1YnJlJTIwMjAyMiUyMC0lMjAxN2glM0MlMkZoMiUzRSUwQSUzQyUyRmRpdiUzRQ==[\/vc_raw_html][vc_single_image image=&#8221;8598&#8243; img_size=&#8221;full&#8221; alignment=&#8221;center&#8221; onclick=&#8221;link_image&#8221;][\/vc_column][\/vc_row][vc_row][vc_column][vc_column_text]<\/p>\n<p align=\"justify\">La Universidad de Las Palmas de Gran Canaria, desde el Vicerrectorado de Internacionalizaci\u00f3n, Movilidad y Proyecci\u00f3n Internacional y el Centro de Documentaci\u00f3n Europea de la ULPGC, junto con Europe Direct, el Centro de Documentaci\u00f3n Europea de la ULL, y el Consejo Canario del Movimiento Europeo, y la coorganizaci\u00f3n del Consejo de Estudiantes de la ULPGC y las asociaciones europe\u00edstas de Canarias organizan el d\u00eda 10 de octubre de 2022, de 17,00 a 18,30 horas, en el M\u00f3dulo C del Anexo de Humanidades, el gran Evento por el A\u00f1o Europeo de la Juventud. Tras el acto los asistentes podr\u00e1n disfrutar de un vino espa\u00f1ol para seguir compartiendo experiencias.<\/p>\n<p align=\"justify\">Por decisi\u00f3n de las asociaciones europe\u00edstas de Canarias el acto se centrar\u00e1 en las inquietudes de la juventud sobre la salud mental. Como se expuso en la semana europea de la salud mental de mayo de 2022, en la mayor\u00eda de los pa\u00edses europeos, los problemas de salud mental entre los j\u00f3venes (de 15 a 24 a\u00f1os) se han duplicado en los dos \u00faltimos a\u00f1os como consecuencia de la pandemia. Ver m\u00e1s info <a href=\"https:\/\/www.mhe-sme.org\/emhw\/\">aqu\u00ed<\/a>. El evento ser\u00e1 dirigido y coordinado por j\u00f3venes junto a expertos en salud mental. En el acto se celebrar\u00e1 una din\u00e1mica participativa entre la juventud participante en las que se plantear\u00e1n las principales preocupaciones sobre salud mental que afectan a la juventud que las analizar\u00e1 y debatir\u00e1 junto a psic\u00f3logas del Gobierno de Canarias y de asociaciones que trabajan con j\u00f3venes. Tras el acto se realizar\u00e1n conclusiones que se har\u00e1n llegar como propuestas a la Uni\u00f3n Europea. Adem\u00e1s de los asistentes a quienes invitamos a asistir, en el acto participar\u00e1n;<\/p>\n<p align=\"justify\"><strong>Moderaci\u00f3n y dinamizaci\u00f3n;<\/strong><\/p>\n<ul>\n<li>Noelia Hern\u00e1ndez, presidenta de AEGEE Las Palmas.<\/li>\n<li>Echedey Nuez, vocal de eventos y cultura CEST ULPGC.<\/li>\n<li>Roc\u00edo Fontanillo, relaciones institucionales ESNLP.<\/li>\n<\/ul>\n<p align=\"justify\"><strong>Expertos;<\/strong><\/p>\n<ul>\n<li>Sabrina Gonz\u00e1lez Santana, jefe de servicio de psiquiatr\u00eda infanto-juvenil del Servicio Canario de salud.<\/li>\n<li>Jos\u00e9 Cabrera P\u00e9rez, psic\u00f3logo, director del Tel\u00e9fono de la Esperanza en Canarias.<\/li>\n<\/ul>\n<h3 align=\"justify\"><strong>El acto ser\u00e1 h\u00edbrido. Puedes inscribirte en el siguiente acceso:<\/strong><\/h3>\n<p>[\/vc_column_text][vc_btn title=&#8221;Inscribirse al evento: &#8220;La salud mental, un reto para el futuro&#8220;&#8221; shape=&#8221;square&#8221; size=&#8221;lg&#8221; align=&#8221;center&#8221; link=&#8221;url:https%3A%2F%2Fdocs.google.com%2Fforms%2Fd%2Fe%2F1FAIpQLSd3xLvPPzwGUT77sfw3SByV-mrR-OKaVcJOc2Ujr_o_aprOCQ%2Fviewform|target:_blank&#8221;][vc_column_text]<\/p>\n<p align=\"justify\"><strong>La asistencia presencial al acto ser\u00e1 reconocida con dos horas de Cr\u00e9ditos Internacionales del Vicerrectorado de Internacionalizaci\u00f3n, Movilidad y Proyecci\u00f3n Internacional.<\/strong><\/p>\n<p>[\/vc_column_text][\/vc_column][\/vc_row][vc_row][vc_column][vc_column_text]<\/p>\n<h3 style=\"text-align: center;\"><strong>\u00a1No faltes presencialmente!<\/strong><\/h3>\n<h3 style=\"text-align: center;\"><strong><br \/>\nSi no te es posible asistir podr\u00e1s seguir el acto a trav\u00e9s del siguiente directo de Youtube:<\/strong><\/h3>\n<p>[\/vc_column_text][\/vc_column][\/vc_row][vc_row][vc_column][vc_column_text]<\/p>\n<p>[\/vc_column_text][vc_raw_html]JTNDaWZyYW1lJTIwd2lkdGglM0QlMjIxMDAlMjUlMjIlMjBoZWlnaHQlM0QlMjI1MDAlMjIlMjBzcmMlM0QlMjJodHRwcyUzQSUyRiUyRnd3dy55b3V0dWJlLmNvbSUyRmVtYmVkJTJGd252STc4RmNKeHclMjIlMjB0aXRsZSUzRCUyMllvdVR1YmUlMjB2aWRlbyUyMHBsYXllciUyMiUyMGZyYW1lYm9yZGVyJTNEJTIyMCUyMiUyMGFsbG93JTNEJTIyYWNjZWxlcm9tZXRlciUzQiUyMGF1dG9wbGF5JTNCJTIwY2xpcGJvYXJkLXdyaXRlJTNCJTIwZW5jcnlwdGVkLW1lZGlhJTNCJTIwZ3lyb3Njb3BlJTNCJTIwcGljdHVyZS1pbi1waWN0dXJlJTIyJTIwYWxsb3dmdWxsc2NyZWVuJTNFJTNDJTJGaWZyYW1lJTNF[\/vc_raw_html][\/vc_column][\/vc_row][vc_row][vc_column][vc_column_text]<br \/>\n[\/vc_column_text][\/vc_column][\/vc_row][vc_row][vc_column width=&#8221;1\/2&#8243;][\/vc_column][vc_column width=&#8221;1\/2&#8243;][\/vc_column][\/vc_row]<\/p>\n<\/div>","protected":false},"excerpt":{"rendered":"<p>[vc_row][vc_column][vc_raw_html]JTNDZGl2JTIwY2xhc3MlM0QlMjJydC12Yy10ZXh0LXRpdGxlJTIwJTIwc3R5bGUxJTIwY2VudGVyJTIyJTNFJTBBJTA5JTNDaDElMjBjbGFzcyUzRCUyMnJ0aW4tdGl0bGUlMjIlM0VBJUMzJUIxbyUyMEV1cm9wZW8lMjBkZSUyMGxhJTIwSnV2ZW50dWQlMkMlMjBsYSUyMHNhbHVkJTIwbWVudGFsJTIwZW4lMjBsYSUyMGp1dmVudHVkJTNDJTJGaDElM0UlMEElM0NoMiUzRTEwJTIwZGUlMjBPY3R1YnJlJTIwMjAyMiUyMC0lMjAxN2glM0MlMkZoMiUzRSUwQSUzQyUyRmRpdiUzRQ==[\/vc_raw_html][vc_single_image image=&#8221;8598&#8243; img_size=&#8221;full&#8221; alignment=&#8221;center&#8221; onclick=&#8221;link_image&#8221;][\/vc_column][\/vc_row][vc_row][vc_column][vc_column_text] La Universidad de Las Palmas de Gran Canaria, desde el Vicerrectorado de Internacionalizaci\u00f3n, Movilidad y Proyecci\u00f3n Internacional y el Centro [&hellip;]<\/p>\n","protected":false},"author":37,"featured_media":0,"parent":0,"menu_order":0,"comment_status":"closed","ping_status":"closed","template":"","meta":{"_acf_changed":false,"footnotes":""},"categories":[259],"tags":[],"class_list":["post-8594","page","type-page","status-publish","hentry","category-eventos"],"acf":[],"_links":{"self":[{"href":"https:\/\/internacional.ulpgc.es\/fr\/wp-json\/wp\/v2\/pages\/8594","targetHints":{"allow":["GET"]}}],"collection":[{"href":"https:\/\/internacional.ulpgc.es\/fr\/wp-json\/wp\/v2\/pages"}],"about":[{"href":"https:\/\/internacional.ulpgc.es\/fr\/wp-json\/wp\/v2\/types\/page"}],"author":[{"embeddable":true,"href":"https:\/\/internacional.ulpgc.es\/fr\/wp-json\/wp\/v2\/users\/37"}],"replies":[{"embeddable":true,"href":"https:\/\/internacional.ulpgc.es\/fr\/wp-json\/wp\/v2\/comments?post=8594"}],"version-history":[{"count":5,"href":"https:\/\/internacional.ulpgc.es\/fr\/wp-json\/wp\/v2\/pages\/8594\/revisions"}],"predecessor-version":[{"id":8616,"href":"https:\/\/internacional.ulpgc.es\/fr\/wp-json\/wp\/v2\/pages\/8594\/revisions\/8616"}],"wp:attachment":[{"href":"https:\/\/internacional.ulpgc.es\/fr\/wp-json\/wp\/v2\/media?parent=8594"}],"wp:term":[{"taxonomy":"category","embeddable":true,"href":"https:\/\/internacional.ulpgc.es\/fr\/wp-json\/wp\/v2\/categories?post=8594"},{"taxonomy":"post_tag","embeddable":true,"href":"https:\/\/internacional.ulpgc.es\/fr\/wp-json\/wp\/v2\/tags?post=8594"}],"curies":[{"name":"wp","href":"https:\/\/api.w.org\/{rel}","templated":true}]}}