{"id":9352,"date":"2023-09-11T07:59:06","date_gmt":"2023-09-11T07:59:06","guid":{"rendered":"https:\/\/internacional.ulpgc.es\/?page_id=9352"},"modified":"2026-02-26T12:45:47","modified_gmt":"2026-02-26T12:45:47","slug":"bridge-to-africa","status":"publish","type":"page","link":"https:\/\/internacional.ulpgc.es\/fr\/campus-international\/structure-continentale\/afrique\/espanol-bridge-to-africa\/","title":{"rendered":"BRIDGE to AFRICA"},"content":{"rendered":"<div class=\"wpb-content-wrapper\"><p><\/p>\n<p>[vc_row][vc_column][vc_raw_html css=&#8221;&#8221;]JTNDZGl2JTIwY2xhc3MlM0QlMjJydC12Yy10ZXh0LXRpdGxlJTIwJTIwc3R5bGUxJTIwY2VudGVyJTIyJTNFJTBBJTA5JTNDaDElMjBjbGFzcyUzRCUyMnJ0aW4tdGl0bGUlMjIlM0VCUklER0UlMjB0byUyMEFGUklDQSUyMCUzQyUyRmgxJTNFJTBBJTNDaDIlM0UlMjAyMC0yNSUyME1BWS4lMjAyMDI0JTNDJTJGaDIlM0UlMEElM0MlMkZkaXYlM0UlMEElM0MlMkZkaXYlM0U=[\/vc_raw_html][\/vc_column][\/vc_row][vc_row][vc_column][vc_column_text css=&#8221;&#8221;]L&#8217;ULPGC a 35 ans d&#8217;engagement envers le continent africain, qui doit \u00eatre consolid\u00e9 dans un projet permettant de rassembler et de renforcer ces initiatives acad\u00e9miques dans un Hub de Connaissance International en Afrique, ce qui permet la constitution d&#8217;un centre de r\u00e9f\u00e9rence international pour d&#8217;autres institutions acad\u00e9miques, qui, sous l&#8217;engagement de l&#8217;ULPGC, nous permettent de constituer la graine d&#8217;opportunit\u00e9 \u00e0 travers une infrastructure de service qui contribue \u00e0 la croissance et \u00e0 l&#8217;apprentissage mutuel \u00e0 travers ce pont de connaissance internationale vers l&#8217;Afrique.[\/vc_column_text][\/vc_column][\/vc_row][vc_row][vc_column width=&#8221;1\/4&#8243;]<div class=\"\">\n\t<div class=\"rt-vc-imagetext\">\n\t\t\t\t\t<a href=\"https:\/\/internacional.ulpgc.es\/en\/espanol-bridge-to-africa-eventos-culturales-ponentes\/\">\n\t\t\t\t\t\t<div class=\"rtin-item\">\n\t\t\t\t<div class=\"rtin-img\"><img loading=\"lazy\" decoding=\"async\" width=\"792\" height=\"499\" src=\"https:\/\/internacional.ulpgc.es\/wp-content\/uploads\/2018\/07\/fondo-boton.jpg\" class=\"attachment-full size-full\" alt=\"fondo-boton\" srcset=\"https:\/\/internacional.ulpgc.es\/wp-content\/uploads\/2018\/07\/fondo-boton.jpg 792w, https:\/\/internacional.ulpgc.es\/wp-content\/uploads\/2018\/07\/fondo-boton-300x189.jpg 300w, https:\/\/internacional.ulpgc.es\/wp-content\/uploads\/2018\/07\/fondo-boton-768x484.jpg 768w\" sizes=\"auto, (max-width: 792px) 100vw, 792px\" \/><\/div>\n\t\t\t\t<div class=\"rtin-overlay\">\n\t\t\t\t\t<div class=\"rtin-title\">01<\/div>\n\t\t\t\t\t<div class=\"rtin-subtitle\">\u00c9v\u00e9nements culturels - Maison d&#039;Afrique et ULPGC<\/div>\t\t\n\t\t\t\t<\/div>\t\t\n\t\t\t<\/div>\n\t\t\t\t\t\t<\/a>\n\t\t\t<\/div>\n<\/div>[\/vc_column][vc_column width=&#8221;1\/4&#8243;]<div class=\"\">\n\t<div class=\"rt-vc-imagetext\">\n\t\t\t\t\t<a href=\"https:\/\/internacional.ulpgc.es\/en\/espanol-bridge-to-africa-conferencias-magistrales-ponentes\/\">\n\t\t\t\t\t\t<div class=\"rtin-item\">\n\t\t\t\t<div class=\"rtin-img\"><img loading=\"lazy\" decoding=\"async\" width=\"792\" height=\"499\" src=\"https:\/\/internacional.ulpgc.es\/wp-content\/uploads\/2018\/07\/fondo-boton.jpg\" class=\"attachment-full size-full\" alt=\"fondo-boton\" srcset=\"https:\/\/internacional.ulpgc.es\/wp-content\/uploads\/2018\/07\/fondo-boton.jpg 792w, https:\/\/internacional.ulpgc.es\/wp-content\/uploads\/2018\/07\/fondo-boton-300x189.jpg 300w, https:\/\/internacional.ulpgc.es\/wp-content\/uploads\/2018\/07\/fondo-boton-768x484.jpg 768w\" sizes=\"auto, (max-width: 792px) 100vw, 792px\" \/><\/div>\n\t\t\t\t<div class=\"rtin-overlay\">\n\t\t\t\t\t<div class=\"rtin-title\">02<\/div>\n\t\t\t\t\t<div class=\"rtin-subtitle\">Conf\u00e9rences magistrales. ULPGC. Auditorium du si\u00e8ge de l&#039;ULPGC<\/div>\t\t\n\t\t\t\t<\/div>\t\t\n\t\t\t<\/div>\n\t\t\t\t\t\t<\/a>\n\t\t\t<\/div>\n<\/div>[\/vc_column][vc_column width=&#8221;1\/4&#8243;]<div class=\"\">\n\t<div class=\"rt-vc-imagetext\">\n\t\t\t\t\t<a href=\"https:\/\/internacional.ulpgc.es\/fr\/campus-international\/structure-continentale\/afrique\/espanol-brigde-to-africa\/bridge-to-africa-intervenants-techniques\/\">\n\t\t\t\t\t\t<div class=\"rtin-item\">\n\t\t\t\t<div class=\"rtin-img\"><img loading=\"lazy\" decoding=\"async\" width=\"792\" height=\"499\" src=\"https:\/\/internacional.ulpgc.es\/wp-content\/uploads\/2018\/07\/fondo-boton.jpg\" class=\"attachment-full size-full\" alt=\"fondo-boton\" srcset=\"https:\/\/internacional.ulpgc.es\/wp-content\/uploads\/2018\/07\/fondo-boton.jpg 792w, https:\/\/internacional.ulpgc.es\/wp-content\/uploads\/2018\/07\/fondo-boton-300x189.jpg 300w, https:\/\/internacional.ulpgc.es\/wp-content\/uploads\/2018\/07\/fondo-boton-768x484.jpg 768w\" sizes=\"auto, (max-width: 792px) 100vw, 792px\" \/><\/div>\n\t\t\t\t<div class=\"rtin-overlay\">\n\t\t\t\t\t<div class=\"rtin-title\">03<\/div>\n\t\t\t\t\t<div class=\"rtin-subtitle\">Conf\u00e9renciers techniques. ULPGC. Salle de pierre du si\u00e8ge de l&#039;ULPGC<\/div>\t\t\n\t\t\t\t<\/div>\t\t\n\t\t\t<\/div>\n\t\t\t\t\t\t<\/a>\n\t\t\t<\/div>\n<\/div>[\/vc_column][vc_column width=&#8221;1\/4&#8243;]<div class=\"\">\n\t<div class=\"rt-vc-imagetext\">\n\t\t\t\t\t<a href=\"\/en\/eventos\/bridge-to-africa\/1er-congreso-bridge-to-africa\/\">\n\t\t\t\t\t\t<div class=\"rtin-item\">\n\t\t\t\t<div class=\"rtin-img\"><img loading=\"lazy\" decoding=\"async\" width=\"792\" height=\"499\" src=\"https:\/\/internacional.ulpgc.es\/wp-content\/uploads\/2018\/07\/fondo-boton.jpg\" class=\"attachment-full size-full\" alt=\"fondo-boton\" srcset=\"https:\/\/internacional.ulpgc.es\/wp-content\/uploads\/2018\/07\/fondo-boton.jpg 792w, https:\/\/internacional.ulpgc.es\/wp-content\/uploads\/2018\/07\/fondo-boton-300x189.jpg 300w, https:\/\/internacional.ulpgc.es\/wp-content\/uploads\/2018\/07\/fondo-boton-768x484.jpg 768w\" sizes=\"auto, (max-width: 792px) 100vw, 792px\" \/><\/div>\n\t\t\t\t<div class=\"rtin-overlay\">\n\t\t\t\t\t<div class=\"rtin-title\">04<\/div>\n\t\t\t\t\t<div class=\"rtin-subtitle\">1er Congr\u00e8s Pont vers l&#039;Afrique. ULPGC. Campus ULPGC<\/div>\t\t\n\t\t\t\t<\/div>\t\t\n\t\t\t<\/div>\n\t\t\t\t\t\t<\/a>\n\t\t\t<\/div>\n<\/div>[\/vc_column][\/vc_row][vc_row][vc_column][vc_video link=&#8221;https:\/\/www.youtube.com\/watch?v=qsEXFm3IXos&#8221; css=&#8221;&#8221;][\/vc_column][\/vc_row][vc_row][vc_column width=&#8221;1\/2&#8243;][vc_single_image image=&#8221;10282&#8243; img_size=&#8221;large&#8221; alignment=&#8221;center&#8221; css=&#8221;&#8221;][\/vc_column][vc_column width=&#8221;1\/2&#8243;][vc_single_image image=&#8221;10283&#8243; img_size=&#8221;large&#8221; alignment=&#8221;center&#8221; css=&#8221;&#8221;][\/vc_column][\/vc_row]<\/p>\n<p><\/p>\n<\/div>","protected":false},"excerpt":{"rendered":"<p>[vc_row][vc_column][vc_raw_html css=&#8221;&#8221;]JTNDZGl2JTIwY2xhc3MlM0QlMjJydC12Yy10ZXh0LXRpdGxlJTIwJTIwc3R5bGUxJTIwY2VudGVyJTIyJTNFJTBBJTA5JTNDaDElMjBjbGFzcyUzRCUyMnJ0aW4tdGl0bGUlMjIlM0VCUklER0UlMjB0byUyMEFGUklDQSUyMCUzQyUyRmgxJTNFJTBBJTNDaDIlM0UlMjAyMC0yNSUyME1BWS4lMjAyMDI0JTNDJTJGaDIlM0UlMEElM0MlMkZkaXYlM0UlMEElM0MlMkZkaXYlM0U=[\/vc_raw_html][\/vc_column][\/vc_row][vc_row][vc_column][vc_column_text css=&#8221;&#8221;]L&#8217;ULPGC a 35 ans d&#8217;engagement envers le continent africain, qui doit \u00eatre consolid\u00e9 dans un projet permettant de rassembler et de renforcer ces [&hellip;]<\/p>\n","protected":false},"author":5,"featured_media":0,"parent":7895,"menu_order":0,"comment_status":"closed","ping_status":"closed","template":"","meta":{"_acf_changed":false,"footnotes":""},"categories":[320],"tags":[],"class_list":["post-9352","page","type-page","status-publish","hentry","category-bridge-to-africa-2"],"acf":[],"_links":{"self":[{"href":"https:\/\/internacional.ulpgc.es\/fr\/wp-json\/wp\/v2\/pages\/9352","targetHints":{"allow":["GET"]}}],"collection":[{"href":"https:\/\/internacional.ulpgc.es\/fr\/wp-json\/wp\/v2\/pages"}],"about":[{"href":"https:\/\/internacional.ulpgc.es\/fr\/wp-json\/wp\/v2\/types\/page"}],"author":[{"embeddable":true,"href":"https:\/\/internacional.ulpgc.es\/fr\/wp-json\/wp\/v2\/users\/5"}],"replies":[{"embeddable":true,"href":"https:\/\/internacional.ulpgc.es\/fr\/wp-json\/wp\/v2\/comments?post=9352"}],"version-history":[{"count":10,"href":"https:\/\/internacional.ulpgc.es\/fr\/wp-json\/wp\/v2\/pages\/9352\/revisions"}],"predecessor-version":[{"id":13808,"href":"https:\/\/internacional.ulpgc.es\/fr\/wp-json\/wp\/v2\/pages\/9352\/revisions\/13808"}],"up":[{"embeddable":true,"href":"https:\/\/internacional.ulpgc.es\/fr\/wp-json\/wp\/v2\/pages\/7895"}],"wp:attachment":[{"href":"https:\/\/internacional.ulpgc.es\/fr\/wp-json\/wp\/v2\/media?parent=9352"}],"wp:term":[{"taxonomy":"category","embeddable":true,"href":"https:\/\/internacional.ulpgc.es\/fr\/wp-json\/wp\/v2\/categories?post=9352"},{"taxonomy":"post_tag","embeddable":true,"href":"https:\/\/internacional.ulpgc.es\/fr\/wp-json\/wp\/v2\/tags?post=9352"}],"curies":[{"name":"wp","href":"https:\/\/api.w.org\/{rel}","templated":true}]}}