{"id":9460,"date":"2023-10-30T14:18:50","date_gmt":"2023-10-30T14:18:50","guid":{"rendered":"https:\/\/internacional.ulpgc.es\/?page_id=9460"},"modified":"2024-12-10T09:13:07","modified_gmt":"2024-12-10T09:13:07","slug":"erasmus-europa-pas-2022-2023","status":"publish","type":"page","link":"https:\/\/internacional.ulpgc.es\/fr\/movilidad-outgoing\/pas-outgoing\/espanol-erasmus-europa-pas-2022-2023\/","title":{"rendered":"(Espa\u00f1ol) Erasmus + Europa &#8211; PAS 2022-2023"},"content":{"rendered":"<p class=\"qtranxs-available-languages-message qtranxs-available-languages-message-fr\">D\u00e9sol\u00e9, cet article est seulement disponible en <a href=\"https:\/\/internacional.ulpgc.es\/es\/wp-json\/wp\/v2\/pages\/9460\" class=\"qtranxs-available-language-link qtranxs-available-language-link-es\" title=\"Espa\u00f1ol\">Espa\u00f1ol<\/a> et <a href=\"https:\/\/internacional.ulpgc.es\/en\/wp-json\/wp\/v2\/pages\/9460\" class=\"qtranxs-available-language-link qtranxs-available-language-link-en\" title=\"English\">English<\/a>.<\/p>","protected":false},"excerpt":{"rendered":"<p>D\u00e9sol\u00e9, cet article est seulement disponible en Espa\u00f1ol.<\/p>\n","protected":false},"author":5,"featured_media":0,"parent":2719,"menu_order":0,"comment_status":"closed","ping_status":"closed","template":"","meta":{"_acf_changed":false,"footnotes":""},"categories":[148],"tags":[],"class_list":["post-9460","page","type-page","status-publish","hentry","category-pas-outgoing"],"acf":[],"_links":{"self":[{"href":"https:\/\/internacional.ulpgc.es\/fr\/wp-json\/wp\/v2\/pages\/9460","targetHints":{"allow":["GET"]}}],"collection":[{"href":"https:\/\/internacional.ulpgc.es\/fr\/wp-json\/wp\/v2\/pages"}],"about":[{"href":"https:\/\/internacional.ulpgc.es\/fr\/wp-json\/wp\/v2\/types\/page"}],"author":[{"embeddable":true,"href":"https:\/\/internacional.ulpgc.es\/fr\/wp-json\/wp\/v2\/users\/5"}],"replies":[{"embeddable":true,"href":"https:\/\/internacional.ulpgc.es\/fr\/wp-json\/wp\/v2\/comments?post=9460"}],"version-history":[{"count":6,"href":"https:\/\/internacional.ulpgc.es\/fr\/wp-json\/wp\/v2\/pages\/9460\/revisions"}],"predecessor-version":[{"id":10881,"href":"https:\/\/internacional.ulpgc.es\/fr\/wp-json\/wp\/v2\/pages\/9460\/revisions\/10881"}],"up":[{"embeddable":true,"href":"https:\/\/internacional.ulpgc.es\/fr\/wp-json\/wp\/v2\/pages\/2719"}],"wp:attachment":[{"href":"https:\/\/internacional.ulpgc.es\/fr\/wp-json\/wp\/v2\/media?parent=9460"}],"wp:term":[{"taxonomy":"category","embeddable":true,"href":"https:\/\/internacional.ulpgc.es\/fr\/wp-json\/wp\/v2\/categories?post=9460"},{"taxonomy":"post_tag","embeddable":true,"href":"https:\/\/internacional.ulpgc.es\/fr\/wp-json\/wp\/v2\/tags?post=9460"}],"curies":[{"name":"wp","href":"https:\/\/api.w.org\/{rel}","templated":true}]}}